{"id":19192,"date":"2021-06-02T12:36:50","date_gmt":"2021-06-02T18:36:50","guid":{"rendered":"https:\/\/www.ccasa.org\/?post_type=product&#038;p=19192"},"modified":"2021-06-09T14:05:04","modified_gmt":"2021-06-09T20:05:04","slug":"ascend-a-zine-for-teen-survivors-of-sexual-assault-and-friends","status":"publish","type":"product","link":"https:\/\/ccasa.org\/es\/product\/ascend-a-zine-for-teen-survivors-of-sexual-assault-and-friends\/","title":{"rendered":"Ascend: A Zine for teen survivors of sexual assault and friends"},"content":{"rendered":"","protected":false},"excerpt":{"rendered":"<p>The purpose of this zine is (1) To support you, young people who are survivors of sexual assault, as you search for resources, understanding, and a path toward healing. You are not alone. You are not to blame. You are not broken. you are not too much. If you do not know who to go to right now, this zine gives you some ideas of where you can go for understanding and support. (2) To guide you, the friends of young people who are survivors of sexual assault, as you learn the basics of how to care for someone who is hurt while also making sure that they are staying healthy. Victims of sexual assault are more likely to go to a class friend for help before they go to law enforcement, counsellors, adults, and people in authority. Thank your for being that friend. Than you for being safe. You are an important part of the healing process.<\/p>\n<p>El prop\u00f3sito de zine es (1) Darte apoyo, j\u00f3venes que son sobrevivientes de asalto sexual, que buscan recursos, comprensi\u00f3n y un camino hacia la curaci\u00f3n. T\u00fa no est\u00e1s solo. T\u00fa no tienes la culpa. T\u00fa no est\u00e1s derrotado. No eres demasiado. Si no sabes a quien acudir ahora mismo, este zine te da algunas ideas de d\u00f3nde acudir por apoyo y comprensi\u00f3n. (2) Para darte una gu\u00eda, los amigos de los j\u00f3venes quienes son sobrevivientes de asalto sexual, a medida que aprendes los conceptos de c\u00f3mo cuidar a alguien que est\u00e1 herido mientras te aseguras de que permanezcan saludables. Las victimas de asalto sexual son m\u00e1s propensos a acudir a un amigo cercano por ayuda antes que acudir a la polic\u00eda, un consejero, adultos y\/o a personas con autoridad. Gracias por ser ese amigo. Gracias por estar a salvo. T\u00fa eres una parte importante en el proceso de sanaci\u00f3n.<\/p>\n<p><strong>Downloadable File.<\/strong> <\/p>\n<p class=\"read-more-container\"><a class=\"button\" href=\"https:\/\/ccasa.org\/es\/product\/ascend-a-zine-for-teen-survivors-of-sexual-assault-and-friends\/\">Lee mas<\/a><\/p>\n","protected":false},"featured_media":19256,"template":"","meta":{"_acf_changed":false},"product_brand":[],"product_cat":[599],"product_tag":[],"class_list":{"0":"post-19192","1":"product","2":"type-product","3":"status-publish","4":"has-post-thumbnail","6":"product_cat-publications","7":"resize-featured-image","9":"first","10":"instock","11":"shipping-taxable","12":"purchasable","13":"product-type-variable"},"acf":[],"yoast_head":"<!-- This site is optimized with the Yoast SEO plugin v27.4 - https:\/\/yoast.com\/product\/yoast-seo-wordpress\/ -->\n<title>Ascend: A Zine for teen survivors of sexual assault and friends - Colorado Coalition Against Sexual Assault<\/title>\n<meta name=\"robots\" content=\"index, follow, max-snippet:-1, max-image-preview:large, max-video-preview:-1\" \/>\n<link rel=\"canonical\" href=\"https:\/\/ccasa.org\/product\/ascend-a-zine-for-teen-survivors-of-sexual-assault-and-friends\/\" \/>\n<meta property=\"og:locale\" content=\"es_ES\" \/>\n<meta property=\"og:type\" content=\"article\" \/>\n<meta property=\"og:title\" content=\"Ascend: A Zine for teen survivors of sexual assault and friends - Colorado Coalition Against Sexual Assault\" \/>\n<meta property=\"og:description\" content=\"The purpose of this zine is (1) To support you, young people who are survivors of sexual assault, as you search for resources, understanding, and a path toward healing. You are not alone. You are not to blame. You are not broken. you are not too much. If you do not know who to go to right now, this zine gives you some ideas of where you can go for understanding and support. (2) To guide you, the friends of young people who are survivors of sexual assault, as you learn the basics of how to care for someone who is hurt while also making sure that they are staying healthy. Victims of sexual assault are more likely to go to a class friend for help before they go to law enforcement, counsellors, adults, and people in authority. Thank your for being that friend. Than you for being safe. You are an important part of the healing process.  El prop\u00f3sito de zine es (1) Darte apoyo, j\u00f3venes que son sobrevivientes de asalto sexual, que buscan recursos, comprensi\u00f3n y un camino hacia la curaci\u00f3n. T\u00fa no est\u00e1s solo. T\u00fa no tienes la culpa. T\u00fa no est\u00e1s derrotado. No eres demasiado. Si no sabes a quien acudir ahora mismo, este zine te da algunas ideas de d\u00f3nde acudir por apoyo y comprensi\u00f3n. (2) Para darte una gu\u00eda, los amigos de los j\u00f3venes quienes son sobrevivientes de asalto sexual, a medida que aprendes los conceptos de c\u00f3mo cuidar a alguien que est\u00e1 herido mientras te aseguras de que permanezcan saludables. Las victimas de asalto sexual son m\u00e1s propensos a acudir a un amigo cercano por ayuda antes que acudir a la polic\u00eda, un consejero, adultos y\/o a personas con autoridad. Gracias por ser ese amigo. Gracias por estar a salvo. T\u00fa eres una parte importante en el proceso de sanaci\u00f3n.  Downloadable File. Lee mas\" \/>\n<meta property=\"og:url\" content=\"https:\/\/ccasa.org\/product\/ascend-a-zine-for-teen-survivors-of-sexual-assault-and-friends\/\" \/>\n<meta property=\"og:site_name\" content=\"Colorado Coalition Against Sexual Assault\" \/>\n<meta property=\"article:modified_time\" content=\"2021-06-09T20:05:04+00:00\" \/>\n<meta property=\"og:image\" content=\"https:\/\/ccasa.org\/wp-content\/uploads\/2021\/06\/Ascend-English-Thumbanail.jpg\" \/>\n\t<meta property=\"og:image:width\" content=\"400\" \/>\n\t<meta property=\"og:image:height\" content=\"400\" \/>\n\t<meta property=\"og:image:type\" content=\"image\/jpeg\" \/>\n<meta name=\"twitter:card\" content=\"summary_large_image\" \/>\n<script type=\"application\/ld+json\" class=\"yoast-schema-graph\">{\"@context\":\"https:\\\/\\\/schema.org\",\"@graph\":[{\"@type\":\"WebPage\",\"@id\":\"https:\\\/\\\/ccasa.org\\\/product\\\/ascend-a-zine-for-teen-survivors-of-sexual-assault-and-friends\\\/\",\"url\":\"https:\\\/\\\/ccasa.org\\\/product\\\/ascend-a-zine-for-teen-survivors-of-sexual-assault-and-friends\\\/\",\"name\":\"Ascend: A Zine for teen survivors of sexual assault and friends - Colorado Coalition Against Sexual Assault\",\"isPartOf\":{\"@id\":\"https:\\\/\\\/ccasa.org\\\/#website\"},\"primaryImageOfPage\":{\"@id\":\"https:\\\/\\\/ccasa.org\\\/product\\\/ascend-a-zine-for-teen-survivors-of-sexual-assault-and-friends\\\/#primaryimage\"},\"image\":{\"@id\":\"https:\\\/\\\/ccasa.org\\\/product\\\/ascend-a-zine-for-teen-survivors-of-sexual-assault-and-friends\\\/#primaryimage\"},\"thumbnailUrl\":\"https:\\\/\\\/ccasa.org\\\/wp-content\\\/uploads\\\/2021\\\/06\\\/Ascend-English-Thumbanail.jpg\",\"datePublished\":\"2021-06-02T18:36:50+00:00\",\"dateModified\":\"2021-06-09T20:05:04+00:00\",\"breadcrumb\":{\"@id\":\"https:\\\/\\\/ccasa.org\\\/product\\\/ascend-a-zine-for-teen-survivors-of-sexual-assault-and-friends\\\/#breadcrumb\"},\"inLanguage\":\"es\",\"potentialAction\":[{\"@type\":\"ReadAction\",\"target\":[\"https:\\\/\\\/ccasa.org\\\/product\\\/ascend-a-zine-for-teen-survivors-of-sexual-assault-and-friends\\\/\"]}]},{\"@type\":\"ImageObject\",\"inLanguage\":\"es\",\"@id\":\"https:\\\/\\\/ccasa.org\\\/product\\\/ascend-a-zine-for-teen-survivors-of-sexual-assault-and-friends\\\/#primaryimage\",\"url\":\"https:\\\/\\\/ccasa.org\\\/wp-content\\\/uploads\\\/2021\\\/06\\\/Ascend-English-Thumbanail.jpg\",\"contentUrl\":\"https:\\\/\\\/ccasa.org\\\/wp-content\\\/uploads\\\/2021\\\/06\\\/Ascend-English-Thumbanail.jpg\",\"width\":400,\"height\":400,\"caption\":\"ASCEND image\"},{\"@type\":\"BreadcrumbList\",\"@id\":\"https:\\\/\\\/ccasa.org\\\/product\\\/ascend-a-zine-for-teen-survivors-of-sexual-assault-and-friends\\\/#breadcrumb\",\"itemListElement\":[{\"@type\":\"ListItem\",\"position\":1,\"name\":\"Home\",\"item\":\"https:\\\/\\\/ccasa.org\\\/es\\\/\"},{\"@type\":\"ListItem\",\"position\":2,\"name\":\"Shop\",\"item\":\"https:\\\/\\\/ccasa.org\\\/shop\\\/\"},{\"@type\":\"ListItem\",\"position\":3,\"name\":\"Ascend: A Zine for teen survivors of sexual assault and friends\"}]},{\"@type\":\"WebSite\",\"@id\":\"https:\\\/\\\/ccasa.org\\\/#website\",\"url\":\"https:\\\/\\\/ccasa.org\\\/\",\"name\":\"Colorado Coalition Against Sexual Assault\",\"description\":\"\",\"publisher\":{\"@id\":\"https:\\\/\\\/ccasa.org\\\/#organization\"},\"potentialAction\":[{\"@type\":\"SearchAction\",\"target\":{\"@type\":\"EntryPoint\",\"urlTemplate\":\"https:\\\/\\\/ccasa.org\\\/?s={search_term_string}\"},\"query-input\":{\"@type\":\"PropertyValueSpecification\",\"valueRequired\":true,\"valueName\":\"search_term_string\"}}],\"inLanguage\":\"es\"},{\"@type\":\"Organization\",\"@id\":\"https:\\\/\\\/ccasa.org\\\/#organization\",\"name\":\"Colorado Coalition Against Sexual Assault (CCASA)\",\"url\":\"https:\\\/\\\/ccasa.org\\\/\",\"logo\":{\"@type\":\"ImageObject\",\"inLanguage\":\"es\",\"@id\":\"https:\\\/\\\/ccasa.org\\\/#\\\/schema\\\/logo\\\/image\\\/\",\"url\":\"https:\\\/\\\/www.ccasa.org\\\/wp-content\\\/uploads\\\/2018\\\/05\\\/ccasa-logo-large_png.png\",\"contentUrl\":\"https:\\\/\\\/www.ccasa.org\\\/wp-content\\\/uploads\\\/2018\\\/05\\\/ccasa-logo-large_png.png\",\"width\":1920,\"height\":1080,\"caption\":\"Colorado Coalition Against Sexual Assault (CCASA)\"},\"image\":{\"@id\":\"https:\\\/\\\/ccasa.org\\\/#\\\/schema\\\/logo\\\/image\\\/\"}}]}<\/script>\n<!-- \/ Yoast SEO plugin. -->","yoast_head_json":{"title":"Ascend: A Zine for teen survivors of sexual assault and friends - Colorado Coalition Against Sexual Assault","robots":{"index":"index","follow":"follow","max-snippet":"max-snippet:-1","max-image-preview":"max-image-preview:large","max-video-preview":"max-video-preview:-1"},"canonical":"https:\/\/ccasa.org\/product\/ascend-a-zine-for-teen-survivors-of-sexual-assault-and-friends\/","og_locale":"es_ES","og_type":"article","og_title":"Ascend: A Zine for teen survivors of sexual assault and friends - Colorado Coalition Against Sexual Assault","og_description":"The purpose of this zine is (1) To support you, young people who are survivors of sexual assault, as you search for resources, understanding, and a path toward healing. You are not alone. You are not to blame. You are not broken. you are not too much. If you do not know who to go to right now, this zine gives you some ideas of where you can go for understanding and support. (2) To guide you, the friends of young people who are survivors of sexual assault, as you learn the basics of how to care for someone who is hurt while also making sure that they are staying healthy. Victims of sexual assault are more likely to go to a class friend for help before they go to law enforcement, counsellors, adults, and people in authority. Thank your for being that friend. Than you for being safe. You are an important part of the healing process.  El prop\u00f3sito de zine es (1) Darte apoyo, j\u00f3venes que son sobrevivientes de asalto sexual, que buscan recursos, comprensi\u00f3n y un camino hacia la curaci\u00f3n. T\u00fa no est\u00e1s solo. T\u00fa no tienes la culpa. T\u00fa no est\u00e1s derrotado. No eres demasiado. Si no sabes a quien acudir ahora mismo, este zine te da algunas ideas de d\u00f3nde acudir por apoyo y comprensi\u00f3n. (2) Para darte una gu\u00eda, los amigos de los j\u00f3venes quienes son sobrevivientes de asalto sexual, a medida que aprendes los conceptos de c\u00f3mo cuidar a alguien que est\u00e1 herido mientras te aseguras de que permanezcan saludables. Las victimas de asalto sexual son m\u00e1s propensos a acudir a un amigo cercano por ayuda antes que acudir a la polic\u00eda, un consejero, adultos y\/o a personas con autoridad. Gracias por ser ese amigo. Gracias por estar a salvo. T\u00fa eres una parte importante en el proceso de sanaci\u00f3n.  Downloadable File. Lee mas","og_url":"https:\/\/ccasa.org\/product\/ascend-a-zine-for-teen-survivors-of-sexual-assault-and-friends\/","og_site_name":"Colorado Coalition Against Sexual Assault","article_modified_time":"2021-06-09T20:05:04+00:00","og_image":[{"width":400,"height":400,"url":"https:\/\/ccasa.org\/wp-content\/uploads\/2021\/06\/Ascend-English-Thumbanail.jpg","type":"image\/jpeg"}],"twitter_card":"summary_large_image","schema":{"@context":"https:\/\/schema.org","@graph":[{"@type":"WebPage","@id":"https:\/\/ccasa.org\/product\/ascend-a-zine-for-teen-survivors-of-sexual-assault-and-friends\/","url":"https:\/\/ccasa.org\/product\/ascend-a-zine-for-teen-survivors-of-sexual-assault-and-friends\/","name":"Ascend: A Zine for teen survivors of sexual assault and friends - Colorado Coalition Against Sexual Assault","isPartOf":{"@id":"https:\/\/ccasa.org\/#website"},"primaryImageOfPage":{"@id":"https:\/\/ccasa.org\/product\/ascend-a-zine-for-teen-survivors-of-sexual-assault-and-friends\/#primaryimage"},"image":{"@id":"https:\/\/ccasa.org\/product\/ascend-a-zine-for-teen-survivors-of-sexual-assault-and-friends\/#primaryimage"},"thumbnailUrl":"https:\/\/ccasa.org\/wp-content\/uploads\/2021\/06\/Ascend-English-Thumbanail.jpg","datePublished":"2021-06-02T18:36:50+00:00","dateModified":"2021-06-09T20:05:04+00:00","breadcrumb":{"@id":"https:\/\/ccasa.org\/product\/ascend-a-zine-for-teen-survivors-of-sexual-assault-and-friends\/#breadcrumb"},"inLanguage":"es","potentialAction":[{"@type":"ReadAction","target":["https:\/\/ccasa.org\/product\/ascend-a-zine-for-teen-survivors-of-sexual-assault-and-friends\/"]}]},{"@type":"ImageObject","inLanguage":"es","@id":"https:\/\/ccasa.org\/product\/ascend-a-zine-for-teen-survivors-of-sexual-assault-and-friends\/#primaryimage","url":"https:\/\/ccasa.org\/wp-content\/uploads\/2021\/06\/Ascend-English-Thumbanail.jpg","contentUrl":"https:\/\/ccasa.org\/wp-content\/uploads\/2021\/06\/Ascend-English-Thumbanail.jpg","width":400,"height":400,"caption":"ASCEND image"},{"@type":"BreadcrumbList","@id":"https:\/\/ccasa.org\/product\/ascend-a-zine-for-teen-survivors-of-sexual-assault-and-friends\/#breadcrumb","itemListElement":[{"@type":"ListItem","position":1,"name":"Home","item":"https:\/\/ccasa.org\/es\/"},{"@type":"ListItem","position":2,"name":"Shop","item":"https:\/\/ccasa.org\/shop\/"},{"@type":"ListItem","position":3,"name":"Ascend: A Zine for teen survivors of sexual assault and friends"}]},{"@type":"WebSite","@id":"https:\/\/ccasa.org\/#website","url":"https:\/\/ccasa.org\/","name":"Colorado Coalition Against Sexual Assault","description":"","publisher":{"@id":"https:\/\/ccasa.org\/#organization"},"potentialAction":[{"@type":"SearchAction","target":{"@type":"EntryPoint","urlTemplate":"https:\/\/ccasa.org\/?s={search_term_string}"},"query-input":{"@type":"PropertyValueSpecification","valueRequired":true,"valueName":"search_term_string"}}],"inLanguage":"es"},{"@type":"Organization","@id":"https:\/\/ccasa.org\/#organization","name":"Colorado Coalition Against Sexual Assault (CCASA)","url":"https:\/\/ccasa.org\/","logo":{"@type":"ImageObject","inLanguage":"es","@id":"https:\/\/ccasa.org\/#\/schema\/logo\/image\/","url":"https:\/\/www.ccasa.org\/wp-content\/uploads\/2018\/05\/ccasa-logo-large_png.png","contentUrl":"https:\/\/www.ccasa.org\/wp-content\/uploads\/2018\/05\/ccasa-logo-large_png.png","width":1920,"height":1080,"caption":"Colorado Coalition Against Sexual Assault (CCASA)"},"image":{"@id":"https:\/\/ccasa.org\/#\/schema\/logo\/image\/"}}]}},"_links":{"self":[{"href":"https:\/\/ccasa.org\/es\/wp-json\/wp\/v2\/product\/19192","targetHints":{"allow":["GET"]}}],"collection":[{"href":"https:\/\/ccasa.org\/es\/wp-json\/wp\/v2\/product"}],"about":[{"href":"https:\/\/ccasa.org\/es\/wp-json\/wp\/v2\/types\/product"}],"wp:featuredmedia":[{"embeddable":true,"href":"https:\/\/ccasa.org\/es\/wp-json\/wp\/v2\/media\/19256"}],"wp:attachment":[{"href":"https:\/\/ccasa.org\/es\/wp-json\/wp\/v2\/media?parent=19192"}],"wp:term":[{"taxonomy":"product_brand","embeddable":true,"href":"https:\/\/ccasa.org\/es\/wp-json\/wp\/v2\/product_brand?post=19192"},{"taxonomy":"product_cat","embeddable":true,"href":"https:\/\/ccasa.org\/es\/wp-json\/wp\/v2\/product_cat?post=19192"},{"taxonomy":"product_tag","embeddable":true,"href":"https:\/\/ccasa.org\/es\/wp-json\/wp\/v2\/product_tag?post=19192"}],"curies":[{"name":"wp","href":"https:\/\/api.w.org\/{rel}","templated":true}]}}