{"id":19168,"date":"2021-06-02T12:11:56","date_gmt":"2021-06-02T18:11:56","guid":{"rendered":"https:\/\/www.ccasa.org\/?post_type=product&#038;p=19168"},"modified":"2025-07-24T09:12:12","modified_gmt":"2025-07-24T15:12:12","slug":"toward-healing-and-justice","status":"publish","type":"product","link":"https:\/\/ccasa.org\/es\/product\/toward-healing-and-justice\/","title":{"rendered":"Toward Healing and Justice &#8211; Survivor Handbook"},"content":{"rendered":"<p>&nbsp;<\/p>\n<div id=\"tango-capture-box\" style=\"--tango-capture-box-background-color: transparent; --tango-capture-box-color: #2e9ac8; display: none !important; transform: translate3d(10px, 26px, 0px); width: 953px; height: 24px;\"><\/div>\n","protected":false},"excerpt":{"rendered":"<p>This handbook is dedicated to survivors of sexual violence. It is designed to provide general information and is not intended to give advice on specific medical, legal, or emotional situations. Every individual, every case, and every local region will have unique differences.<\/p>\n<p>Este manual est\u00e1 dedicado a los sobrevivientes de la violencia sexual. Su fin es ofrecer informaci\u00f3n general y no intenta dar asesoramiento sobre situaciones m\u00e9dicas, legales o emocionales espec\u00edficas. Cada persona, cada caso y cada regi\u00f3n tienen sus propias diferencias.<\/p>\n<div class=\"woo-extra-box\"><strong>Choose from Downloadable File or Hardcopy.<\/strong><br \/>\nFor Hardcopies, quantities of 1 \u2013 9 are $4.00 each, and quantities of 10 or more (bundles) are $3.00 each.<\/div>\n<p><strong>Note: This publication is free to CCASA members. Please use the coupon code given to CCASA members at checkout.<\/strong><\/p>\n<div id=\"tango-capture-box\" style=\"--tango-capture-box-background-color: transparent; --tango-capture-box-color: #2e9ac8;\"><\/div>\n<p class=\"read-more-container\"><a class=\"button\" href=\"https:\/\/ccasa.org\/es\/product\/toward-healing-and-justice\/\">Lee mas<\/a><\/p>\n","protected":false},"featured_media":19268,"template":"","meta":{"_acf_changed":false},"product_brand":[],"product_cat":[610],"product_tag":[],"class_list":{"0":"post-19168","1":"product","2":"type-product","3":"status-publish","4":"has-post-thumbnail","6":"product_cat-handbook","7":"resize-featured-image","9":"first","10":"instock","11":"shipping-taxable","12":"purchasable","13":"product-type-variable"},"acf":[],"yoast_head":"<!-- This site is optimized with the Yoast SEO plugin v27.5 - https:\/\/yoast.com\/product\/yoast-seo-wordpress\/ -->\n<title>Toward Healing and Justice - Survivor Handbook - Colorado Coalition Against Sexual Assault<\/title>\n<meta name=\"robots\" content=\"index, follow, max-snippet:-1, max-image-preview:large, max-video-preview:-1\" \/>\n<link rel=\"canonical\" href=\"https:\/\/ccasa.org\/es\/product\/toward-healing-and-justice\/\" \/>\n<meta property=\"og:locale\" content=\"es_ES\" \/>\n<meta property=\"og:type\" content=\"article\" \/>\n<meta property=\"og:title\" content=\"Toward Healing and Justice - Survivor Handbook - Colorado Coalition Against Sexual Assault\" \/>\n<meta property=\"og:description\" content=\"This handbook is dedicated to survivors of sexual violence. It is designed to provide general information and is not intended to give advice on specific medical, legal, or emotional situations. Every individual, every case, and every local region will have unique differences.  Este manual est\u00e1 dedicado a los sobrevivientes de la violencia sexual. Su fin es ofrecer informaci\u00f3n general y no intenta dar asesoramiento sobre situaciones m\u00e9dicas, legales o emocionales espec\u00edficas. Cada persona, cada caso y cada regi\u00f3n tienen sus propias diferencias. Choose from Downloadable File or Hardcopy. For Hardcopies, quantities of 1 \u2013 9 are $4.00 each, and quantities of 10 or more (bundles) are $3.00 each. Note: This publication is free to CCASA members. Please use the coupon code given to CCASA members at checkout.  Lee mas\" \/>\n<meta property=\"og:url\" content=\"https:\/\/ccasa.org\/es\/product\/toward-healing-and-justice\/\" \/>\n<meta property=\"og:site_name\" content=\"Colorado Coalition Against Sexual Assault\" \/>\n<meta property=\"article:modified_time\" content=\"2025-07-24T15:12:12+00:00\" \/>\n<meta property=\"og:image\" content=\"https:\/\/ccasa.org\/wp-content\/uploads\/2021\/06\/CCASA-Survivor-Toolkit-English-Thumbanail-1.jpg\" \/>\n\t<meta property=\"og:image:width\" content=\"400\" \/>\n\t<meta property=\"og:image:height\" content=\"400\" \/>\n\t<meta property=\"og:image:type\" content=\"image\/jpeg\" \/>\n<meta name=\"twitter:card\" content=\"summary_large_image\" \/>\n<meta name=\"twitter:label1\" content=\"Tiempo de lectura\" \/>\n\t<meta name=\"twitter:data1\" content=\"1 minuto\" \/>\n<script type=\"application\/ld+json\" class=\"yoast-schema-graph\">{\"@context\":\"https:\\\/\\\/schema.org\",\"@graph\":[{\"@type\":\"WebPage\",\"@id\":\"https:\\\/\\\/ccasa.org\\\/es\\\/product\\\/toward-healing-and-justice\\\/\",\"url\":\"https:\\\/\\\/ccasa.org\\\/es\\\/product\\\/toward-healing-and-justice\\\/\",\"name\":\"Toward Healing and Justice - Survivor Handbook - Colorado Coalition Against Sexual Assault\",\"isPartOf\":{\"@id\":\"https:\\\/\\\/ccasa.org\\\/#website\"},\"primaryImageOfPage\":{\"@id\":\"https:\\\/\\\/ccasa.org\\\/es\\\/product\\\/toward-healing-and-justice\\\/#primaryimage\"},\"image\":{\"@id\":\"https:\\\/\\\/ccasa.org\\\/es\\\/product\\\/toward-healing-and-justice\\\/#primaryimage\"},\"thumbnailUrl\":\"https:\\\/\\\/ccasa.org\\\/wp-content\\\/uploads\\\/2021\\\/06\\\/CCASA-Survivor-Toolkit-English-Thumbanail-1.jpg\",\"datePublished\":\"2021-06-02T18:11:56+00:00\",\"dateModified\":\"2025-07-24T15:12:12+00:00\",\"breadcrumb\":{\"@id\":\"https:\\\/\\\/ccasa.org\\\/es\\\/product\\\/toward-healing-and-justice\\\/#breadcrumb\"},\"inLanguage\":\"es\",\"potentialAction\":[{\"@type\":\"ReadAction\",\"target\":[\"https:\\\/\\\/ccasa.org\\\/es\\\/product\\\/toward-healing-and-justice\\\/\"]}]},{\"@type\":\"ImageObject\",\"inLanguage\":\"es\",\"@id\":\"https:\\\/\\\/ccasa.org\\\/es\\\/product\\\/toward-healing-and-justice\\\/#primaryimage\",\"url\":\"https:\\\/\\\/ccasa.org\\\/wp-content\\\/uploads\\\/2021\\\/06\\\/CCASA-Survivor-Toolkit-English-Thumbanail-1.jpg\",\"contentUrl\":\"https:\\\/\\\/ccasa.org\\\/wp-content\\\/uploads\\\/2021\\\/06\\\/CCASA-Survivor-Toolkit-English-Thumbanail-1.jpg\",\"width\":400,\"height\":400,\"caption\":\"Survivor Handbook Image\"},{\"@type\":\"BreadcrumbList\",\"@id\":\"https:\\\/\\\/ccasa.org\\\/es\\\/product\\\/toward-healing-and-justice\\\/#breadcrumb\",\"itemListElement\":[{\"@type\":\"ListItem\",\"position\":1,\"name\":\"Home\",\"item\":\"https:\\\/\\\/ccasa.org\\\/es\\\/\"},{\"@type\":\"ListItem\",\"position\":2,\"name\":\"Shop\",\"item\":\"https:\\\/\\\/ccasa.org\\\/shop\\\/\"},{\"@type\":\"ListItem\",\"position\":3,\"name\":\"Toward Healing and Justice &#8211; Survivor Handbook\"}]},{\"@type\":\"WebSite\",\"@id\":\"https:\\\/\\\/ccasa.org\\\/#website\",\"url\":\"https:\\\/\\\/ccasa.org\\\/\",\"name\":\"Colorado Coalition Against Sexual Assault\",\"description\":\"\",\"publisher\":{\"@id\":\"https:\\\/\\\/ccasa.org\\\/#organization\"},\"potentialAction\":[{\"@type\":\"SearchAction\",\"target\":{\"@type\":\"EntryPoint\",\"urlTemplate\":\"https:\\\/\\\/ccasa.org\\\/?s={search_term_string}\"},\"query-input\":{\"@type\":\"PropertyValueSpecification\",\"valueRequired\":true,\"valueName\":\"search_term_string\"}}],\"inLanguage\":\"es\"},{\"@type\":\"Organization\",\"@id\":\"https:\\\/\\\/ccasa.org\\\/#organization\",\"name\":\"Colorado Coalition Against Sexual Assault (CCASA)\",\"url\":\"https:\\\/\\\/ccasa.org\\\/\",\"logo\":{\"@type\":\"ImageObject\",\"inLanguage\":\"es\",\"@id\":\"https:\\\/\\\/ccasa.org\\\/#\\\/schema\\\/logo\\\/image\\\/\",\"url\":\"https:\\\/\\\/www.ccasa.org\\\/wp-content\\\/uploads\\\/2018\\\/05\\\/ccasa-logo-large_png.png\",\"contentUrl\":\"https:\\\/\\\/www.ccasa.org\\\/wp-content\\\/uploads\\\/2018\\\/05\\\/ccasa-logo-large_png.png\",\"width\":1920,\"height\":1080,\"caption\":\"Colorado Coalition Against Sexual Assault (CCASA)\"},\"image\":{\"@id\":\"https:\\\/\\\/ccasa.org\\\/#\\\/schema\\\/logo\\\/image\\\/\"}}]}<\/script>\n<!-- \/ Yoast SEO plugin. -->","yoast_head_json":{"title":"Toward Healing and Justice - Survivor Handbook - Colorado Coalition Against Sexual Assault","robots":{"index":"index","follow":"follow","max-snippet":"max-snippet:-1","max-image-preview":"max-image-preview:large","max-video-preview":"max-video-preview:-1"},"canonical":"https:\/\/ccasa.org\/es\/product\/toward-healing-and-justice\/","og_locale":"es_ES","og_type":"article","og_title":"Toward Healing and Justice - Survivor Handbook - Colorado Coalition Against Sexual Assault","og_description":"This handbook is dedicated to survivors of sexual violence. It is designed to provide general information and is not intended to give advice on specific medical, legal, or emotional situations. Every individual, every case, and every local region will have unique differences.  Este manual est\u00e1 dedicado a los sobrevivientes de la violencia sexual. Su fin es ofrecer informaci\u00f3n general y no intenta dar asesoramiento sobre situaciones m\u00e9dicas, legales o emocionales espec\u00edficas. Cada persona, cada caso y cada regi\u00f3n tienen sus propias diferencias. Choose from Downloadable File or Hardcopy. For Hardcopies, quantities of 1 \u2013 9 are $4.00 each, and quantities of 10 or more (bundles) are $3.00 each. Note: This publication is free to CCASA members. Please use the coupon code given to CCASA members at checkout.  Lee mas","og_url":"https:\/\/ccasa.org\/es\/product\/toward-healing-and-justice\/","og_site_name":"Colorado Coalition Against Sexual Assault","article_modified_time":"2025-07-24T15:12:12+00:00","og_image":[{"width":400,"height":400,"url":"https:\/\/ccasa.org\/wp-content\/uploads\/2021\/06\/CCASA-Survivor-Toolkit-English-Thumbanail-1.jpg","type":"image\/jpeg"}],"twitter_card":"summary_large_image","twitter_misc":{"Tiempo de lectura":"1 minuto"},"schema":{"@context":"https:\/\/schema.org","@graph":[{"@type":"WebPage","@id":"https:\/\/ccasa.org\/es\/product\/toward-healing-and-justice\/","url":"https:\/\/ccasa.org\/es\/product\/toward-healing-and-justice\/","name":"Toward Healing and Justice - Survivor Handbook - Colorado Coalition Against Sexual Assault","isPartOf":{"@id":"https:\/\/ccasa.org\/#website"},"primaryImageOfPage":{"@id":"https:\/\/ccasa.org\/es\/product\/toward-healing-and-justice\/#primaryimage"},"image":{"@id":"https:\/\/ccasa.org\/es\/product\/toward-healing-and-justice\/#primaryimage"},"thumbnailUrl":"https:\/\/ccasa.org\/wp-content\/uploads\/2021\/06\/CCASA-Survivor-Toolkit-English-Thumbanail-1.jpg","datePublished":"2021-06-02T18:11:56+00:00","dateModified":"2025-07-24T15:12:12+00:00","breadcrumb":{"@id":"https:\/\/ccasa.org\/es\/product\/toward-healing-and-justice\/#breadcrumb"},"inLanguage":"es","potentialAction":[{"@type":"ReadAction","target":["https:\/\/ccasa.org\/es\/product\/toward-healing-and-justice\/"]}]},{"@type":"ImageObject","inLanguage":"es","@id":"https:\/\/ccasa.org\/es\/product\/toward-healing-and-justice\/#primaryimage","url":"https:\/\/ccasa.org\/wp-content\/uploads\/2021\/06\/CCASA-Survivor-Toolkit-English-Thumbanail-1.jpg","contentUrl":"https:\/\/ccasa.org\/wp-content\/uploads\/2021\/06\/CCASA-Survivor-Toolkit-English-Thumbanail-1.jpg","width":400,"height":400,"caption":"Survivor Handbook Image"},{"@type":"BreadcrumbList","@id":"https:\/\/ccasa.org\/es\/product\/toward-healing-and-justice\/#breadcrumb","itemListElement":[{"@type":"ListItem","position":1,"name":"Home","item":"https:\/\/ccasa.org\/es\/"},{"@type":"ListItem","position":2,"name":"Shop","item":"https:\/\/ccasa.org\/shop\/"},{"@type":"ListItem","position":3,"name":"Toward Healing and Justice &#8211; Survivor Handbook"}]},{"@type":"WebSite","@id":"https:\/\/ccasa.org\/#website","url":"https:\/\/ccasa.org\/","name":"Colorado Coalition Against Sexual Assault","description":"","publisher":{"@id":"https:\/\/ccasa.org\/#organization"},"potentialAction":[{"@type":"SearchAction","target":{"@type":"EntryPoint","urlTemplate":"https:\/\/ccasa.org\/?s={search_term_string}"},"query-input":{"@type":"PropertyValueSpecification","valueRequired":true,"valueName":"search_term_string"}}],"inLanguage":"es"},{"@type":"Organization","@id":"https:\/\/ccasa.org\/#organization","name":"Colorado Coalition Against Sexual Assault (CCASA)","url":"https:\/\/ccasa.org\/","logo":{"@type":"ImageObject","inLanguage":"es","@id":"https:\/\/ccasa.org\/#\/schema\/logo\/image\/","url":"https:\/\/www.ccasa.org\/wp-content\/uploads\/2018\/05\/ccasa-logo-large_png.png","contentUrl":"https:\/\/www.ccasa.org\/wp-content\/uploads\/2018\/05\/ccasa-logo-large_png.png","width":1920,"height":1080,"caption":"Colorado Coalition Against Sexual Assault (CCASA)"},"image":{"@id":"https:\/\/ccasa.org\/#\/schema\/logo\/image\/"}}]}},"_links":{"self":[{"href":"https:\/\/ccasa.org\/es\/wp-json\/wp\/v2\/product\/19168","targetHints":{"allow":["GET"]}}],"collection":[{"href":"https:\/\/ccasa.org\/es\/wp-json\/wp\/v2\/product"}],"about":[{"href":"https:\/\/ccasa.org\/es\/wp-json\/wp\/v2\/types\/product"}],"wp:featuredmedia":[{"embeddable":true,"href":"https:\/\/ccasa.org\/es\/wp-json\/wp\/v2\/media\/19268"}],"wp:attachment":[{"href":"https:\/\/ccasa.org\/es\/wp-json\/wp\/v2\/media?parent=19168"}],"wp:term":[{"taxonomy":"product_brand","embeddable":true,"href":"https:\/\/ccasa.org\/es\/wp-json\/wp\/v2\/product_brand?post=19168"},{"taxonomy":"product_cat","embeddable":true,"href":"https:\/\/ccasa.org\/es\/wp-json\/wp\/v2\/product_cat?post=19168"},{"taxonomy":"product_tag","embeddable":true,"href":"https:\/\/ccasa.org\/es\/wp-json\/wp\/v2\/product_tag?post=19168"}],"curies":[{"name":"wp","href":"https:\/\/api.w.org\/{rel}","templated":true}]}}