{"id":18488,"date":"2020-02-28T09:12:57","date_gmt":"2020-02-28T16:12:57","guid":{"rendered":"https:\/\/www.ccasa.org\/privacy-policy\/"},"modified":"2021-02-23T15:18:55","modified_gmt":"2021-02-23T22:18:55","slug":"poliza-de-privacidad","status":"publish","type":"page","link":"https:\/\/ccasa.org\/es\/poliza-de-privacidad\/","title":{"rendered":"P\u00d3LIZA DE PRIVACIDAD"},"content":{"rendered":"<div class=\"wpb-content-wrapper\"><p>[vc_row css=\u00bb.vc_custom_1612568246772{margin-top: 150px !important;}\u00bb][vc_column][vc_column_text]La Coalici\u00f3n de Colorado contra la Agresi\u00f3n Sexual (CCASA) le da una alta prioridad a la protecci\u00f3n de su privacidad. Esta p\u00f3liza de privacidad fue creada para demostrar el firme compromiso de CCASA con la privacidad de nuestros miembros y usuarios del sitio web. Esta p\u00f3liza\u00a0 explica qu\u00e9 tipo de informaci\u00f3n recopila el sitio web de CCASA, www.ccasa.org, y c\u00f3mo se utiliza esta informaci\u00f3n.<\/p>\n<p>&nbsp;<\/p>\n<h2>QU\u00c9 INFORMACI\u00d3N PERSONAL IDENTIFICABLE SE RECOPILA<\/h2>\n<p>Los miembros de CCASA que se registran a nuestro sitio web y las personas que se registran para recibir comunicaciones electr\u00f3nicas de CCASA nos proporcionan voluntariamente informaci\u00f3n de contacto (como nombre y direcci\u00f3n de correo electr\u00f3nico). Podemos utilizar esta informaci\u00f3n para fines espec\u00edficos y limitados. Siempre puede \u00aboptar por no participar\u00bb, ya sea ahora o en cualquier momento en el futuro, si no desea recibir nuestros mensajes.<\/p>\n<h2>DIRECCIONES IP<\/h2>\n<p>CCASA utiliza tu direcci\u00f3n IP para ayudar a diagnosticar problemas con nuestro servidor de internet, para administrar nuestro sitio web y para las m\u00e9tricas estad\u00edsticas utilizadas para rastrear el tr\u00e1fico de visitantes de nuestro sitio web.<\/p>\n<p>&nbsp;<\/p>\n<h3><strong>\u00bfQu\u00e9 es una direcci\u00f3n IP?<\/strong><\/h3>\n<p>Lo primero que debes saber es qu\u00e9 significa IP: son las iniciales de Internet Protocol, que traducido al espa\u00f1ol lo podemos llamar como Protocolo de Internet. En otras palabras, es el sistema est\u00e1ndar mediante el cual\u00a0<a href=\"https:\/\/www.hostgator.mx\/blog\/como-funciona-internet\/\">funciona la internet<\/a>, por medio de un proceso de env\u00edo y recepci\u00f3n de informaci\u00f3n.<\/p>\n<p>Una direcci\u00f3n IP es un conjunto de n\u00fameros, \u00fanicos e irrepetibles, que identifica a un dispositivo con la capacidad de conectarse a internet, ya sea una computadora, tableta, celular, o incluso dispositivos inteligentes preparados para IoT.<\/p>\n<h2>\u201cCOOKIES\u201dDE LA INTERNET O TU NAVEGADOR<\/h2>\n<p>CCASA utiliza mensajes de \u00abcookies\u00bb para ayudar autom\u00e1ticamente a proporcionar mejores servicios. Nos recuerdan qui\u00e9n es usted y sus preferencias para nuestro sitio web en funci\u00f3n de lo que ha hecho y nos ha dicho antes. La \u00abcookie\u00bb se coloca en su computadora y se lee cuando regresa a nuestro sitio web. Las cookies nos permiten llevarlo a la informaci\u00f3n y las funciones que le interesan particularmente. Tambi\u00e9n nos permiten rastrear su uso de nuestro sitio web, para que sepamos qu\u00e9 partes de nuestros sitios son m\u00e1s populares. Puede rechazar las cookies o cancelarlas instruyendo a su navegador de web respectivamente.<\/p>\n<h3>\u00bfQu\u00e9 son las cookies?<\/h3>\n<p>Una cookie es un archivo creado por un sitio web que contiene peque\u00f1as cantidades de datos y que se env\u00edan entre un emisor y un receptor. En el caso de Internet el emisor ser\u00eda el servidor donde est\u00e1 alojada la p\u00e1gina web y el receptor es el navegador que usas para visitar cualquier p\u00e1gina web.<\/p>\n<p>Su prop\u00f3sito principal es identificar al usuario almacenando su historial de actividad en un sitio web espec\u00edfico, de manera que se le pueda ofrecer el contenido m\u00e1s apropiado seg\u00fan sus h\u00e1bitos.<\/p>\n<h2>\u00a0<strong>C\u00d3MO SE PUEDE UTILIZAR SU INFORMACI\u00d3N<\/strong><\/h2>\n<p>Usamos su informaci\u00f3n personal para brindarle un servicio personalizado; para enviarle alertas por correo electr\u00f3nico; para responder a sus solicitudes; para procesar su solicitud de membres\u00eda; etc. Puede optar por no participar en cualquier momento, lo que cesar\u00e1 todas nuestras comunicaciones. Tambi\u00e9n podemos utilizar su informaci\u00f3n para rastrear a los visitantes de nuestro sitio web. Esto nos permite ver cu\u00e1les de nuestras funciones son las m\u00e1s populares para que podamos atender mejor las necesidades de nuestros usuarios. Tambi\u00e9n nos permite proporcionar datos agregados sobre nuestro tr\u00e1fico (sin identificarlo personalmente, pero mostrando cu\u00e1ntos visitantes usaron qu\u00e9 funciones, por ejemplo) a terceros.<\/p>\n<h2><strong>PRIVACIDAD DEL CORREO ELECTR\u00d3NICO<\/strong><\/h2>\n<p>CCASA no proporciona, vende ni alquila direcciones de correo electr\u00f3nico a nadie fuera de la organizaci\u00f3n.<\/p>\n<h2><strong>ENLACES EXTERNOS<\/strong><\/h2>\n<p>Nuestro sitio web incluye enlaces a sitios web externos. Estos enlaces no pertenecen al dominio de CCASA por lo tanto no somos responsables de las pr\u00e1cticas de privacidad ni del contenido de sitios web externos. Su uso de cualquier sitio web vinculado a nuestro sitio web es bajo su propia decisi\u00f3n y riesgo.<\/p>\n<h2><strong>MODIFICACIONES<\/strong><\/h2>\n<p>Podemos modificar esta p\u00f3liza de privacidad de vez en cuando; rev\u00edselo peri\u00f3dicamente. Mantenemos la opci\u00f3n de modificar esta privacidad en cualquier momento mediante un aviso electr\u00f3nico publicado en nuestro sitio web. El uso continuo de nuestro sitio web despu\u00e9s de la fecha en que se publiquen dichos avisos se considerar\u00e1 como su aceptaci\u00f3n de los t\u00e9rminos modificados.[\/vc_column_text][\/vc_column][\/vc_row]<\/p>\n<\/div>","protected":false},"excerpt":{"rendered":"<p>[vc_row css=\u00bb.vc_custom_1612568246772{margin-top: 150px !important;}\u00bb][vc_column][vc_column_text]La Coalici\u00f3n de Colorado contra la Agresi\u00f3n Sexual (CCASA) le da una alta prioridad a la protecci\u00f3n de su privacidad. Esta p\u00f3liza &#8230; <\/p>\n<p class=\"read-more-container\"><a title=\"P\u00d3LIZA DE PRIVACIDAD\" class=\"read-more button\" href=\"https:\/\/ccasa.org\/es\/poliza-de-privacidad\/#more-18488\" aria-label=\"Leer m\u00e1s sobre P\u00d3LIZA DE PRIVACIDAD\">Leer m\u00e1s<\/a><\/p>\n","protected":false},"author":1,"featured_media":17007,"parent":0,"menu_order":0,"comment_status":"closed","ping_status":"closed","template":"","meta":{"_acf_changed":false,"footnotes":""},"class_list":{"0":"post-18488","1":"page","2":"type-page","3":"status-publish","4":"has-post-thumbnail","6":"resize-featured-image"},"acf":[],"yoast_head":"<!-- This site is optimized with the Yoast SEO plugin v27.4 - https:\/\/yoast.com\/product\/yoast-seo-wordpress\/ -->\n<title>P\u00d3LIZA DE PRIVACIDAD - Colorado Coalition Against Sexual Assault<\/title>\n<meta name=\"description\" content=\"The Colorado Coalition Against Sexual Assault serves as the collective voice of rape crisis centers and other advocates in Colorado.\" \/>\n<meta name=\"robots\" content=\"index, follow, max-snippet:-1, max-image-preview:large, max-video-preview:-1\" \/>\n<link rel=\"canonical\" href=\"https:\/\/ccasa.org\/es\/poliza-de-privacidad\/\" \/>\n<meta property=\"og:locale\" content=\"es_ES\" \/>\n<meta property=\"og:type\" content=\"article\" \/>\n<meta property=\"og:title\" content=\"P\u00d3LIZA DE PRIVACIDAD - Colorado Coalition Against Sexual Assault\" \/>\n<meta property=\"og:description\" content=\"The Colorado Coalition Against Sexual Assault serves as the collective voice of rape crisis centers and other advocates in Colorado.\" \/>\n<meta property=\"og:url\" content=\"https:\/\/ccasa.org\/es\/poliza-de-privacidad\/\" \/>\n<meta property=\"og:site_name\" content=\"Colorado Coalition Against Sexual Assault\" \/>\n<meta property=\"article:modified_time\" content=\"2021-02-23T22:18:55+00:00\" \/>\n<meta property=\"og:image\" content=\"https:\/\/ccasa.org\/wp-content\/uploads\/2021\/01\/default-blog-image-2.jpg\" \/>\n\t<meta property=\"og:image:width\" content=\"845\" \/>\n\t<meta property=\"og:image:height\" content=\"400\" \/>\n\t<meta property=\"og:image:type\" content=\"image\/jpeg\" \/>\n<meta name=\"twitter:card\" content=\"summary_large_image\" \/>\n<meta name=\"twitter:label1\" content=\"Tiempo de lectura\" \/>\n\t<meta name=\"twitter:data1\" content=\"4 minutos\" \/>\n<script type=\"application\/ld+json\" class=\"yoast-schema-graph\">{\"@context\":\"https:\\\/\\\/schema.org\",\"@graph\":[{\"@type\":\"WebPage\",\"@id\":\"https:\\\/\\\/ccasa.org\\\/es\\\/poliza-de-privacidad\\\/\",\"url\":\"https:\\\/\\\/ccasa.org\\\/es\\\/poliza-de-privacidad\\\/\",\"name\":\"P\u00d3LIZA DE PRIVACIDAD - Colorado Coalition Against Sexual Assault\",\"isPartOf\":{\"@id\":\"https:\\\/\\\/ccasa.org\\\/#website\"},\"primaryImageOfPage\":{\"@id\":\"https:\\\/\\\/ccasa.org\\\/es\\\/poliza-de-privacidad\\\/#primaryimage\"},\"image\":{\"@id\":\"https:\\\/\\\/ccasa.org\\\/es\\\/poliza-de-privacidad\\\/#primaryimage\"},\"thumbnailUrl\":\"https:\\\/\\\/ccasa.org\\\/wp-content\\\/uploads\\\/2021\\\/01\\\/default-blog-image-2.jpg\",\"datePublished\":\"2020-02-28T16:12:57+00:00\",\"dateModified\":\"2021-02-23T22:18:55+00:00\",\"description\":\"The Colorado Coalition Against Sexual Assault serves as the collective voice of rape crisis centers and other advocates in Colorado.\",\"breadcrumb\":{\"@id\":\"https:\\\/\\\/ccasa.org\\\/es\\\/poliza-de-privacidad\\\/#breadcrumb\"},\"inLanguage\":\"es\",\"potentialAction\":[{\"@type\":\"ReadAction\",\"target\":[\"https:\\\/\\\/ccasa.org\\\/es\\\/poliza-de-privacidad\\\/\"]}]},{\"@type\":\"ImageObject\",\"inLanguage\":\"es\",\"@id\":\"https:\\\/\\\/ccasa.org\\\/es\\\/poliza-de-privacidad\\\/#primaryimage\",\"url\":\"https:\\\/\\\/ccasa.org\\\/wp-content\\\/uploads\\\/2021\\\/01\\\/default-blog-image-2.jpg\",\"contentUrl\":\"https:\\\/\\\/ccasa.org\\\/wp-content\\\/uploads\\\/2021\\\/01\\\/default-blog-image-2.jpg\",\"width\":845,\"height\":400,\"caption\":\"Logotipo de CCASA\"},{\"@type\":\"BreadcrumbList\",\"@id\":\"https:\\\/\\\/ccasa.org\\\/es\\\/poliza-de-privacidad\\\/#breadcrumb\",\"itemListElement\":[{\"@type\":\"ListItem\",\"position\":1,\"name\":\"Home\",\"item\":\"https:\\\/\\\/ccasa.org\\\/es\\\/\"},{\"@type\":\"ListItem\",\"position\":2,\"name\":\"P\u00d3LIZA DE PRIVACIDAD\"}]},{\"@type\":\"WebSite\",\"@id\":\"https:\\\/\\\/ccasa.org\\\/#website\",\"url\":\"https:\\\/\\\/ccasa.org\\\/\",\"name\":\"Colorado Coalition Against Sexual Assault\",\"description\":\"\",\"publisher\":{\"@id\":\"https:\\\/\\\/ccasa.org\\\/#organization\"},\"potentialAction\":[{\"@type\":\"SearchAction\",\"target\":{\"@type\":\"EntryPoint\",\"urlTemplate\":\"https:\\\/\\\/ccasa.org\\\/?s={search_term_string}\"},\"query-input\":{\"@type\":\"PropertyValueSpecification\",\"valueRequired\":true,\"valueName\":\"search_term_string\"}}],\"inLanguage\":\"es\"},{\"@type\":\"Organization\",\"@id\":\"https:\\\/\\\/ccasa.org\\\/#organization\",\"name\":\"Colorado Coalition Against Sexual Assault (CCASA)\",\"url\":\"https:\\\/\\\/ccasa.org\\\/\",\"logo\":{\"@type\":\"ImageObject\",\"inLanguage\":\"es\",\"@id\":\"https:\\\/\\\/ccasa.org\\\/#\\\/schema\\\/logo\\\/image\\\/\",\"url\":\"https:\\\/\\\/www.ccasa.org\\\/wp-content\\\/uploads\\\/2018\\\/05\\\/ccasa-logo-large_png.png\",\"contentUrl\":\"https:\\\/\\\/www.ccasa.org\\\/wp-content\\\/uploads\\\/2018\\\/05\\\/ccasa-logo-large_png.png\",\"width\":1920,\"height\":1080,\"caption\":\"Colorado Coalition Against Sexual Assault (CCASA)\"},\"image\":{\"@id\":\"https:\\\/\\\/ccasa.org\\\/#\\\/schema\\\/logo\\\/image\\\/\"}}]}<\/script>\n<!-- \/ Yoast SEO plugin. -->","yoast_head_json":{"title":"P\u00d3LIZA DE PRIVACIDAD - Colorado Coalition Against Sexual Assault","description":"The Colorado Coalition Against Sexual Assault serves as the collective voice of rape crisis centers and other advocates in Colorado.","robots":{"index":"index","follow":"follow","max-snippet":"max-snippet:-1","max-image-preview":"max-image-preview:large","max-video-preview":"max-video-preview:-1"},"canonical":"https:\/\/ccasa.org\/es\/poliza-de-privacidad\/","og_locale":"es_ES","og_type":"article","og_title":"P\u00d3LIZA DE PRIVACIDAD - Colorado Coalition Against Sexual Assault","og_description":"The Colorado Coalition Against Sexual Assault serves as the collective voice of rape crisis centers and other advocates in Colorado.","og_url":"https:\/\/ccasa.org\/es\/poliza-de-privacidad\/","og_site_name":"Colorado Coalition Against Sexual Assault","article_modified_time":"2021-02-23T22:18:55+00:00","og_image":[{"width":845,"height":400,"url":"https:\/\/ccasa.org\/wp-content\/uploads\/2021\/01\/default-blog-image-2.jpg","type":"image\/jpeg"}],"twitter_card":"summary_large_image","twitter_misc":{"Tiempo de lectura":"4 minutos"},"schema":{"@context":"https:\/\/schema.org","@graph":[{"@type":"WebPage","@id":"https:\/\/ccasa.org\/es\/poliza-de-privacidad\/","url":"https:\/\/ccasa.org\/es\/poliza-de-privacidad\/","name":"P\u00d3LIZA DE PRIVACIDAD - Colorado Coalition Against Sexual Assault","isPartOf":{"@id":"https:\/\/ccasa.org\/#website"},"primaryImageOfPage":{"@id":"https:\/\/ccasa.org\/es\/poliza-de-privacidad\/#primaryimage"},"image":{"@id":"https:\/\/ccasa.org\/es\/poliza-de-privacidad\/#primaryimage"},"thumbnailUrl":"https:\/\/ccasa.org\/wp-content\/uploads\/2021\/01\/default-blog-image-2.jpg","datePublished":"2020-02-28T16:12:57+00:00","dateModified":"2021-02-23T22:18:55+00:00","description":"The Colorado Coalition Against Sexual Assault serves as the collective voice of rape crisis centers and other advocates in Colorado.","breadcrumb":{"@id":"https:\/\/ccasa.org\/es\/poliza-de-privacidad\/#breadcrumb"},"inLanguage":"es","potentialAction":[{"@type":"ReadAction","target":["https:\/\/ccasa.org\/es\/poliza-de-privacidad\/"]}]},{"@type":"ImageObject","inLanguage":"es","@id":"https:\/\/ccasa.org\/es\/poliza-de-privacidad\/#primaryimage","url":"https:\/\/ccasa.org\/wp-content\/uploads\/2021\/01\/default-blog-image-2.jpg","contentUrl":"https:\/\/ccasa.org\/wp-content\/uploads\/2021\/01\/default-blog-image-2.jpg","width":845,"height":400,"caption":"Logotipo de CCASA"},{"@type":"BreadcrumbList","@id":"https:\/\/ccasa.org\/es\/poliza-de-privacidad\/#breadcrumb","itemListElement":[{"@type":"ListItem","position":1,"name":"Home","item":"https:\/\/ccasa.org\/es\/"},{"@type":"ListItem","position":2,"name":"P\u00d3LIZA DE PRIVACIDAD"}]},{"@type":"WebSite","@id":"https:\/\/ccasa.org\/#website","url":"https:\/\/ccasa.org\/","name":"Colorado Coalition Against Sexual Assault","description":"","publisher":{"@id":"https:\/\/ccasa.org\/#organization"},"potentialAction":[{"@type":"SearchAction","target":{"@type":"EntryPoint","urlTemplate":"https:\/\/ccasa.org\/?s={search_term_string}"},"query-input":{"@type":"PropertyValueSpecification","valueRequired":true,"valueName":"search_term_string"}}],"inLanguage":"es"},{"@type":"Organization","@id":"https:\/\/ccasa.org\/#organization","name":"Colorado Coalition Against Sexual Assault (CCASA)","url":"https:\/\/ccasa.org\/","logo":{"@type":"ImageObject","inLanguage":"es","@id":"https:\/\/ccasa.org\/#\/schema\/logo\/image\/","url":"https:\/\/www.ccasa.org\/wp-content\/uploads\/2018\/05\/ccasa-logo-large_png.png","contentUrl":"https:\/\/www.ccasa.org\/wp-content\/uploads\/2018\/05\/ccasa-logo-large_png.png","width":1920,"height":1080,"caption":"Colorado Coalition Against Sexual Assault (CCASA)"},"image":{"@id":"https:\/\/ccasa.org\/#\/schema\/logo\/image\/"}}]}},"_links":{"self":[{"href":"https:\/\/ccasa.org\/es\/wp-json\/wp\/v2\/pages\/18488","targetHints":{"allow":["GET"]}}],"collection":[{"href":"https:\/\/ccasa.org\/es\/wp-json\/wp\/v2\/pages"}],"about":[{"href":"https:\/\/ccasa.org\/es\/wp-json\/wp\/v2\/types\/page"}],"author":[{"embeddable":true,"href":"https:\/\/ccasa.org\/es\/wp-json\/wp\/v2\/users\/1"}],"replies":[{"embeddable":true,"href":"https:\/\/ccasa.org\/es\/wp-json\/wp\/v2\/comments?post=18488"}],"version-history":[{"count":0,"href":"https:\/\/ccasa.org\/es\/wp-json\/wp\/v2\/pages\/18488\/revisions"}],"wp:featuredmedia":[{"embeddable":true,"href":"https:\/\/ccasa.org\/es\/wp-json\/wp\/v2\/media\/17007"}],"wp:attachment":[{"href":"https:\/\/ccasa.org\/es\/wp-json\/wp\/v2\/media?parent=18488"}],"curies":[{"name":"wp","href":"https:\/\/api.w.org\/{rel}","templated":true}]}}