{"id":18482,"date":"2021-02-23T14:46:54","date_gmt":"2021-02-23T21:46:54","guid":{"rendered":"https:\/\/www.ccasa.org\/para-sobrevivientes\/opciones-de-informes-de-colorado\/"},"modified":"2021-05-07T12:59:49","modified_gmt":"2021-05-07T18:59:49","slug":"opciones-de-informes-de-colorado","status":"publish","type":"page","link":"https:\/\/ccasa.org\/es\/para-sobrevivientes\/opciones-de-informes-de-colorado\/","title":{"rendered":"OPCIONES DE INFORMES DE COLORADO"},"content":{"rendered":"<div class=\"wpb-content-wrapper\"><p>[vc_row gap=\u00bb35&#8243; equal_height=\u00bbyes\u00bb css=\u00bb.vc_custom_1612207893788{margin-top: 150px !important;}\u00bb el_class=\u00bbrow-max-width margin-top-adjust\u00bb][vc_column width=\u00bb1\/3&#8243; el_class=\u00bbbackground-col\u00bb css=\u00bb.vc_custom_1612478281023{background-image: url(https:\/\/www.ccasa.org\/wp-content\/uploads\/2021\/02\/colorado-reporting-options.jpg?id=17184) !important;background-position: center !important;background-repeat: no-repeat !important;background-size: cover !important;}\u00bb][\/vc_column][vc_column width=\u00bb2\/3&#8243; css=\u00bb.vc_custom_1612210043568{padding-top: 72px !important;padding-right: 72px !important;padding-bottom: 72px !important;padding-left: 72px !important;background-color: #00919e !important;}\u00bb el_id=\u00bbthree-options-col\u00bb][vc_column_text css=\u00bb.vc_custom_1611697014333{margin-bottom: 0px !important;}\u00bb]<span class=\"sub-heading\" style=\"color: #ff9701;\">&#8212; Tres Opciones<\/span>[\/vc_column_text][vc_column_text]<\/p>\n<h1><span style=\"color: #ffffff;\">OPCIONES DE INFORMES DE COLORADO<\/span><\/h1>\n<p>[\/vc_column_text][vc_column_text]<span style=\"color: #ffffff;\">En Colorado, los adultos sobrevivientes de agresi\u00f3n sexual tienen tres opciones de denuncia. Tenga en cuenta que estas opciones de denuncia no se aplican a los menores (C.R.S.19-3-304) y a los ancianos en riesgo (C.R.S.18-6.5-108), debido a otras obligaciones de denuncia obligatorios. Para las personas que no se rigen por estos dos estatutos, a continuaci\u00f3n se detallan las tres opciones distintas de presentaci\u00f3n de denuncia que tienen los sobrevivientes al momento de recibir atenci\u00f3n m\u00e9dica.<\/span>[\/vc_column_text][vc_column_text el_class=\u00bborange\u00bb]<a href=\"http:\/\/www.thedenverchannel.com\/news\/local-news\/sexual-assault-victims-have-three-reporting-options-in-colorado\" target=\"_blank\" rel=\"noopener noreferrer\">Consulte este enlace para ver un video breve sobre las opciones de informes.<\/a>[\/vc_column_text][\/vc_column][\/vc_row][vc_row gap=\u00bb35&#8243; equal_height=\u00bbyes\u00bb el_class=\u00bbrow-max-width margin-bottom-adjust\u00bb el_id=\u00bbreporting-options-options-row\u00bb css=\u00bb.vc_custom_1612459494470{margin-bottom: 150px !important;}\u00bb][vc_column width=\u00bb1\/3&#8243; css=\u00bb.vc_custom_1611696635820{padding-top: 40px !important;padding-right: 40px !important;padding-bottom: 40px !important;padding-left: 40px !important;background-color: #ffffff !important;}\u00bb][vc_column_text]<\/p>\n<h4>INFORME\/DENUNCIA POLICIAL<\/h4>\n<p>[\/vc_column_text][vc_column_text]Cuando una v\u00edctima opta por obtener un examen m\u00e9dico forense en ese momento y opta por denunciar el incidente al sistema de justicia penal.[\/vc_column_text][\/vc_column][vc_column width=\u00bb1\/3&#8243; css=\u00bb.vc_custom_1611696678675{padding-top: 40px !important;padding-right: 40px !important;padding-bottom: 40px !important;padding-left: 40px !important;background-color: #ffffff !important;}\u00bb][vc_column_text]<\/p>\n<h4>REPORTE<br \/>\nM\u00c9DICO<\/h4>\n<p>[\/vc_column_text][vc_column_text]Una v\u00edctima elige obtener un examen m\u00e9dico forense, pero en ese momento elige no participar en el sistema de justicia penal. La evidencia y la informaci\u00f3n de identificaci\u00f3n de la v\u00edctima se entregan <strong>a las<\/strong> fuerzas del orden p\u00fablico. Victimas que proceden con un reporte m\u00e9dico puede optar a que se analicen las pruebas.[\/vc_column_text][\/vc_column][vc_column width=\u00bb1\/3&#8243; css=\u00bb.vc_custom_1611696703556{padding-top: 40px !important;padding-right: 40px !important;padding-bottom: 40px !important;padding-left: 40px !important;background-color: #ffffff !important;}\u00bb][vc_column_text]<\/p>\n<h4>REPORTE<br \/>\nAN\u00d3NIMO<\/h4>\n<p>[\/vc_column_text][vc_column_text]Una v\u00edctima puede eligir obtener un examen m\u00e9dico forense, y al mismo tiempo puede eligir no participar en el sistema de justicia penal. La evidencia y la informaci\u00f3n se entregara a las fuerzas del orden publico <strong>sin informaci\u00f3n de identificaci\u00f3n de la v\u00edctima.<\/strong> La denuncia an\u00f3nima solo est\u00e1 autorizando el almacenamiento de pruebas. La victima recibira un n\u00famero de caso que puede usar para recuperar su conjunto de evidencia de agresi\u00f3n sexual si decide en una fecha posterior que le gustar\u00eda trabajar con la polic\u00eda en su caso.[\/vc_column_text][\/vc_column][\/vc_row][vc_row full_width=\u00bbstretch_row\u00bb css=\u00bb.vc_custom_1612890846294{padding-top: 120px !important;padding-bottom: 120px !important;background-color: #ffffff !important;}\u00bb el_class=\u00bbpadding-adjust\u00bb][vc_column][vc_column_text css=\u00bb.vc_custom_1612890685843{margin-bottom: 0px !important;}\u00bb]<\/p>\n<p style=\"text-align: center;\"><span class=\"sub-heading\" style=\"color: #ff9701;\">&#8211; Encontrar recursos &#8211;<\/span><\/p>\n<p>[\/vc_column_text][vc_column_text]<\/p>\n<h1 style=\"text-align: center;\">TieneElDerechoCO.org<\/h1>\n<p>[\/vc_column_text][vc_column_text]<\/p>\n<p style=\"text-align: center;\">Para obtener m\u00e1s informaci\u00f3n sobre las opciones y los recursos de denuncia, visite <a id=\"yhtr-link-spanish\" href=\"https:\/\/www.ccasa.org\/es\/dejando-ccasa\/\" target=\"_blank\" rel=\"noopener\">TieneElDerechoCO.org<\/a><\/p>\n<p>[\/vc_column_text][vc_btn title=\u00bbVISITA TIENEELDERECHOCO.ORG\u00bb style=\u00bbcustom\u00bb custom_background=\u00bb#ff9701&#8243; custom_text=\u00bb#ffffff\u00bb shape=\u00bbsquare\u00bb size=\u00bblg\u00bb align=\u00bbcenter\u00bb link=\u00bburl:https%3A%2F%2Fwww.ccasa.org%2Fes%2Fdejando-ccasa%2F|target:_blank\u00bb el_class=\u00bbmain-button\u00bb el_id=\u00bbyhtr-button-spanish\u00bb][\/vc_column][\/vc_row]<\/p>\n<\/div>","protected":false},"excerpt":{"rendered":"<p>[vc_row gap=\u00bb35&#8243; equal_height=\u00bbyes\u00bb css=\u00bb.vc_custom_1612207893788{margin-top: 150px !important;}\u00bb el_class=\u00bbrow-max-width margin-top-adjust\u00bb][vc_column width=\u00bb1\/3&#8243; el_class=\u00bbbackground-col\u00bb css=\u00bb.vc_custom_1612478281023{background-image: url(https:\/\/www.ccasa.org\/wp-content\/uploads\/2021\/02\/colorado-reporting-options.jpg?id=17184) !important;background-position: center !important;background-repeat: no-repeat !important;background-size: cover !important;}\u00bb][\/vc_column][vc_column width=\u00bb2\/3&#8243; css=\u00bb.vc_custom_1612210043568{padding-top: 72px !important;padding-right: 72px !important;padding-bottom: &#8230; <\/p>\n<p class=\"read-more-container\"><a title=\"OPCIONES DE INFORMES DE COLORADO\" class=\"read-more button\" href=\"https:\/\/ccasa.org\/es\/para-sobrevivientes\/opciones-de-informes-de-colorado\/#more-18482\" aria-label=\"Leer m\u00e1s sobre OPCIONES DE INFORMES DE COLORADO\">Leer m\u00e1s<\/a><\/p>\n","protected":false},"author":1,"featured_media":17007,"parent":17261,"menu_order":0,"comment_status":"closed","ping_status":"closed","template":"","meta":{"_acf_changed":false,"footnotes":""},"class_list":{"0":"post-18482","1":"page","2":"type-page","3":"status-publish","4":"has-post-thumbnail","6":"resize-featured-image"},"acf":[],"yoast_head":"<!-- This site is optimized with the Yoast SEO plugin v27.4 - https:\/\/yoast.com\/product\/yoast-seo-wordpress\/ -->\n<title>OPCIONES DE INFORMES DE COLORADO - Colorado Coalition Against Sexual Assault<\/title>\n<meta name=\"description\" content=\"CCASA tiene los recursos para ayudar a las sobrevivientes de agresi\u00f3n sexual en su viaje de curaci\u00f3n. Obtenga m\u00e1s informaci\u00f3n sobre You Have the Right y los recursos ind\u00edgenas.\" \/>\n<meta name=\"robots\" content=\"index, follow, max-snippet:-1, max-image-preview:large, max-video-preview:-1\" \/>\n<link rel=\"canonical\" href=\"https:\/\/ccasa.org\/es\/para-sobrevivientes\/opciones-de-informes-de-colorado\/\" \/>\n<meta property=\"og:locale\" content=\"es_ES\" \/>\n<meta property=\"og:type\" content=\"article\" \/>\n<meta property=\"og:title\" content=\"OPCIONES DE INFORMES DE COLORADO - Colorado Coalition Against Sexual Assault\" \/>\n<meta property=\"og:description\" content=\"CCASA tiene los recursos para ayudar a las sobrevivientes de agresi\u00f3n sexual en su viaje de curaci\u00f3n. Obtenga m\u00e1s informaci\u00f3n sobre You Have the Right y los recursos ind\u00edgenas.\" \/>\n<meta property=\"og:url\" content=\"https:\/\/ccasa.org\/es\/para-sobrevivientes\/opciones-de-informes-de-colorado\/\" \/>\n<meta property=\"og:site_name\" content=\"Colorado Coalition Against Sexual Assault\" \/>\n<meta property=\"article:modified_time\" content=\"2021-05-07T18:59:49+00:00\" \/>\n<meta property=\"og:image\" content=\"https:\/\/ccasa.org\/wp-content\/uploads\/2021\/01\/default-blog-image-2.jpg\" \/>\n\t<meta property=\"og:image:width\" content=\"845\" \/>\n\t<meta property=\"og:image:height\" content=\"400\" \/>\n\t<meta property=\"og:image:type\" content=\"image\/jpeg\" \/>\n<meta name=\"twitter:card\" content=\"summary_large_image\" \/>\n<meta name=\"twitter:label1\" content=\"Tiempo de lectura\" \/>\n\t<meta name=\"twitter:data1\" content=\"2 minutos\" \/>\n<script type=\"application\/ld+json\" class=\"yoast-schema-graph\">{\"@context\":\"https:\\\/\\\/schema.org\",\"@graph\":[{\"@type\":\"WebPage\",\"@id\":\"https:\\\/\\\/ccasa.org\\\/es\\\/para-sobrevivientes\\\/opciones-de-informes-de-colorado\\\/\",\"url\":\"https:\\\/\\\/ccasa.org\\\/es\\\/para-sobrevivientes\\\/opciones-de-informes-de-colorado\\\/\",\"name\":\"OPCIONES DE INFORMES DE COLORADO - Colorado Coalition Against Sexual Assault\",\"isPartOf\":{\"@id\":\"https:\\\/\\\/ccasa.org\\\/#website\"},\"primaryImageOfPage\":{\"@id\":\"https:\\\/\\\/ccasa.org\\\/es\\\/para-sobrevivientes\\\/opciones-de-informes-de-colorado\\\/#primaryimage\"},\"image\":{\"@id\":\"https:\\\/\\\/ccasa.org\\\/es\\\/para-sobrevivientes\\\/opciones-de-informes-de-colorado\\\/#primaryimage\"},\"thumbnailUrl\":\"https:\\\/\\\/ccasa.org\\\/wp-content\\\/uploads\\\/2021\\\/01\\\/default-blog-image-2.jpg\",\"datePublished\":\"2021-02-23T21:46:54+00:00\",\"dateModified\":\"2021-05-07T18:59:49+00:00\",\"description\":\"CCASA tiene los recursos para ayudar a las sobrevivientes de agresi\u00f3n sexual en su viaje de curaci\u00f3n. Obtenga m\u00e1s informaci\u00f3n sobre You Have the Right y los recursos ind\u00edgenas.\",\"breadcrumb\":{\"@id\":\"https:\\\/\\\/ccasa.org\\\/es\\\/para-sobrevivientes\\\/opciones-de-informes-de-colorado\\\/#breadcrumb\"},\"inLanguage\":\"es\",\"potentialAction\":[{\"@type\":\"ReadAction\",\"target\":[\"https:\\\/\\\/ccasa.org\\\/es\\\/para-sobrevivientes\\\/opciones-de-informes-de-colorado\\\/\"]}]},{\"@type\":\"ImageObject\",\"inLanguage\":\"es\",\"@id\":\"https:\\\/\\\/ccasa.org\\\/es\\\/para-sobrevivientes\\\/opciones-de-informes-de-colorado\\\/#primaryimage\",\"url\":\"https:\\\/\\\/ccasa.org\\\/wp-content\\\/uploads\\\/2021\\\/01\\\/default-blog-image-2.jpg\",\"contentUrl\":\"https:\\\/\\\/ccasa.org\\\/wp-content\\\/uploads\\\/2021\\\/01\\\/default-blog-image-2.jpg\",\"width\":845,\"height\":400,\"caption\":\"Logotipo de CCASA\"},{\"@type\":\"BreadcrumbList\",\"@id\":\"https:\\\/\\\/ccasa.org\\\/es\\\/para-sobrevivientes\\\/opciones-de-informes-de-colorado\\\/#breadcrumb\",\"itemListElement\":[{\"@type\":\"ListItem\",\"position\":1,\"name\":\"Home\",\"item\":\"https:\\\/\\\/ccasa.org\\\/es\\\/\"},{\"@type\":\"ListItem\",\"position\":2,\"name\":\"Para Sobrevivientes\",\"item\":\"https:\\\/\\\/ccasa.org\\\/es\\\/para-sobrevivientes\\\/\"},{\"@type\":\"ListItem\",\"position\":3,\"name\":\"OPCIONES DE INFORMES DE COLORADO\"}]},{\"@type\":\"WebSite\",\"@id\":\"https:\\\/\\\/ccasa.org\\\/#website\",\"url\":\"https:\\\/\\\/ccasa.org\\\/\",\"name\":\"Colorado Coalition Against Sexual Assault\",\"description\":\"\",\"publisher\":{\"@id\":\"https:\\\/\\\/ccasa.org\\\/#organization\"},\"potentialAction\":[{\"@type\":\"SearchAction\",\"target\":{\"@type\":\"EntryPoint\",\"urlTemplate\":\"https:\\\/\\\/ccasa.org\\\/?s={search_term_string}\"},\"query-input\":{\"@type\":\"PropertyValueSpecification\",\"valueRequired\":true,\"valueName\":\"search_term_string\"}}],\"inLanguage\":\"es\"},{\"@type\":\"Organization\",\"@id\":\"https:\\\/\\\/ccasa.org\\\/#organization\",\"name\":\"Colorado Coalition Against Sexual Assault (CCASA)\",\"url\":\"https:\\\/\\\/ccasa.org\\\/\",\"logo\":{\"@type\":\"ImageObject\",\"inLanguage\":\"es\",\"@id\":\"https:\\\/\\\/ccasa.org\\\/#\\\/schema\\\/logo\\\/image\\\/\",\"url\":\"https:\\\/\\\/www.ccasa.org\\\/wp-content\\\/uploads\\\/2018\\\/05\\\/ccasa-logo-large_png.png\",\"contentUrl\":\"https:\\\/\\\/www.ccasa.org\\\/wp-content\\\/uploads\\\/2018\\\/05\\\/ccasa-logo-large_png.png\",\"width\":1920,\"height\":1080,\"caption\":\"Colorado Coalition Against Sexual Assault (CCASA)\"},\"image\":{\"@id\":\"https:\\\/\\\/ccasa.org\\\/#\\\/schema\\\/logo\\\/image\\\/\"}}]}<\/script>\n<!-- \/ Yoast SEO plugin. -->","yoast_head_json":{"title":"OPCIONES DE INFORMES DE COLORADO - Colorado Coalition Against Sexual Assault","description":"CCASA tiene los recursos para ayudar a las sobrevivientes de agresi\u00f3n sexual en su viaje de curaci\u00f3n. Obtenga m\u00e1s informaci\u00f3n sobre You Have the Right y los recursos ind\u00edgenas.","robots":{"index":"index","follow":"follow","max-snippet":"max-snippet:-1","max-image-preview":"max-image-preview:large","max-video-preview":"max-video-preview:-1"},"canonical":"https:\/\/ccasa.org\/es\/para-sobrevivientes\/opciones-de-informes-de-colorado\/","og_locale":"es_ES","og_type":"article","og_title":"OPCIONES DE INFORMES DE COLORADO - Colorado Coalition Against Sexual Assault","og_description":"CCASA tiene los recursos para ayudar a las sobrevivientes de agresi\u00f3n sexual en su viaje de curaci\u00f3n. Obtenga m\u00e1s informaci\u00f3n sobre You Have the Right y los recursos ind\u00edgenas.","og_url":"https:\/\/ccasa.org\/es\/para-sobrevivientes\/opciones-de-informes-de-colorado\/","og_site_name":"Colorado Coalition Against Sexual Assault","article_modified_time":"2021-05-07T18:59:49+00:00","og_image":[{"width":845,"height":400,"url":"https:\/\/ccasa.org\/wp-content\/uploads\/2021\/01\/default-blog-image-2.jpg","type":"image\/jpeg"}],"twitter_card":"summary_large_image","twitter_misc":{"Tiempo de lectura":"2 minutos"},"schema":{"@context":"https:\/\/schema.org","@graph":[{"@type":"WebPage","@id":"https:\/\/ccasa.org\/es\/para-sobrevivientes\/opciones-de-informes-de-colorado\/","url":"https:\/\/ccasa.org\/es\/para-sobrevivientes\/opciones-de-informes-de-colorado\/","name":"OPCIONES DE INFORMES DE COLORADO - Colorado Coalition Against Sexual Assault","isPartOf":{"@id":"https:\/\/ccasa.org\/#website"},"primaryImageOfPage":{"@id":"https:\/\/ccasa.org\/es\/para-sobrevivientes\/opciones-de-informes-de-colorado\/#primaryimage"},"image":{"@id":"https:\/\/ccasa.org\/es\/para-sobrevivientes\/opciones-de-informes-de-colorado\/#primaryimage"},"thumbnailUrl":"https:\/\/ccasa.org\/wp-content\/uploads\/2021\/01\/default-blog-image-2.jpg","datePublished":"2021-02-23T21:46:54+00:00","dateModified":"2021-05-07T18:59:49+00:00","description":"CCASA tiene los recursos para ayudar a las sobrevivientes de agresi\u00f3n sexual en su viaje de curaci\u00f3n. Obtenga m\u00e1s informaci\u00f3n sobre You Have the Right y los recursos ind\u00edgenas.","breadcrumb":{"@id":"https:\/\/ccasa.org\/es\/para-sobrevivientes\/opciones-de-informes-de-colorado\/#breadcrumb"},"inLanguage":"es","potentialAction":[{"@type":"ReadAction","target":["https:\/\/ccasa.org\/es\/para-sobrevivientes\/opciones-de-informes-de-colorado\/"]}]},{"@type":"ImageObject","inLanguage":"es","@id":"https:\/\/ccasa.org\/es\/para-sobrevivientes\/opciones-de-informes-de-colorado\/#primaryimage","url":"https:\/\/ccasa.org\/wp-content\/uploads\/2021\/01\/default-blog-image-2.jpg","contentUrl":"https:\/\/ccasa.org\/wp-content\/uploads\/2021\/01\/default-blog-image-2.jpg","width":845,"height":400,"caption":"Logotipo de CCASA"},{"@type":"BreadcrumbList","@id":"https:\/\/ccasa.org\/es\/para-sobrevivientes\/opciones-de-informes-de-colorado\/#breadcrumb","itemListElement":[{"@type":"ListItem","position":1,"name":"Home","item":"https:\/\/ccasa.org\/es\/"},{"@type":"ListItem","position":2,"name":"Para Sobrevivientes","item":"https:\/\/ccasa.org\/es\/para-sobrevivientes\/"},{"@type":"ListItem","position":3,"name":"OPCIONES DE INFORMES DE COLORADO"}]},{"@type":"WebSite","@id":"https:\/\/ccasa.org\/#website","url":"https:\/\/ccasa.org\/","name":"Colorado Coalition Against Sexual Assault","description":"","publisher":{"@id":"https:\/\/ccasa.org\/#organization"},"potentialAction":[{"@type":"SearchAction","target":{"@type":"EntryPoint","urlTemplate":"https:\/\/ccasa.org\/?s={search_term_string}"},"query-input":{"@type":"PropertyValueSpecification","valueRequired":true,"valueName":"search_term_string"}}],"inLanguage":"es"},{"@type":"Organization","@id":"https:\/\/ccasa.org\/#organization","name":"Colorado Coalition Against Sexual Assault (CCASA)","url":"https:\/\/ccasa.org\/","logo":{"@type":"ImageObject","inLanguage":"es","@id":"https:\/\/ccasa.org\/#\/schema\/logo\/image\/","url":"https:\/\/www.ccasa.org\/wp-content\/uploads\/2018\/05\/ccasa-logo-large_png.png","contentUrl":"https:\/\/www.ccasa.org\/wp-content\/uploads\/2018\/05\/ccasa-logo-large_png.png","width":1920,"height":1080,"caption":"Colorado Coalition Against Sexual Assault (CCASA)"},"image":{"@id":"https:\/\/ccasa.org\/#\/schema\/logo\/image\/"}}]}},"_links":{"self":[{"href":"https:\/\/ccasa.org\/es\/wp-json\/wp\/v2\/pages\/18482","targetHints":{"allow":["GET"]}}],"collection":[{"href":"https:\/\/ccasa.org\/es\/wp-json\/wp\/v2\/pages"}],"about":[{"href":"https:\/\/ccasa.org\/es\/wp-json\/wp\/v2\/types\/page"}],"author":[{"embeddable":true,"href":"https:\/\/ccasa.org\/es\/wp-json\/wp\/v2\/users\/1"}],"replies":[{"embeddable":true,"href":"https:\/\/ccasa.org\/es\/wp-json\/wp\/v2\/comments?post=18482"}],"version-history":[{"count":0,"href":"https:\/\/ccasa.org\/es\/wp-json\/wp\/v2\/pages\/18482\/revisions"}],"up":[{"embeddable":true,"href":"https:\/\/ccasa.org\/es\/wp-json\/wp\/v2\/pages\/17261"}],"wp:featuredmedia":[{"embeddable":true,"href":"https:\/\/ccasa.org\/es\/wp-json\/wp\/v2\/media\/17007"}],"wp:attachment":[{"href":"https:\/\/ccasa.org\/es\/wp-json\/wp\/v2\/media?parent=18482"}],"curies":[{"name":"wp","href":"https:\/\/api.w.org\/{rel}","templated":true}]}}