{"id":18433,"date":"2021-02-22T09:28:14","date_gmt":"2021-02-22T16:28:14","guid":{"rendered":"https:\/\/www.ccasa.org\/apoya-nuestro-trabajo\/"},"modified":"2021-02-22T09:28:20","modified_gmt":"2021-02-22T16:28:20","slug":"apoya-nuestro-trabajo","status":"publish","type":"page","link":"https:\/\/ccasa.org\/es\/apoya-nuestro-trabajo\/","title":{"rendered":"Apoya nuestro trabajo"},"content":{"rendered":"<div class=\"wpb-content-wrapper\"><p>[vc_row css=\u00bb.vc_custom_1610990274640{margin-top: 150px !important;margin-bottom: 150px !important;}\u00bb el_class=\u00bbrow-max-width margin-adjust\u00bb][vc_column width=\u00bb3\/5&#8243; css=\u00bb.vc_custom_1610990394678{padding-top: 72px !important;padding-right: 72px !important;padding-bottom: 72px !important;padding-left: 72px !important;background-color: #00919e !important;}\u00bb el_class=\u00bbbecome-left-col\u00bb][vc_column_text css=\u00bb.vc_custom_1610742125846{margin-bottom: 0px !important;}\u00bb]<span class=\"sub-heading\" style=\"color: #ff9701\">&#8212; Apoya CCASA<\/span>[\/vc_column_text][vc_column_text]<\/p>\n<h1><span style=\"color: #ffffff\">HAZ UNA DONACI\u00d3N<\/span><\/h1>\n<p>[\/vc_column_text][vc_column_text]<span style=\"color: #ffffff\">Una donaci\u00f3n deducible de impuestos a la Coalici\u00f3n de Colorado contra la Agresi\u00f3n Sexual apoya nuestros esfuerzos estatales para crear comunidades que creen y apoyan a los sobrevivientes, responsabilizan a los perpetradores y toman medidas para poner fin a la violencia sexual.<\/span>[\/vc_column_text][vc_row_inner css=\u00bb.vc_custom_1610992052629{padding-top: 30px !important;padding-right: 30px !important;padding-bottom: 30px !important;padding-left: 30px !important;background-color: #ffffff !important;}\u00bb el_class=\u00bbbecome-left-inner\u00bb][vc_column_inner][vc_column_text]<\/p>\n<h3><strong>DONACI\u00d3N \u00daNICA<\/strong><\/h3>\n<p>[\/vc_column_text][vc_column_text]Hacer una donaci\u00f3n \u00fanica a CCASA puede ser su primer paso para trabajar con nosotros para crear un cambio. Hay tres formas de donar: en l\u00ednea, por correo o mediante donaciones en el lugar de trabajo.<strong> <\/strong>[\/vc_column_text][\/vc_column_inner][\/vc_row_inner][vc_row_inner css=\u00bb.vc_custom_1610992059793{margin-top: 30px !important;padding-top: 30px !important;padding-right: 30px !important;padding-bottom: 30px !important;padding-left: 30px !important;background-color: #ffffff !important;}\u00bb el_class=\u00bbbecome-left-inner\u00bb][vc_column_inner][vc_column_text]<\/p>\n<h3><strong>CONVI\u00c9RTETE EN UN DONANTE MENSUAL<\/strong><\/h3>\n<p>[\/vc_column_text][vc_column_text]Como donante mensual, usted se compromete a apoyar el trabajo de CCASA programando una donaci\u00f3n recurrente mensual. Esta es una manera f\u00e1cil, segura y conveniente de hacer la diferencia. Puede configurar donaciones mensuales autom\u00e1ticas a trav\u00e9s de Colorado Gives.[\/vc_column_text][vc_btn title=\u00bbDONE AHORA\u00bb style=\u00bbcustom\u00bb custom_background=\u00bb#ff9701&#8243; custom_text=\u00bb#ffffff\u00bb shape=\u00bbsquare\u00bb size=\u00bblg\u00bb link=\u00bburl:https%3A%2F%2Fwww.coloradogives.org%2Fccasa%2Foverview|target:_blank|\u00bb el_class=\u00bbmain-button\u00bb][\/vc_column_inner][\/vc_row_inner][vc_row_inner css=\u00bb.vc_custom_1610992065248{margin-top: 30px !important;padding-top: 30px !important;padding-right: 30px !important;padding-bottom: 30px !important;padding-left: 30px !important;background-color: #ffffff !important;}\u00bb el_class=\u00bbbecome-left-inner\u00bb][vc_column_inner][vc_column_text]<\/p>\n<h3><strong>DONACIONES A TRAV\u00c9S DEL LUGAR DE TRABAJO<\/strong><\/h3>\n<p>[\/vc_column_text][vc_column_text]Para donar a la Coalici\u00f3n de Colorado contra el Agresi\u00f3n Sexual a trav\u00e9s de su campa\u00f1a de donaciones en el lugar de trabajo, consulte nuestros c\u00f3digos de campa\u00f1a a continuaci\u00f3n.<\/p>\n<p>Partnership for Colorado \/Asociaci\u00f3n para Colorado: 1065<br \/>\nDenver Employees\u2019 Combined Campaign\/ Campa\u00f1a combinada de empleados de Denver: 0560<br \/>\nColorado Combined Campaign\/ Campa\u00f1a combinada de Colorado: 1857<br \/>\nCombined Federal Campaig\/ Campa\u00f1a federal combinada: 59127[\/vc_column_text][\/vc_column_inner][\/vc_row_inner][\/vc_column][vc_column width=\u00bb2\/5&#8243; css=\u00bb.vc_custom_1610990405669{padding-top: 72px !important;padding-right: 50px !important;padding-bottom: 72px !important;padding-left: 50px !important;background-color: #006a72 !important;}\u00bb el_class=\u00bbbecome-right-col\u00bb][vc_column_text css=\u00bb.vc_custom_1610746101541{margin-bottom: 0px !important;}\u00bb]<span class=\"sub-heading\" style=\"color: #ff9701\">&#8212; Como Ayudar<\/span>[\/vc_column_text][vc_column_text css=\u00bb.vc_custom_1610990071342{margin-bottom: 25px !important;}\u00bb]<\/p>\n<h2><span style=\"color: #ffffff\">FORMAS DE DONAR<\/span><\/h2>\n<p>[\/vc_column_text][vc_column_text css=\u00bb.vc_custom_1610990039562{margin-bottom: 35px !important;}\u00bb]<span style=\"color: #ffffff\">Puede donar en l\u00ednea, a trav\u00e9s de Venmo o por correo postal.<\/span>[\/vc_column_text][vc_row_inner css=\u00bb.vc_custom_1610746425945{padding-top: 7px !important;padding-right: 20px !important;padding-bottom: 20px !important;padding-left: 20px !important;background-color: #ffffff !important;}\u00bb][vc_column_inner css=\u00bb.vc_custom_1610743482245{background-color: #ffffff !important;}\u00bb][vc_single_image image=\u00bb16981&#8243; img_size=\u00bbfull\u00bb css=\u00bb.vc_custom_1610990115626{margin-bottom: 30px !important;}\u00bb][vc_column_text css=\u00bb.vc_custom_1610745975184{margin-bottom: 20px !important;}\u00bb]<\/p>\n<h4><strong>DONACI\u00d3N EN L\u00cdNEA<\/strong><\/h4>\n<p>[\/vc_column_text][vc_column_text css=\u00bb.vc_custom_1610989980257{margin-bottom: 20px !important;}\u00bb]Las donaciones en l\u00ednea a CCASA se pueden hacer a trav\u00e9s de Colorado Gives, un programa de Community First Foundation.[\/vc_column_text][vc_btn title=\u00bbDONE AHORA\u00bb style=\u00bbcustom\u00bb custom_background=\u00bb#ff9701&#8243; custom_text=\u00bb#ffffff\u00bb shape=\u00bbsquare\u00bb size=\u00bblg\u00bb link=\u00bburl:https%3A%2F%2Fwww.coloradogives.org%2Fccasa%2Foverview|target:_blank|\u00bb el_class=\u00bbmain-button\u00bb][\/vc_column_inner][\/vc_row_inner][vc_row_inner css=\u00bb.vc_custom_1610746434947{margin-top: 30px !important;padding-top: 7px !important;padding-right: 20px !important;padding-bottom: 20px !important;padding-left: 20px !important;background-color: #ffffff !important;}\u00bb][vc_column_inner css=\u00bb.vc_custom_1610743482245{background-color: #ffffff !important;}\u00bb][vc_single_image image=\u00bb16982&#8243; img_size=\u00bbfull\u00bb css=\u00bb.vc_custom_1610990159616{margin-bottom: 33px !important;}\u00bb][vc_column_text css=\u00bb.vc_custom_1610745997909{margin-bottom: 20px !important;}\u00bb]<\/p>\n<h4><strong>DONA A TRAV\u00c9S DE VENMO<\/strong><\/h4>\n<p>[\/vc_column_text][vc_column_text css=\u00bb.vc_custom_1613757318438{margin-bottom: 10px !important;}\u00bb]<em>Venmo es una aplicaci\u00f3n m\u00f3vil que te permite pagar, recibir y solicitar dinero de una manera digital gratuita con amigos. <strong>La cuenta de CCASA is<br \/>\n@CCASA-Colorado<\/strong><\/em>[\/vc_column_text][\/vc_column_inner][\/vc_row_inner][vc_row_inner css=\u00bb.vc_custom_1610746443598{margin-top: 30px !important;padding-top: 7px !important;padding-right: 20px !important;padding-bottom: 20px !important;padding-left: 20px !important;background-color: #ffffff !important;}\u00bb][vc_column_inner css=\u00bb.vc_custom_1610743482245{background-color: #ffffff !important;}\u00bb][vc_single_image image=\u00bb16983&#8243; img_size=\u00bbfull\u00bb][vc_column_text css=\u00bb.vc_custom_1610746005736{margin-bottom: 20px !important;}\u00bb]<\/p>\n<h4><strong>DONACI\u00d3N POR CORREO POSTAL<\/strong><\/h4>\n<p>[\/vc_column_text][vc_column_text css=\u00bb.vc_custom_1610989939983{margin-bottom: 10px !important;}\u00bb]Colorado Coalition Against Sexual Assault<br \/>\nPO Box 40350<br \/>\nDenver, CO 80204[\/vc_column_text][\/vc_column_inner][\/vc_row_inner][\/vc_column][\/vc_row][vc_row full_width=\u00bbstretch_row\u00bb css=\u00bb.vc_custom_1610749962647{padding-top: 120px !important;background-color: #ffffff !important;}\u00bb el_class=\u00bbpadding-adjust\u00bb][vc_column][vc_column_text]<\/p>\n<h1 style=\"text-align: center\">FORMAS ADICIONALES DE APOYAR A CCASA<\/h1>\n<p>[\/vc_column_text][\/vc_column][\/vc_row][vc_row full_width=\u00bbstretch_row\u00bb equal_height=\u00bbyes\u00bb content_placement=\u00bbmiddle\u00bb css=\u00bb.vc_custom_1610986281166{background-color: #ffffff !important;}\u00bb][vc_column width=\u00bb1\/2&#8243; css=\u00bb.vc_custom_1610992279411{padding-top: 72px !important;padding-right: 62px !important;padding-bottom: 72px !important;padding-left: 62px !important;background-color: #00919e !important;}\u00bb el_class=\u00bbbecome-add-left-col\u00bb][vc_column_text css=\u00bb.vc_custom_1610986329795{margin-bottom: 0px !important;}\u00bb]<span class=\"sub-heading\" style=\"color: #ff9701\">&#8212; Shop Local<\/span>[\/vc_column_text][vc_column_text el_class=\u00bbsupport-add-title\u00bb]<\/p>\n<h3><span style=\"color: #ffffff\"><strong>USANDO LA TARJETA DE RECOMPENSAS DE KING SOOPERS &amp; CITY MARKET<\/strong><\/span><\/h3>\n<p>[\/vc_column_text][\/vc_column][vc_column width=\u00bb1\/2&#8243; css=\u00bb.vc_custom_1610986060142{margin-top: 0px !important;padding-top: 0px !important;padding-right: 0px !important;padding-left: 0px !important;}\u00bb][vc_single_image image=\u00bb16984&#8243; img_size=\u00bbfull\u00bb alignment=\u00bbcenter\u00bb css=\u00bb.vc_custom_1610986377737{margin-bottom: 0px !important;padding-top: 40px !important;padding-right: 30px !important;padding-bottom: 40px !important;padding-left: 30px !important;background-color: #efefef !important;}\u00bb][vc_row_inner css=\u00bb.vc_custom_1610991534337{background-color: #036971 !important;}\u00bb el_class=\u00bbrow-max-width\u00bb el_id=\u00bbbecome-shopping-links-row\u00bb][vc_column_inner width=\u00bb1\/2&#8243; css=\u00bb.vc_custom_1610986663354{padding-left: 0px !important;}\u00bb][vc_column_text css=\u00bb.vc_custom_1612898341912{margin-bottom: 0px !important;padding-left: 50px !important;}\u00bb]<span style=\"color: #ffffff\"><strong>King Soopers Stores:<\/strong><br \/>\nhttp:\/\/www.kingsoopers.com<\/span>[\/vc_column_text][\/vc_column_inner][vc_column_inner width=\u00bb1\/2&#8243; css=\u00bb.vc_custom_1610986670181{padding-right: 0px !important;}\u00bb][vc_column_text css=\u00bb.vc_custom_1612898354550{margin-bottom: 0px !important;padding-right: 50px !important;}\u00bb]<span style=\"color: #ffffff\"><strong>City Market Stores:<\/strong><br \/>\nhttp:\/\/www.citymarket.com[\/vc_column_text][\/vc_column_inner][\/vc_row_inner][vc_column_text css=\u00bb.vc_custom_1610987044664{margin-bottom: 0px !important;padding-top: 30px !important;padding-right: 50px !important;padding-bottom: 72px !important;padding-left: 50px !important;background-color: #036971 !important;}\u00bb]<\/span><\/p>\n<ul>\n<li><span style=\"color: #ffffff\">Inicie la session en linea y acceda a su cuenta.<\/span><\/li>\n<li><span style=\"color: #ffffff\">Elija \u00abCommunity Rewards\u00bb en la barra lateral izquierda.<\/span><\/li>\n<li><span style=\"color: #ffffff\">Busque CCASA con nuestro nombre o n\u00famero XM620<strong><\/strong><\/span><\/li>\n<li><span style=\"color: #ffffff\">Haga clic en \u00abInscribirse\u00bb<\/span><\/li>\n<li><span style=\"color: #ffffff\">\u00a1Empieza a comprar!<\/span><\/li>\n<\/ul>\n<p>[\/vc_column_text][\/vc_column][\/vc_row][vc_row full_width=\u00bbstretch_row\u00bb equal_height=\u00bbyes\u00bb content_placement=\u00bbmiddle\u00bb css=\u00bb.vc_custom_1610987187389{padding-top: 30px !important;background-color: #ffffff !important;}\u00bb][vc_column width=\u00bb1\/2&#8243; css=\u00bb.vc_custom_1610992272386{padding-top: 72px !important;padding-right: 62px !important;padding-bottom: 72px !important;padding-left: 62px !important;background-color: #006a72 !important;}\u00bb el_class=\u00bbbecome-add-left-col\u00bb][vc_column_text css=\u00bb.vc_custom_1610987392719{margin-bottom: 0px !important;}\u00bb]<span class=\"sub-heading\" style=\"color: #ff9701\">&#8212; Compras por Internet<\/span>[\/vc_column_text][vc_column_text]<\/p>\n<h3><span style=\"color: #ffffff\"><strong>A TRAV\u00c9S DE AMAZONSMILE<\/strong><\/span><\/h3>\n<p>[\/vc_column_text][\/vc_column][vc_column width=\u00bb1\/2&#8243; css=\u00bb.vc_custom_1610986060142{margin-top: 0px !important;padding-top: 0px !important;padding-right: 0px !important;padding-left: 0px !important;}\u00bb][vc_single_image image=\u00bb16985&#8243; img_size=\u00bbfull\u00bb alignment=\u00bbcenter\u00bb css=\u00bb.vc_custom_1610987378294{margin-bottom: 0px !important;padding-top: 40px !important;padding-right: 30px !important;padding-bottom: 40px !important;padding-left: 30px !important;background-color: #efefef !important;}\u00bb][vc_column_text css=\u00bb.vc_custom_1610987632510{margin-bottom: 0px !important;padding-top: 30px !important;padding-right: 50px !important;padding-bottom: 72px !important;padding-left: 50px !important;background-color: #00919e !important;}\u00bb]<span style=\"color: #ffffff\">Cada compra que realice en Amazon.com puede contribuir a la misi\u00f3n de CCASA, al dar un simple paso para registrarse en AmazonSmile. Amazon donar\u00e1 el 0.5% del precio de sus compras elegibles de AmazonSmile a Colorado Coalition Against Sexual Assault siempre que compre en AmazonSmile. Visite smile.amazon.com y elija Colorado Coalition Against Sexual Assault como su organizaci\u00f3n ben\u00e9fica.<\/span>[\/vc_column_text][\/vc_column][\/vc_row][vc_row full_width=\u00bbstretch_row\u00bb css=\u00bb.vc_custom_1610987815993{padding-top: 30px !important;background-color: #ffffff !important;}\u00bb][vc_column css=\u00bb.vc_custom_1610992402991{padding-top: 72px !important;padding-right: 50px !important;padding-bottom: 0px !important;padding-left: 50px !important;background-color: #00919e !important;}\u00bb el_class=\u00bbbecome-add-center-col\u00bb][vc_column_text css=\u00bb.vc_custom_1610989212056{margin-bottom: 0px !important;}\u00bb]<\/p>\n<p style=\"text-align: center\"><span class=\"sub-heading\" style=\"color: #ff9701\">&#8212; Apoyo Comunitario &#8212;<\/span><\/p>\n<p>[\/vc_column_text][vc_column_text]<\/p>\n<h2 style=\"text-align: center\"><span style=\"color: #ffffff\"><strong>REALIZAR UN EVENTO DE RECAUDACI\u00d3N DE FONDOS EN BENEFICIO DE CCASACCASA<\/strong><\/span><\/h2>\n<p>[\/vc_column_text][\/vc_column][\/vc_row][vc_row full_width=\u00bbstretch_row\u00bb css=\u00bb.vc_custom_1610988771144{padding-top: 0px !important;background-color: #ffffff !important;}\u00bb][vc_column css=\u00bb.vc_custom_1610989005823{padding-top: 0px !important;padding-right: 50px !important;padding-bottom: 0px !important;padding-left: 50px !important;background-color: #00919e !important;}\u00bb][vc_column_text]<span style=\"color: #ffffff\">\u00a1GRACIAS POR ELEGIR A CCASA COMO BENEFICIARIO DE SU PR\u00d3XIMO EVENTO! CCASA VALORA Y CONF\u00cdA EN EL APOYO DE NUESTRA COMUNIDAD. LEA NUESTRA POL\u00cdTICA DE EVENTOS DE TERCEROS Y COMPLETE NUESTRO FORMULARIO DE SOLICITUD PARA QUE TENGAMOS LA INFORMACI\u00d3N QUE NECESITAMOS PARA APOYARLO EN SUS ESFUERZOS.<\/span>[\/vc_column_text][vc_btn title=\u00bbVER EL FORMULARIO Y POL\u00cdTICA DE EVENTOS\u00bb style=\u00bbcustom\u00bb custom_background=\u00bb#ff9701&#8243; custom_text=\u00bb#ffffff\u00bb shape=\u00bbsquare\u00bb size=\u00bblg\u00bb align=\u00bbcenter\u00bb el_class=\u00bbmain-button\u00bb link=\u00bburl:%2Fthird-party-events%2F|title:Third%20Party%20Events|\u00bb][\/vc_column][\/vc_row][vc_row full_width=\u00bbstretch_row\u00bb css=\u00bb.vc_custom_1610990326556{padding-top: 0px !important;padding-bottom: 150px !important;background-color: #ffffff !important;}\u00bb el_class=\u00bbpadding-bottom-adjust\u00bb][vc_column css=\u00bb.vc_custom_1610988971061{padding-top: 0px !important;padding-right: 50px !important;padding-bottom: 72px !important;padding-left: 50px !important;background-color: #00919e !important;}\u00bb][vc_single_image image=\u00bb17039&#8243; img_size=\u00bbfull\u00bb alignment=\u00bbcenter\u00bb][\/vc_column][\/vc_row]<\/p>\n<\/div>","protected":false},"excerpt":{"rendered":"<p>[vc_row css=\u00bb.vc_custom_1610990274640{margin-top: 150px !important;margin-bottom: 150px !important;}\u00bb el_class=\u00bbrow-max-width margin-adjust\u00bb][vc_column width=\u00bb3\/5&#8243; css=\u00bb.vc_custom_1610990394678{padding-top: 72px !important;padding-right: 72px !important;padding-bottom: 72px !important;padding-left: 72px !important;background-color: #00919e !important;}\u00bb el_class=\u00bbbecome-left-col\u00bb][vc_column_text css=\u00bb.vc_custom_1610742125846{margin-bottom: 0px !important;}\u00bb]&#8212; Apoya &#8230; <\/p>\n<p class=\"read-more-container\"><a title=\"Apoya nuestro trabajo\" class=\"read-more button\" href=\"https:\/\/ccasa.org\/es\/apoya-nuestro-trabajo\/#more-18433\" aria-label=\"Leer m\u00e1s sobre Apoya nuestro trabajo\">Leer m\u00e1s<\/a><\/p>\n","protected":false},"author":1,"featured_media":14324,"parent":0,"menu_order":0,"comment_status":"closed","ping_status":"closed","template":"","meta":{"_acf_changed":false,"footnotes":""},"class_list":{"0":"post-18433","1":"page","2":"type-page","3":"status-publish","4":"has-post-thumbnail","6":"resize-featured-image"},"acf":[],"yoast_head":"<!-- This site is optimized with the Yoast SEO plugin v27.3 - https:\/\/yoast.com\/product\/yoast-seo-wordpress\/ -->\n<title>Apoya nuestro trabajo - Colorado Coalition Against Sexual Assault<\/title>\n<meta name=\"description\" content=\"Apoye a CCASA haciendo donaciones financieras de varias maneras, incluso en l\u00ednea, por correo, durante eventos y a trav\u00e9s de Amazon Smile.\" \/>\n<meta name=\"robots\" content=\"index, follow, max-snippet:-1, max-image-preview:large, max-video-preview:-1\" \/>\n<link rel=\"canonical\" href=\"https:\/\/ccasa.org\/es\/apoya-nuestro-trabajo\/\" \/>\n<meta property=\"og:locale\" content=\"es_ES\" \/>\n<meta property=\"og:type\" content=\"article\" \/>\n<meta property=\"og:title\" content=\"Apoya nuestro trabajo - Colorado Coalition Against Sexual Assault\" \/>\n<meta property=\"og:description\" content=\"Apoye a CCASA haciendo donaciones financieras de varias maneras, incluso en l\u00ednea, por correo, durante eventos y a trav\u00e9s de Amazon Smile.\" \/>\n<meta property=\"og:url\" content=\"https:\/\/ccasa.org\/es\/apoya-nuestro-trabajo\/\" \/>\n<meta property=\"og:site_name\" content=\"Colorado Coalition Against Sexual Assault\" \/>\n<meta property=\"article:modified_time\" content=\"2021-02-22T16:28:20+00:00\" \/>\n<meta property=\"og:image\" content=\"https:\/\/ccasa.org\/wp-content\/uploads\/2021\/01\/default-blog-image-2.jpg\" \/>\n\t<meta property=\"og:image:width\" content=\"845\" \/>\n\t<meta property=\"og:image:height\" content=\"400\" \/>\n\t<meta property=\"og:image:type\" content=\"image\/jpeg\" \/>\n<meta name=\"twitter:card\" content=\"summary_large_image\" \/>\n<meta name=\"twitter:label1\" content=\"Tiempo de lectura\" \/>\n\t<meta name=\"twitter:data1\" content=\"8 minutos\" \/>\n<script type=\"application\/ld+json\" class=\"yoast-schema-graph\">{\"@context\":\"https:\\\/\\\/schema.org\",\"@graph\":[{\"@type\":\"WebPage\",\"@id\":\"https:\\\/\\\/ccasa.org\\\/es\\\/apoya-nuestro-trabajo\\\/\",\"url\":\"https:\\\/\\\/ccasa.org\\\/es\\\/apoya-nuestro-trabajo\\\/\",\"name\":\"Apoya nuestro trabajo - Colorado Coalition Against Sexual Assault\",\"isPartOf\":{\"@id\":\"https:\\\/\\\/ccasa.org\\\/#website\"},\"primaryImageOfPage\":{\"@id\":\"https:\\\/\\\/ccasa.org\\\/es\\\/apoya-nuestro-trabajo\\\/#primaryimage\"},\"image\":{\"@id\":\"https:\\\/\\\/ccasa.org\\\/es\\\/apoya-nuestro-trabajo\\\/#primaryimage\"},\"thumbnailUrl\":\"https:\\\/\\\/ccasa.org\\\/wp-content\\\/uploads\\\/2021\\\/01\\\/default-blog-image-2.jpg\",\"datePublished\":\"2021-02-22T16:28:14+00:00\",\"dateModified\":\"2021-02-22T16:28:20+00:00\",\"description\":\"Apoye a CCASA haciendo donaciones financieras de varias maneras, incluso en l\u00ednea, por correo, durante eventos y a trav\u00e9s de Amazon Smile.\",\"breadcrumb\":{\"@id\":\"https:\\\/\\\/ccasa.org\\\/es\\\/apoya-nuestro-trabajo\\\/#breadcrumb\"},\"inLanguage\":\"es\",\"potentialAction\":[{\"@type\":\"ReadAction\",\"target\":[\"https:\\\/\\\/ccasa.org\\\/es\\\/apoya-nuestro-trabajo\\\/\"]}]},{\"@type\":\"ImageObject\",\"inLanguage\":\"es\",\"@id\":\"https:\\\/\\\/ccasa.org\\\/es\\\/apoya-nuestro-trabajo\\\/#primaryimage\",\"url\":\"https:\\\/\\\/ccasa.org\\\/wp-content\\\/uploads\\\/2021\\\/01\\\/default-blog-image-2.jpg\",\"contentUrl\":\"https:\\\/\\\/ccasa.org\\\/wp-content\\\/uploads\\\/2021\\\/01\\\/default-blog-image-2.jpg\",\"width\":845,\"height\":400,\"caption\":\"CCASA Logo\"},{\"@type\":\"BreadcrumbList\",\"@id\":\"https:\\\/\\\/ccasa.org\\\/es\\\/apoya-nuestro-trabajo\\\/#breadcrumb\",\"itemListElement\":[{\"@type\":\"ListItem\",\"position\":1,\"name\":\"Home\",\"item\":\"https:\\\/\\\/ccasa.org\\\/es\\\/\"},{\"@type\":\"ListItem\",\"position\":2,\"name\":\"Apoya nuestro trabajo\"}]},{\"@type\":\"WebSite\",\"@id\":\"https:\\\/\\\/ccasa.org\\\/#website\",\"url\":\"https:\\\/\\\/ccasa.org\\\/\",\"name\":\"Colorado Coalition Against Sexual Assault\",\"description\":\"\",\"publisher\":{\"@id\":\"https:\\\/\\\/ccasa.org\\\/#organization\"},\"potentialAction\":[{\"@type\":\"SearchAction\",\"target\":{\"@type\":\"EntryPoint\",\"urlTemplate\":\"https:\\\/\\\/ccasa.org\\\/?s={search_term_string}\"},\"query-input\":{\"@type\":\"PropertyValueSpecification\",\"valueRequired\":true,\"valueName\":\"search_term_string\"}}],\"inLanguage\":\"es\"},{\"@type\":\"Organization\",\"@id\":\"https:\\\/\\\/ccasa.org\\\/#organization\",\"name\":\"Colorado Coalition Against Sexual Assault (CCASA)\",\"url\":\"https:\\\/\\\/ccasa.org\\\/\",\"logo\":{\"@type\":\"ImageObject\",\"inLanguage\":\"es\",\"@id\":\"https:\\\/\\\/ccasa.org\\\/#\\\/schema\\\/logo\\\/image\\\/\",\"url\":\"https:\\\/\\\/www.ccasa.org\\\/wp-content\\\/uploads\\\/2018\\\/05\\\/ccasa-logo-large_png.png\",\"contentUrl\":\"https:\\\/\\\/www.ccasa.org\\\/wp-content\\\/uploads\\\/2018\\\/05\\\/ccasa-logo-large_png.png\",\"width\":1920,\"height\":1080,\"caption\":\"Colorado Coalition Against Sexual Assault (CCASA)\"},\"image\":{\"@id\":\"https:\\\/\\\/ccasa.org\\\/#\\\/schema\\\/logo\\\/image\\\/\"}}]}<\/script>\n<!-- \/ Yoast SEO plugin. -->","yoast_head_json":{"title":"Apoya nuestro trabajo - Colorado Coalition Against Sexual Assault","description":"Apoye a CCASA haciendo donaciones financieras de varias maneras, incluso en l\u00ednea, por correo, durante eventos y a trav\u00e9s de Amazon Smile.","robots":{"index":"index","follow":"follow","max-snippet":"max-snippet:-1","max-image-preview":"max-image-preview:large","max-video-preview":"max-video-preview:-1"},"canonical":"https:\/\/ccasa.org\/es\/apoya-nuestro-trabajo\/","og_locale":"es_ES","og_type":"article","og_title":"Apoya nuestro trabajo - Colorado Coalition Against Sexual Assault","og_description":"Apoye a CCASA haciendo donaciones financieras de varias maneras, incluso en l\u00ednea, por correo, durante eventos y a trav\u00e9s de Amazon Smile.","og_url":"https:\/\/ccasa.org\/es\/apoya-nuestro-trabajo\/","og_site_name":"Colorado Coalition Against Sexual Assault","article_modified_time":"2021-02-22T16:28:20+00:00","og_image":[{"width":845,"height":400,"url":"https:\/\/ccasa.org\/wp-content\/uploads\/2021\/01\/default-blog-image-2.jpg","type":"image\/jpeg"}],"twitter_card":"summary_large_image","twitter_misc":{"Tiempo de lectura":"8 minutos"},"schema":{"@context":"https:\/\/schema.org","@graph":[{"@type":"WebPage","@id":"https:\/\/ccasa.org\/es\/apoya-nuestro-trabajo\/","url":"https:\/\/ccasa.org\/es\/apoya-nuestro-trabajo\/","name":"Apoya nuestro trabajo - Colorado Coalition Against Sexual Assault","isPartOf":{"@id":"https:\/\/ccasa.org\/#website"},"primaryImageOfPage":{"@id":"https:\/\/ccasa.org\/es\/apoya-nuestro-trabajo\/#primaryimage"},"image":{"@id":"https:\/\/ccasa.org\/es\/apoya-nuestro-trabajo\/#primaryimage"},"thumbnailUrl":"https:\/\/ccasa.org\/wp-content\/uploads\/2021\/01\/default-blog-image-2.jpg","datePublished":"2021-02-22T16:28:14+00:00","dateModified":"2021-02-22T16:28:20+00:00","description":"Apoye a CCASA haciendo donaciones financieras de varias maneras, incluso en l\u00ednea, por correo, durante eventos y a trav\u00e9s de Amazon Smile.","breadcrumb":{"@id":"https:\/\/ccasa.org\/es\/apoya-nuestro-trabajo\/#breadcrumb"},"inLanguage":"es","potentialAction":[{"@type":"ReadAction","target":["https:\/\/ccasa.org\/es\/apoya-nuestro-trabajo\/"]}]},{"@type":"ImageObject","inLanguage":"es","@id":"https:\/\/ccasa.org\/es\/apoya-nuestro-trabajo\/#primaryimage","url":"https:\/\/ccasa.org\/wp-content\/uploads\/2021\/01\/default-blog-image-2.jpg","contentUrl":"https:\/\/ccasa.org\/wp-content\/uploads\/2021\/01\/default-blog-image-2.jpg","width":845,"height":400,"caption":"CCASA Logo"},{"@type":"BreadcrumbList","@id":"https:\/\/ccasa.org\/es\/apoya-nuestro-trabajo\/#breadcrumb","itemListElement":[{"@type":"ListItem","position":1,"name":"Home","item":"https:\/\/ccasa.org\/es\/"},{"@type":"ListItem","position":2,"name":"Apoya nuestro trabajo"}]},{"@type":"WebSite","@id":"https:\/\/ccasa.org\/#website","url":"https:\/\/ccasa.org\/","name":"Colorado Coalition Against Sexual Assault","description":"","publisher":{"@id":"https:\/\/ccasa.org\/#organization"},"potentialAction":[{"@type":"SearchAction","target":{"@type":"EntryPoint","urlTemplate":"https:\/\/ccasa.org\/?s={search_term_string}"},"query-input":{"@type":"PropertyValueSpecification","valueRequired":true,"valueName":"search_term_string"}}],"inLanguage":"es"},{"@type":"Organization","@id":"https:\/\/ccasa.org\/#organization","name":"Colorado Coalition Against Sexual Assault (CCASA)","url":"https:\/\/ccasa.org\/","logo":{"@type":"ImageObject","inLanguage":"es","@id":"https:\/\/ccasa.org\/#\/schema\/logo\/image\/","url":"https:\/\/www.ccasa.org\/wp-content\/uploads\/2018\/05\/ccasa-logo-large_png.png","contentUrl":"https:\/\/www.ccasa.org\/wp-content\/uploads\/2018\/05\/ccasa-logo-large_png.png","width":1920,"height":1080,"caption":"Colorado Coalition Against Sexual Assault (CCASA)"},"image":{"@id":"https:\/\/ccasa.org\/#\/schema\/logo\/image\/"}}]}},"_links":{"self":[{"href":"https:\/\/ccasa.org\/es\/wp-json\/wp\/v2\/pages\/18433","targetHints":{"allow":["GET"]}}],"collection":[{"href":"https:\/\/ccasa.org\/es\/wp-json\/wp\/v2\/pages"}],"about":[{"href":"https:\/\/ccasa.org\/es\/wp-json\/wp\/v2\/types\/page"}],"author":[{"embeddable":true,"href":"https:\/\/ccasa.org\/es\/wp-json\/wp\/v2\/users\/1"}],"replies":[{"embeddable":true,"href":"https:\/\/ccasa.org\/es\/wp-json\/wp\/v2\/comments?post=18433"}],"version-history":[{"count":0,"href":"https:\/\/ccasa.org\/es\/wp-json\/wp\/v2\/pages\/18433\/revisions"}],"wp:featuredmedia":[{"embeddable":true,"href":"https:\/\/ccasa.org\/es\/wp-json\/wp\/v2\/media\/14324"}],"wp:attachment":[{"href":"https:\/\/ccasa.org\/es\/wp-json\/wp\/v2\/media?parent=18433"}],"curies":[{"name":"wp","href":"https:\/\/api.w.org\/{rel}","templated":true}]}}