{"id":17273,"date":"2021-02-05T14:56:00","date_gmt":"2021-02-05T21:56:00","guid":{"rendered":"https:\/\/www.ccasa.org\/grupo-de-trabajo-de-supervivientes\/"},"modified":"2021-02-22T13:59:17","modified_gmt":"2021-02-22T20:59:17","slug":"grupo-de-sobrevivientes","status":"publish","type":"page","link":"https:\/\/ccasa.org\/es\/grupo-de-sobrevivientes\/","title":{"rendered":"Grupo de Sobrevivientes"},"content":{"rendered":"<div class=\"wpb-content-wrapper\"><p>[vc_row gap=\u00bb35&#8243; equal_height=\u00bbyes\u00bb css=\u00bb.vc_custom_1611247231618{margin-top: 150px !important;}\u00bb el_class=\u00bbrow-max-width margin-top-adjust\u00bb][vc_column width=\u00bb2\/3&#8243; css=\u00bb.vc_custom_1611251103361{padding-top: 72px !important;padding-right: 72px !important;padding-bottom: 72px !important;padding-left: 72px !important;background-color: #006a72 !important;}\u00bb el_class=\u00bbstf-main-col\u00bb][vc_column_text css=\u00bb.vc_custom_1612902655681{margin-bottom: 0px !important;}\u00bb]<span class=\"sub-heading\" style=\"color: #ff9701;\">&#8212; Empoderar a los sobrevivientes<\/span>[\/vc_column_text][vc_column_text]<\/p>\n<h1><span style=\"color: #ffffff;\">Grupo de sobrevivientes<\/span><\/h1>\n<p>[\/vc_column_text][vc_column_text]<\/p>\n<h3><span style=\"color: #ffffff;\">Tu voz. Creando Cambio.<\/span><\/h3>\n<p>[\/vc_column_text][\/vc_column][vc_column width=\u00bb1\/3&#8243; el_class=\u00bbstf-background-col\u00bb css=\u00bb.vc_custom_1612908350163{background-image: url(https:\/\/www.ccasa.org\/wp-content\/uploads\/2021\/02\/spanish-survivor-task-force.jpg?id=17465) !important;background-position: center !important;background-repeat: no-repeat !important;background-size: cover !important;}\u00bb][\/vc_column][\/vc_row][vc_row gap=\u00bb35&#8243; equal_height=\u00bbyes\u00bb css=\u00bb.vc_custom_1611251308728{margin-bottom: 150px !important;}\u00bb el_class=\u00bbrow-max-width margin-bottom-adjust stf-mission-row\u00bb][vc_column width=\u00bb1\/3&#8243; css=\u00bb.vc_custom_1611246306237{padding-top: 40px !important;padding-right: 40px !important;padding-bottom: 40px !important;padding-left: 40px !important;background-color: #ffffff !important;}\u00bb][vc_column_text]<\/p>\n<h4>Quienes somos<\/h4>\n<p>[\/vc_column_text][vc_column_text]El Grupo de Trabajo de Sobrevivientes (STF) es un grupo de sobrevivientes de Colorado y sus seres queridos.[\/vc_column_text][\/vc_column][vc_column width=\u00bb1\/3&#8243; css=\u00bb.vc_custom_1611246326968{padding-top: 40px !important;padding-right: 40px !important;padding-bottom: 40px !important;padding-left: 40px !important;background-color: #ffffff !important;}\u00bb][vc_column_text]<\/p>\n<h4>Que hacemos<\/h4>\n<p>[\/vc_column_text][vc_column_text]Los miembros del STF comparten sus perspectivas con el objetivo de educar al p\u00fablico, eliminar el estigama social y afrontar el acoso, el abuso y la agresi\u00f3n sexuales.[\/vc_column_text][\/vc_column][vc_column width=\u00bb1\/3&#8243; css=\u00bb.vc_custom_1611246336072{padding-top: 40px !important;padding-right: 40px !important;padding-bottom: 40px !important;padding-left: 40px !important;background-color: #ffffff !important;}\u00bb][vc_column_text]<\/p>\n<h4>Nuestra misi\u00f3n<\/h4>\n<p>[\/vc_column_text][vc_column_text]El grupo de busca promover la recuperaci\u00f3n, y la prevenci\u00f3n de la violencia sexual dentro de las comunidades de Colorado.[\/vc_column_text][\/vc_column][\/vc_row][vc_row full_width=\u00bbstretch_row_content\u00bb equal_height=\u00bbyes\u00bb el_class=\u00bbstf-row\u00bb][vc_column width=\u00bb1\/2&#8243; css=\u00bb.vc_custom_1611250107755{background-image: url(https:\/\/www.ccasa.org\/wp-content\/uploads\/2021\/01\/survivor-task-force-2.jpg?id=14339) !important;background-position: center !important;background-repeat: no-repeat !important;background-size: cover !important;}\u00bb el_class=\u00bbbackground-col\u00bb][\/vc_column][vc_column width=\u00bb1\/2&#8243; css=\u00bb.vc_custom_1611247347500{padding-top: 18% !important;padding-right: 20% !important;padding-bottom: 18% !important;padding-left: 20% !important;background-color: #00919e !important;}\u00bb][vc_column_text css=\u00bb.vc_custom_1611247584756{margin-bottom: 0px !important;}\u00bb]<span class=\"sub-heading\" style=\"color: #ff9701;\">&#8212; Participa<\/span>[\/vc_column_text][vc_column_text]<\/p>\n<h1><span style=\"color: #ffffff;\"><strong>\u00danase al grupo de trabajo de sobrevivientes<\/strong><\/span><\/h1>\n<p>[\/vc_column_text][vc_column_text]<span style=\"color: #ffffff;\">La participaci\u00f3n de STF est\u00e1 abierta a cualquier persona que se identifique como v\u00edctima \/ sobreviviente de abuso \/ violencia sexual o como pareja o miembro de la familia de una v\u00edctima \/ sobreviviente de violencia sexual. Cada uno de los miembros contribuye al Grupo de Trabajo a su manera y no es necesario que se identifiquen como supervivientes. Tenga en cuenta que esto es<u> no<\/u> un grupo de apoyo, y el STF tampoco es, lamentablemente, una v\u00eda para cambiar el resultado de un caso espec\u00edfico. Los miembros de STF deben estar en un lugar en sus procesos de curaci\u00f3n donde hayan recibido servicios de apoyo y puedan contribuir positivamente a la misi\u00f3n del grupo.<\/span>[\/vc_column_text][\/vc_column][\/vc_row][vc_row css=\u00bb.vc_custom_1611247661964{margin-top: 150px !important;}\u00bb el_class=\u00bbrow-max-width margin-top-adjust\u00bb][vc_column][vc_column_text]<\/p>\n<h1><strong>Los miembros del STF participan en nuestra misi\u00f3n al:<\/strong><\/h1>\n<p>[\/vc_column_text][\/vc_column][\/vc_row][vc_row gap=\u00bb35&#8243; equal_height=\u00bbyes\u00bb el_class=\u00bbrow-max-width stf-mission-row margin-bottom-adjust\u00bb css=\u00bb.vc_custom_1611251142884{margin-bottom: 150px !important;}\u00bb][vc_column width=\u00bb1\/4&#8243; css=\u00bb.vc_custom_1611247834127{padding-top: 40px !important;padding-right: 40px !important;padding-bottom: 20px !important;padding-left: 40px !important;background-color: #ffffff !important;}\u00bb][vc_column_text el_class=\u00bbicons-title\u00bb]<\/p>\n<h4>Revisi\u00f3n de folletos y materiales de CCASA<\/h4>\n<p>[\/vc_column_text][\/vc_column][vc_column width=\u00bb1\/4&#8243; css=\u00bb.vc_custom_1611247861849{padding-top: 40px !important;padding-right: 40px !important;padding-bottom: 20px !important;padding-left: 40px !important;background-color: #ffffff !important;}\u00bb][vc_column_text el_class=\u00bbicons-title\u00bb]<\/p>\n<h4>Proporcionar a CCASA retroalimentaci\u00f3n sobre programas y servicios.<\/h4>\n<p>[\/vc_column_text][\/vc_column][vc_column width=\u00bb1\/4&#8243; css=\u00bb.vc_custom_1611247920305{padding-top: 40px !important;padding-right: 40px !important;padding-bottom: 20px !important;padding-left: 40px !important;background-color: #ffffff !important;}\u00bb][vc_column_text el_class=\u00bbicons-title\u00bb]<\/p>\n<h4>Revisi\u00f3n de anuncios de servicio p\u00fablico y otros esfuerzos de los medios<\/h4>\n<p>[\/vc_column_text][\/vc_column][vc_column width=\u00bb1\/4&#8243; css=\u00bb.vc_custom_1611248095143{padding-top: 40px !important;padding-right: 40px !important;padding-bottom: 20px !important;padding-left: 40px !important;background-color: #ffffff !important;}\u00bb][vc_column_text el_class=\u00bbicons-title\u00bb]<\/p>\n<h4>Dar entrevistas a los medios<\/h4>\n<p>[\/vc_column_text][\/vc_column][vc_column width=\u00bb1\/4&#8243; css=\u00bb.vc_custom_1611250747235{padding-top: 40px !important;padding-right: 40px !important;padding-bottom: 20px !important;padding-left: 40px !important;background-color: #ffffff !important;}\u00bb][vc_column_text el_class=\u00bbicons-title\u00bb]<\/p>\n<h4>Escribir cartas al editor<\/h4>\n<p>[\/vc_column_text][\/vc_column][vc_column width=\u00bb1\/4&#8243; css=\u00bb.vc_custom_1611250759599{padding-top: 40px !important;padding-right: 40px !important;padding-bottom: 20px !important;padding-left: 40px !important;background-color: #ffffff !important;}\u00bb][vc_column_text el_class=\u00bbicons-title\u00bb]<\/p>\n<h4>Ideas de pensamiento libre para el alcance de los sobrevivientes<\/h4>\n<p>[\/vc_column_text][\/vc_column][vc_column width=\u00bb1\/4&#8243; css=\u00bb.vc_custom_1611250716128{padding-top: 40px !important;padding-right: 40px !important;padding-bottom: 20px !important;padding-left: 40px !important;background-color: #ffffff !important;}\u00bb][vc_column_text el_class=\u00bbicons-title\u00bb]<\/p>\n<h4>Hablar con grupos comunitarios<\/h4>\n<p>[\/vc_column_text][\/vc_column][vc_column width=\u00bb1\/4&#8243; css=\u00bb.vc_custom_1611250729440{padding-top: 40px !important;padding-right: 40px !important;padding-bottom: 20px !important;padding-left: 40px !important;background-color: #ffffff !important;}\u00bb][vc_column_text el_class=\u00bbicons-title\u00bb]<\/p>\n<h4>Testificar en audiencias p\u00fablicas en la legislatura<\/h4>\n<p>[\/vc_column_text][\/vc_column][\/vc_row][vc_row full_width=\u00bbstretch_row\u00bb gap=\u00bb35&#8243; equal_height=\u00bbyes\u00bb css=\u00bb.vc_custom_1611248962165{padding-top: 120px !important;padding-bottom: 120px !important;background-color: #006a72 !important;}\u00bb el_class=\u00bbpadding-adjust\u00bb][vc_column][vc_column_text]<\/p>\n<p style=\"text-align: center;\"><span class=\"sub-heading\" style=\"color: #ff9701;\">&#8212; Aplicar &#8212;<\/span><\/p>\n<p>[\/vc_column_text][vc_column_text]<\/p>\n<h1 style=\"text-align: center;\"><span style=\"color: #ffffff;\"><strong>\u00bfListo para participar?<\/strong><\/span><\/h1>\n<p>[\/vc_column_text][vc_column_text]<\/p>\n<h5 style=\"text-align: center;\"><span style=\"color: #ffffff;\">Complete la Solicitud del Grupo de trabajo de sobrevivientes <\/span><\/h5>\n<p>[\/vc_column_text][vc_btn title=\u00bb\u00daNETE A STF\u00bb style=\u00bbcustom\u00bb custom_background=\u00bb#ff9701&#8243; custom_text=\u00bb#ffffff\u00bb shape=\u00bbsquare\u00bb size=\u00bblg\u00bb align=\u00bbcenter\u00bb link=\u00bburl:https%3A%2F%2Fwww.ccasa.org%2Fes%2Fhazte-miembro-de-el-grupo-stf%2F|title:Convi%C3%A9rtase%20en%20miembro%20del%20STF\u00bb el_class=\u00bbmain-button\u00bb][\/vc_column][\/vc_row]<\/p>\n<\/div>","protected":false},"excerpt":{"rendered":"<p>[vc_row gap=\u00bb35&#8243; equal_height=\u00bbyes\u00bb css=\u00bb.vc_custom_1611247231618{margin-top: 150px !important;}\u00bb el_class=\u00bbrow-max-width margin-top-adjust\u00bb][vc_column width=\u00bb2\/3&#8243; css=\u00bb.vc_custom_1611251103361{padding-top: 72px !important;padding-right: 72px !important;padding-bottom: 72px !important;padding-left: 72px !important;background-color: #006a72 !important;}\u00bb el_class=\u00bbstf-main-col\u00bb][vc_column_text css=\u00bb.vc_custom_1612902655681{margin-bottom: 0px !important;}\u00bb]&#8212; Empoderar &#8230; <\/p>\n<p class=\"read-more-container\"><a title=\"Grupo de Sobrevivientes\" class=\"read-more button\" href=\"https:\/\/ccasa.org\/es\/grupo-de-sobrevivientes\/#more-17273\" aria-label=\"Leer m\u00e1s sobre Grupo de Sobrevivientes\">Leer m\u00e1s<\/a><\/p>\n","protected":false},"author":1,"featured_media":17007,"parent":0,"menu_order":0,"comment_status":"closed","ping_status":"closed","template":"","meta":{"_acf_changed":false,"footnotes":""},"class_list":{"0":"post-17273","1":"page","2":"type-page","3":"status-publish","4":"has-post-thumbnail","6":"resize-featured-image"},"acf":[],"yoast_head":"<!-- This site is optimized with the Yoast SEO plugin v27.4 - https:\/\/yoast.com\/product\/yoast-seo-wordpress\/ -->\n<title>Grupo de Sobrevivientes - Colorado Coalition Against Sexual Assault<\/title>\n<meta name=\"description\" content=\"The Colorado Coalition Against Sexual Assault serves as the collective voice of rape crisis centers and other advocates in Colorado.\" \/>\n<meta name=\"robots\" content=\"index, follow, max-snippet:-1, max-image-preview:large, max-video-preview:-1\" \/>\n<link rel=\"canonical\" href=\"https:\/\/ccasa.org\/es\/grupo-de-sobrevivientes\/\" \/>\n<meta property=\"og:locale\" content=\"es_ES\" \/>\n<meta property=\"og:type\" content=\"article\" \/>\n<meta property=\"og:title\" content=\"Grupo de Sobrevivientes - Colorado Coalition Against Sexual Assault\" \/>\n<meta property=\"og:description\" content=\"The Colorado Coalition Against Sexual Assault serves as the collective voice of rape crisis centers and other advocates in Colorado.\" \/>\n<meta property=\"og:url\" content=\"https:\/\/ccasa.org\/es\/grupo-de-sobrevivientes\/\" \/>\n<meta property=\"og:site_name\" content=\"Colorado Coalition Against Sexual Assault\" \/>\n<meta property=\"article:modified_time\" content=\"2021-02-22T20:59:17+00:00\" \/>\n<meta property=\"og:image\" content=\"https:\/\/ccasa.org\/wp-content\/uploads\/2021\/01\/default-blog-image-2.jpg\" \/>\n\t<meta property=\"og:image:width\" content=\"845\" \/>\n\t<meta property=\"og:image:height\" content=\"400\" \/>\n\t<meta property=\"og:image:type\" content=\"image\/jpeg\" \/>\n<meta name=\"twitter:card\" content=\"summary_large_image\" \/>\n<meta name=\"twitter:label1\" content=\"Tiempo de lectura\" \/>\n\t<meta name=\"twitter:data1\" content=\"3 minutos\" \/>\n<script type=\"application\/ld+json\" class=\"yoast-schema-graph\">{\"@context\":\"https:\\\/\\\/schema.org\",\"@graph\":[{\"@type\":\"WebPage\",\"@id\":\"https:\\\/\\\/ccasa.org\\\/es\\\/grupo-de-sobrevivientes\\\/\",\"url\":\"https:\\\/\\\/ccasa.org\\\/es\\\/grupo-de-sobrevivientes\\\/\",\"name\":\"Grupo de Sobrevivientes - Colorado Coalition Against Sexual Assault\",\"isPartOf\":{\"@id\":\"https:\\\/\\\/ccasa.org\\\/#website\"},\"primaryImageOfPage\":{\"@id\":\"https:\\\/\\\/ccasa.org\\\/es\\\/grupo-de-sobrevivientes\\\/#primaryimage\"},\"image\":{\"@id\":\"https:\\\/\\\/ccasa.org\\\/es\\\/grupo-de-sobrevivientes\\\/#primaryimage\"},\"thumbnailUrl\":\"https:\\\/\\\/ccasa.org\\\/wp-content\\\/uploads\\\/2021\\\/01\\\/default-blog-image-2.jpg\",\"datePublished\":\"2021-02-05T21:56:00+00:00\",\"dateModified\":\"2021-02-22T20:59:17+00:00\",\"description\":\"The Colorado Coalition Against Sexual Assault serves as the collective voice of rape crisis centers and other advocates in Colorado.\",\"breadcrumb\":{\"@id\":\"https:\\\/\\\/ccasa.org\\\/es\\\/grupo-de-sobrevivientes\\\/#breadcrumb\"},\"inLanguage\":\"es\",\"potentialAction\":[{\"@type\":\"ReadAction\",\"target\":[\"https:\\\/\\\/ccasa.org\\\/es\\\/grupo-de-sobrevivientes\\\/\"]}]},{\"@type\":\"ImageObject\",\"inLanguage\":\"es\",\"@id\":\"https:\\\/\\\/ccasa.org\\\/es\\\/grupo-de-sobrevivientes\\\/#primaryimage\",\"url\":\"https:\\\/\\\/ccasa.org\\\/wp-content\\\/uploads\\\/2021\\\/01\\\/default-blog-image-2.jpg\",\"contentUrl\":\"https:\\\/\\\/ccasa.org\\\/wp-content\\\/uploads\\\/2021\\\/01\\\/default-blog-image-2.jpg\",\"width\":845,\"height\":400,\"caption\":\"Logotipo de CCASA\"},{\"@type\":\"BreadcrumbList\",\"@id\":\"https:\\\/\\\/ccasa.org\\\/es\\\/grupo-de-sobrevivientes\\\/#breadcrumb\",\"itemListElement\":[{\"@type\":\"ListItem\",\"position\":1,\"name\":\"Home\",\"item\":\"https:\\\/\\\/ccasa.org\\\/es\\\/\"},{\"@type\":\"ListItem\",\"position\":2,\"name\":\"Grupo de Sobrevivientes\"}]},{\"@type\":\"WebSite\",\"@id\":\"https:\\\/\\\/ccasa.org\\\/#website\",\"url\":\"https:\\\/\\\/ccasa.org\\\/\",\"name\":\"Colorado Coalition Against Sexual Assault\",\"description\":\"\",\"publisher\":{\"@id\":\"https:\\\/\\\/ccasa.org\\\/#organization\"},\"potentialAction\":[{\"@type\":\"SearchAction\",\"target\":{\"@type\":\"EntryPoint\",\"urlTemplate\":\"https:\\\/\\\/ccasa.org\\\/?s={search_term_string}\"},\"query-input\":{\"@type\":\"PropertyValueSpecification\",\"valueRequired\":true,\"valueName\":\"search_term_string\"}}],\"inLanguage\":\"es\"},{\"@type\":\"Organization\",\"@id\":\"https:\\\/\\\/ccasa.org\\\/#organization\",\"name\":\"Colorado Coalition Against Sexual Assault (CCASA)\",\"url\":\"https:\\\/\\\/ccasa.org\\\/\",\"logo\":{\"@type\":\"ImageObject\",\"inLanguage\":\"es\",\"@id\":\"https:\\\/\\\/ccasa.org\\\/#\\\/schema\\\/logo\\\/image\\\/\",\"url\":\"https:\\\/\\\/www.ccasa.org\\\/wp-content\\\/uploads\\\/2018\\\/05\\\/ccasa-logo-large_png.png\",\"contentUrl\":\"https:\\\/\\\/www.ccasa.org\\\/wp-content\\\/uploads\\\/2018\\\/05\\\/ccasa-logo-large_png.png\",\"width\":1920,\"height\":1080,\"caption\":\"Colorado Coalition Against Sexual Assault (CCASA)\"},\"image\":{\"@id\":\"https:\\\/\\\/ccasa.org\\\/#\\\/schema\\\/logo\\\/image\\\/\"}}]}<\/script>\n<!-- \/ Yoast SEO plugin. -->","yoast_head_json":{"title":"Grupo de Sobrevivientes - Colorado Coalition Against Sexual Assault","description":"The Colorado Coalition Against Sexual Assault serves as the collective voice of rape crisis centers and other advocates in Colorado.","robots":{"index":"index","follow":"follow","max-snippet":"max-snippet:-1","max-image-preview":"max-image-preview:large","max-video-preview":"max-video-preview:-1"},"canonical":"https:\/\/ccasa.org\/es\/grupo-de-sobrevivientes\/","og_locale":"es_ES","og_type":"article","og_title":"Grupo de Sobrevivientes - Colorado Coalition Against Sexual Assault","og_description":"The Colorado Coalition Against Sexual Assault serves as the collective voice of rape crisis centers and other advocates in Colorado.","og_url":"https:\/\/ccasa.org\/es\/grupo-de-sobrevivientes\/","og_site_name":"Colorado Coalition Against Sexual Assault","article_modified_time":"2021-02-22T20:59:17+00:00","og_image":[{"width":845,"height":400,"url":"https:\/\/ccasa.org\/wp-content\/uploads\/2021\/01\/default-blog-image-2.jpg","type":"image\/jpeg"}],"twitter_card":"summary_large_image","twitter_misc":{"Tiempo de lectura":"3 minutos"},"schema":{"@context":"https:\/\/schema.org","@graph":[{"@type":"WebPage","@id":"https:\/\/ccasa.org\/es\/grupo-de-sobrevivientes\/","url":"https:\/\/ccasa.org\/es\/grupo-de-sobrevivientes\/","name":"Grupo de Sobrevivientes - Colorado Coalition Against Sexual Assault","isPartOf":{"@id":"https:\/\/ccasa.org\/#website"},"primaryImageOfPage":{"@id":"https:\/\/ccasa.org\/es\/grupo-de-sobrevivientes\/#primaryimage"},"image":{"@id":"https:\/\/ccasa.org\/es\/grupo-de-sobrevivientes\/#primaryimage"},"thumbnailUrl":"https:\/\/ccasa.org\/wp-content\/uploads\/2021\/01\/default-blog-image-2.jpg","datePublished":"2021-02-05T21:56:00+00:00","dateModified":"2021-02-22T20:59:17+00:00","description":"The Colorado Coalition Against Sexual Assault serves as the collective voice of rape crisis centers and other advocates in Colorado.","breadcrumb":{"@id":"https:\/\/ccasa.org\/es\/grupo-de-sobrevivientes\/#breadcrumb"},"inLanguage":"es","potentialAction":[{"@type":"ReadAction","target":["https:\/\/ccasa.org\/es\/grupo-de-sobrevivientes\/"]}]},{"@type":"ImageObject","inLanguage":"es","@id":"https:\/\/ccasa.org\/es\/grupo-de-sobrevivientes\/#primaryimage","url":"https:\/\/ccasa.org\/wp-content\/uploads\/2021\/01\/default-blog-image-2.jpg","contentUrl":"https:\/\/ccasa.org\/wp-content\/uploads\/2021\/01\/default-blog-image-2.jpg","width":845,"height":400,"caption":"Logotipo de CCASA"},{"@type":"BreadcrumbList","@id":"https:\/\/ccasa.org\/es\/grupo-de-sobrevivientes\/#breadcrumb","itemListElement":[{"@type":"ListItem","position":1,"name":"Home","item":"https:\/\/ccasa.org\/es\/"},{"@type":"ListItem","position":2,"name":"Grupo de Sobrevivientes"}]},{"@type":"WebSite","@id":"https:\/\/ccasa.org\/#website","url":"https:\/\/ccasa.org\/","name":"Colorado Coalition Against Sexual Assault","description":"","publisher":{"@id":"https:\/\/ccasa.org\/#organization"},"potentialAction":[{"@type":"SearchAction","target":{"@type":"EntryPoint","urlTemplate":"https:\/\/ccasa.org\/?s={search_term_string}"},"query-input":{"@type":"PropertyValueSpecification","valueRequired":true,"valueName":"search_term_string"}}],"inLanguage":"es"},{"@type":"Organization","@id":"https:\/\/ccasa.org\/#organization","name":"Colorado Coalition Against Sexual Assault (CCASA)","url":"https:\/\/ccasa.org\/","logo":{"@type":"ImageObject","inLanguage":"es","@id":"https:\/\/ccasa.org\/#\/schema\/logo\/image\/","url":"https:\/\/www.ccasa.org\/wp-content\/uploads\/2018\/05\/ccasa-logo-large_png.png","contentUrl":"https:\/\/www.ccasa.org\/wp-content\/uploads\/2018\/05\/ccasa-logo-large_png.png","width":1920,"height":1080,"caption":"Colorado Coalition Against Sexual Assault (CCASA)"},"image":{"@id":"https:\/\/ccasa.org\/#\/schema\/logo\/image\/"}}]}},"_links":{"self":[{"href":"https:\/\/ccasa.org\/es\/wp-json\/wp\/v2\/pages\/17273","targetHints":{"allow":["GET"]}}],"collection":[{"href":"https:\/\/ccasa.org\/es\/wp-json\/wp\/v2\/pages"}],"about":[{"href":"https:\/\/ccasa.org\/es\/wp-json\/wp\/v2\/types\/page"}],"author":[{"embeddable":true,"href":"https:\/\/ccasa.org\/es\/wp-json\/wp\/v2\/users\/1"}],"replies":[{"embeddable":true,"href":"https:\/\/ccasa.org\/es\/wp-json\/wp\/v2\/comments?post=17273"}],"version-history":[{"count":0,"href":"https:\/\/ccasa.org\/es\/wp-json\/wp\/v2\/pages\/17273\/revisions"}],"wp:featuredmedia":[{"embeddable":true,"href":"https:\/\/ccasa.org\/es\/wp-json\/wp\/v2\/media\/17007"}],"wp:attachment":[{"href":"https:\/\/ccasa.org\/es\/wp-json\/wp\/v2\/media?parent=17273"}],"curies":[{"name":"wp","href":"https:\/\/api.w.org\/{rel}","templated":true}]}}