{"id":17261,"date":"2021-02-05T13:28:33","date_gmt":"2021-02-05T20:28:33","guid":{"rendered":"https:\/\/www.ccasa.org\/para-sobrevivientes\/"},"modified":"2021-02-22T14:11:26","modified_gmt":"2021-02-22T21:11:26","slug":"para-sobrevivientes","status":"publish","type":"page","link":"https:\/\/ccasa.org\/es\/para-sobrevivientes\/","title":{"rendered":"Para Sobrevivientes"},"content":{"rendered":"<div class=\"wpb-content-wrapper\"><p>[vc_row gap=\u00bb35&#8243; equal_height=\u00bbyes\u00bb css=\u00bb.vc_custom_1611255941360{margin-top: 150px !important;margin-bottom: 150px !important;}\u00bb el_class=\u00bbrow-max-width margin-adjust\u00bb][vc_column width=\u00bb2\/3&#8243;][vc_column_text css=\u00bb.vc_custom_1614028282708{margin-bottom: 0px !important;}\u00bb]<span class=\"sub-heading\" style=\"color: #ff9701;\">&#8212; Encuentra de los servicios<\/span>[\/vc_column_text][vc_column_text]<\/p>\n<h1>PARA SOBREVIVIENTES<\/h1>\n<p>[\/vc_column_text][vc_column_text]Como coalici\u00f3n estatal, CCASA no brinda servicios directos a los sobrevivientes.<\/p>\n<p>Colorado tiene una gran cantidad de centros de crisis por violaci\u00f3n en todo el estado que pueden ser de ayuda. Estos centros brindan referencias y servicios confidenciales y gratuitos para v\u00edctimas de agresi\u00f3n sexual, sobrevivientes y sus familiares y amigos cercanos.\u00a0Consulte a continuaci\u00f3n para encontrar su centro local.<\/p>\n<p>Si necesita o desea ayuda para encontrar su recurso local, comun\u00edquese con <a href=\"mailto:info@ccasa.org\">info@ccasa.org<\/a>.\u00a0<em>*Aviso, no podemos garantizar la confidencialidad de los correos electr\u00f3nicos enviados a CCASA.<\/em>[\/vc_column_text][\/vc_column][vc_column width=\u00bb1\/3&#8243; el_class=\u00bbbackground-col\u00bb css=\u00bb.vc_custom_1611255823658{background-image: url(https:\/\/www.ccasa.org\/wp-content\/uploads\/2021\/01\/AdobeStock_124650813_Preview.jpeg?id=14359) !important;background-position: center !important;background-repeat: no-repeat !important;background-size: cover !important;}\u00bb][\/vc_column][\/vc_row][vc_row full_width=\u00bbstretch_row_content\u00bb css=\u00bb.vc_custom_1612216129081{background-color: #ffffff !important;}\u00bb][vc_column width=\u00bb1\/2&#8243; css=\u00bb.vc_custom_1612217660372{padding-top: 72px !important;padding-right: 72px !important;padding-bottom: 72px !important;padding-left: 72px !important;}\u00bb el_class=\u00bbsurvivors-yhtr-col\u00bb][vc_column_text css=\u00bb.vc_custom_1611256367545{margin-bottom: 0px !important;}\u00bb]<\/p>\n<p style=\"text-align: center;\"><span class=\"sub-heading\" style=\"color: #ff9701;\">&#8212; Find Resources &#8212;<\/span><\/p>\n<p>[\/vc_column_text][vc_column_text el_class=\u00bbyhtr-title\u00bb el_id=\u00bbyhtr-title-english\u00bb]<\/p>\n<h1 style=\"text-align: center;\"><a href=\"https:\/\/youhavetherightco.org\/support-services-2-2\/\" target=\"_blank\" rel=\"noopener noreferrer\">YouHaveTheRightCO.org<\/a><\/h1>\n<p>[\/vc_column_text][vc_column_text]You can find information to connect to a service provider near you by going to <a id=\"yhtr-link\" href=\"http:\/\/youhavetherightco.org\/support-services-2-2\" target=\"_blank\" rel=\"noopener noreferrer\">YouHaveTheRightCO.org<\/a>. This site has the resources you need if you, or a loved one, has experienced sexual assault. Find out resources in your community, your reporting options, medical care and your legal rights.[\/vc_column_text][vc_btn title=\u00bbVISITA YOUHAVETHERIGHTCO.ORG\u00bb style=\u00bbcustom\u00bb custom_background=\u00bb#ff9701&#8243; custom_text=\u00bb#ffffff\u00bb shape=\u00bbsquare\u00bb size=\u00bblg\u00bb align=\u00bbcenter\u00bb link=\u00bburl:https%3A%2F%2Fyouhavetherightco.org%2Fsupport-services-2-2|target:_blank|\u00bb el_class=\u00bbmain-button\u00bb el_id=\u00bbyhtr-button\u00bb][\/vc_column][vc_column width=\u00bb1\/2&#8243; css=\u00bb.vc_custom_1612217764038{padding-top: 72px !important;padding-right: 72px !important;padding-bottom: 72px !important;padding-left: 72px !important;background-color: #efefef !important;}\u00bb el_class=\u00bbsurvivors-yhtr-col\u00bb][vc_column_text css=\u00bb.vc_custom_1612215987720{margin-bottom: 0px !important;}\u00bb]<\/p>\n<p style=\"text-align: center;\"><span class=\"sub-heading\" style=\"color: #ff9701;\">&#8212; Encuentra recursos &#8212;<\/span><\/p>\n<p>[\/vc_column_text][vc_column_text el_class=\u00bbyhtr-title\u00bb el_id=\u00bbyhtr-title-spanish\u00bb]<\/p>\n<h1 style=\"text-align: center;\"><a href=\"https:\/\/youhavetherightco.org\/es\/support-services-2\/\" target=\"_blank\" rel=\"noopener noreferrer\">TieneElDerechoCO.org<\/a><\/h1>\n<p>[\/vc_column_text][vc_column_text]Puede encontrar informaci\u00f3n para conectarse con un proveedor de servicios cercano en<a id=\"yhtr-link-spanish\" href=\"https:\/\/youhavetherightco.org\/es\/support-services-2\/\" target=\"_blank\" rel=\"noopener noreferrer\"> TieneElDerechoCO.org<\/a> . Este sitio web tiene los recursos que necesita si usted o un ser querido ha sufrido una agresi\u00f3n sexual. Descubra los recursos en su comunidad, sus opciones de informes, atenci\u00f3n m\u00e9dica y sus derechos legales.[\/vc_column_text][vc_btn title=\u00bbVISITA TIENEELDERECHOCO.ORG\u00bb style=\u00bbcustom\u00bb custom_background=\u00bb#ff9701&#8243; custom_text=\u00bb#ffffff\u00bb shape=\u00bbsquare\u00bb size=\u00bblg\u00bb align=\u00bbcenter\u00bb link=\u00bburl:https%3A%2F%2Fyouhavetherightco.org%2Fes%2Fsupport-services-2%2F|target:_blank|\u00bb el_class=\u00bbmain-button\u00bb el_id=\u00bbyhtr-button-spanish\u00bb][\/vc_column][\/vc_row][vc_row gap=\u00bb35&#8243; equal_height=\u00bbyes\u00bb el_class=\u00bbrow-max-width margin-adjust\u00bb css=\u00bb.vc_custom_1611258387628{margin-top: 150px !important;margin-bottom: 150px !important;}\u00bb][vc_column width=\u00bb1\/3&#8243; css=\u00bb.vc_custom_1612478094819{padding-top: 72px !important;padding-right: 72px !important;padding-bottom: 72px !important;padding-left: 72px !important;background-image: url(https:\/\/www.ccasa.org\/wp-content\/uploads\/2021\/02\/get-help.jpg?id=17178) !important;background-position: center !important;background-repeat: no-repeat !important;background-size: cover !important;}\u00bb el_class=\u00bbbackground-col\u00bb][\/vc_column][vc_column width=\u00bb2\/3&#8243; css=\u00bb.vc_custom_1612217904710{padding-top: 72px !important;padding-right: 72px !important;padding-bottom: 72px !important;padding-left: 72px !important;background-color: #006a72 !important;}\u00bb el_class=\u00bb.survivors-confidential-col\u00bb][vc_column_text css=\u00bb.vc_custom_1611258577708{margin-bottom: 0px !important;}\u00bb]<span class=\"sub-heading\" style=\"color: #ff9701;\">&#8211; Confidencial<\/span>[\/vc_column_text][vc_column_text]<\/p>\n<h1><span style=\"color: #ffffff;\">Obtenga ayuda: lo que debe saber antes de llamar<\/span><\/h1>\n<p>[\/vc_column_text][vc_column_text]<span style=\"color: #ffffff;\">Uno de los servicios m\u00e1s importantes es una l\u00ednea de crisis a la que puede llamar para hablar con un miembro del personal capacitado o con un voluntario acerca de sus sentimientos e inquietudes relacionadas con la agresi\u00f3n.<\/span><\/p>\n<h4><span style=\"color: #ffffff;\">Sus conversaciones con el personal del centro de crisis por violaci\u00f3n se mantienen privadas y confidenciales.<\/span><\/h4>\n<p><span style=\"color: #ffffff;\">Si le preocupa la notificaci\u00f3n obligatoria a la polic\u00eda o al DSS, usted puede llamar sin dar su nombre y a\u00fan as\u00ed obtener respuestas a sus preguntas en privado.<\/span>[\/vc_column_text][\/vc_column][\/vc_row]<\/p>\n<\/div>","protected":false},"excerpt":{"rendered":"<p>[vc_row gap=\u00bb35&#8243; equal_height=\u00bbyes\u00bb css=\u00bb.vc_custom_1611255941360{margin-top: 150px !important;margin-bottom: 150px !important;}\u00bb el_class=\u00bbrow-max-width margin-adjust\u00bb][vc_column width=\u00bb2\/3&#8243;][vc_column_text css=\u00bb.vc_custom_1614028282708{margin-bottom: 0px !important;}\u00bb]&#8212; Encuentra de los servicios[\/vc_column_text][vc_column_text] PARA SOBREVIVIENTES [\/vc_column_text][vc_column_text]Como coalici\u00f3n estatal, CCASA no &#8230; <\/p>\n<p class=\"read-more-container\"><a title=\"Para Sobrevivientes\" class=\"read-more button\" href=\"https:\/\/ccasa.org\/es\/para-sobrevivientes\/#more-17261\" aria-label=\"Leer m\u00e1s sobre Para Sobrevivientes\">Leer m\u00e1s<\/a><\/p>\n","protected":false},"author":1,"featured_media":17007,"parent":0,"menu_order":0,"comment_status":"closed","ping_status":"closed","template":"","meta":{"_acf_changed":false,"footnotes":""},"class_list":{"0":"post-17261","1":"page","2":"type-page","3":"status-publish","4":"has-post-thumbnail","6":"resize-featured-image"},"acf":[],"yoast_head":"<!-- This site is optimized with the Yoast SEO plugin v27.3 - https:\/\/yoast.com\/product\/yoast-seo-wordpress\/ -->\n<title>Para Sobrevivientes - Colorado Coalition Against Sexual Assault<\/title>\n<meta name=\"description\" content=\"The Colorado Coalition Against Sexual Assault serves as the collective voice of rape crisis centers and other advocates in Colorado.\" \/>\n<meta name=\"robots\" content=\"index, follow, max-snippet:-1, max-image-preview:large, max-video-preview:-1\" \/>\n<link rel=\"canonical\" href=\"https:\/\/ccasa.org\/es\/para-sobrevivientes\/\" \/>\n<meta property=\"og:locale\" content=\"es_ES\" \/>\n<meta property=\"og:type\" content=\"article\" \/>\n<meta property=\"og:title\" content=\"Para Sobrevivientes - Colorado Coalition Against Sexual Assault\" \/>\n<meta property=\"og:description\" content=\"The Colorado Coalition Against Sexual Assault serves as the collective voice of rape crisis centers and other advocates in Colorado.\" \/>\n<meta property=\"og:url\" content=\"https:\/\/ccasa.org\/es\/para-sobrevivientes\/\" \/>\n<meta property=\"og:site_name\" content=\"Colorado Coalition Against Sexual Assault\" \/>\n<meta property=\"article:modified_time\" content=\"2021-02-22T21:11:26+00:00\" \/>\n<meta property=\"og:image\" content=\"https:\/\/ccasa.org\/wp-content\/uploads\/2021\/01\/default-blog-image-2.jpg\" \/>\n\t<meta property=\"og:image:width\" content=\"845\" \/>\n\t<meta property=\"og:image:height\" content=\"400\" \/>\n\t<meta property=\"og:image:type\" content=\"image\/jpeg\" \/>\n<meta name=\"twitter:card\" content=\"summary_large_image\" \/>\n<meta name=\"twitter:label1\" content=\"Tiempo de lectura\" \/>\n\t<meta name=\"twitter:data1\" content=\"2 minutos\" \/>\n<script type=\"application\/ld+json\" class=\"yoast-schema-graph\">{\"@context\":\"https:\\\/\\\/schema.org\",\"@graph\":[{\"@type\":\"WebPage\",\"@id\":\"https:\\\/\\\/ccasa.org\\\/es\\\/para-sobrevivientes\\\/\",\"url\":\"https:\\\/\\\/ccasa.org\\\/es\\\/para-sobrevivientes\\\/\",\"name\":\"Para Sobrevivientes - Colorado Coalition Against Sexual Assault\",\"isPartOf\":{\"@id\":\"https:\\\/\\\/ccasa.org\\\/#website\"},\"primaryImageOfPage\":{\"@id\":\"https:\\\/\\\/ccasa.org\\\/es\\\/para-sobrevivientes\\\/#primaryimage\"},\"image\":{\"@id\":\"https:\\\/\\\/ccasa.org\\\/es\\\/para-sobrevivientes\\\/#primaryimage\"},\"thumbnailUrl\":\"https:\\\/\\\/ccasa.org\\\/wp-content\\\/uploads\\\/2021\\\/01\\\/default-blog-image-2.jpg\",\"datePublished\":\"2021-02-05T20:28:33+00:00\",\"dateModified\":\"2021-02-22T21:11:26+00:00\",\"description\":\"The Colorado Coalition Against Sexual Assault serves as the collective voice of rape crisis centers and other advocates in Colorado.\",\"breadcrumb\":{\"@id\":\"https:\\\/\\\/ccasa.org\\\/es\\\/para-sobrevivientes\\\/#breadcrumb\"},\"inLanguage\":\"es\",\"potentialAction\":[{\"@type\":\"ReadAction\",\"target\":[\"https:\\\/\\\/ccasa.org\\\/es\\\/para-sobrevivientes\\\/\"]}]},{\"@type\":\"ImageObject\",\"inLanguage\":\"es\",\"@id\":\"https:\\\/\\\/ccasa.org\\\/es\\\/para-sobrevivientes\\\/#primaryimage\",\"url\":\"https:\\\/\\\/ccasa.org\\\/wp-content\\\/uploads\\\/2021\\\/01\\\/default-blog-image-2.jpg\",\"contentUrl\":\"https:\\\/\\\/ccasa.org\\\/wp-content\\\/uploads\\\/2021\\\/01\\\/default-blog-image-2.jpg\",\"width\":845,\"height\":400,\"caption\":\"Logotipo de CCASA\"},{\"@type\":\"BreadcrumbList\",\"@id\":\"https:\\\/\\\/ccasa.org\\\/es\\\/para-sobrevivientes\\\/#breadcrumb\",\"itemListElement\":[{\"@type\":\"ListItem\",\"position\":1,\"name\":\"Home\",\"item\":\"https:\\\/\\\/ccasa.org\\\/es\\\/\"},{\"@type\":\"ListItem\",\"position\":2,\"name\":\"Para Sobrevivientes\"}]},{\"@type\":\"WebSite\",\"@id\":\"https:\\\/\\\/ccasa.org\\\/#website\",\"url\":\"https:\\\/\\\/ccasa.org\\\/\",\"name\":\"Colorado Coalition Against Sexual Assault\",\"description\":\"\",\"publisher\":{\"@id\":\"https:\\\/\\\/ccasa.org\\\/#organization\"},\"potentialAction\":[{\"@type\":\"SearchAction\",\"target\":{\"@type\":\"EntryPoint\",\"urlTemplate\":\"https:\\\/\\\/ccasa.org\\\/?s={search_term_string}\"},\"query-input\":{\"@type\":\"PropertyValueSpecification\",\"valueRequired\":true,\"valueName\":\"search_term_string\"}}],\"inLanguage\":\"es\"},{\"@type\":\"Organization\",\"@id\":\"https:\\\/\\\/ccasa.org\\\/#organization\",\"name\":\"Colorado Coalition Against Sexual Assault (CCASA)\",\"url\":\"https:\\\/\\\/ccasa.org\\\/\",\"logo\":{\"@type\":\"ImageObject\",\"inLanguage\":\"es\",\"@id\":\"https:\\\/\\\/ccasa.org\\\/#\\\/schema\\\/logo\\\/image\\\/\",\"url\":\"https:\\\/\\\/www.ccasa.org\\\/wp-content\\\/uploads\\\/2018\\\/05\\\/ccasa-logo-large_png.png\",\"contentUrl\":\"https:\\\/\\\/www.ccasa.org\\\/wp-content\\\/uploads\\\/2018\\\/05\\\/ccasa-logo-large_png.png\",\"width\":1920,\"height\":1080,\"caption\":\"Colorado Coalition Against Sexual Assault (CCASA)\"},\"image\":{\"@id\":\"https:\\\/\\\/ccasa.org\\\/#\\\/schema\\\/logo\\\/image\\\/\"}}]}<\/script>\n<!-- \/ Yoast SEO plugin. -->","yoast_head_json":{"title":"Para Sobrevivientes - Colorado Coalition Against Sexual Assault","description":"The Colorado Coalition Against Sexual Assault serves as the collective voice of rape crisis centers and other advocates in Colorado.","robots":{"index":"index","follow":"follow","max-snippet":"max-snippet:-1","max-image-preview":"max-image-preview:large","max-video-preview":"max-video-preview:-1"},"canonical":"https:\/\/ccasa.org\/es\/para-sobrevivientes\/","og_locale":"es_ES","og_type":"article","og_title":"Para Sobrevivientes - Colorado Coalition Against Sexual Assault","og_description":"The Colorado Coalition Against Sexual Assault serves as the collective voice of rape crisis centers and other advocates in Colorado.","og_url":"https:\/\/ccasa.org\/es\/para-sobrevivientes\/","og_site_name":"Colorado Coalition Against Sexual Assault","article_modified_time":"2021-02-22T21:11:26+00:00","og_image":[{"width":845,"height":400,"url":"https:\/\/ccasa.org\/wp-content\/uploads\/2021\/01\/default-blog-image-2.jpg","type":"image\/jpeg"}],"twitter_card":"summary_large_image","twitter_misc":{"Tiempo de lectura":"2 minutos"},"schema":{"@context":"https:\/\/schema.org","@graph":[{"@type":"WebPage","@id":"https:\/\/ccasa.org\/es\/para-sobrevivientes\/","url":"https:\/\/ccasa.org\/es\/para-sobrevivientes\/","name":"Para Sobrevivientes - Colorado Coalition Against Sexual Assault","isPartOf":{"@id":"https:\/\/ccasa.org\/#website"},"primaryImageOfPage":{"@id":"https:\/\/ccasa.org\/es\/para-sobrevivientes\/#primaryimage"},"image":{"@id":"https:\/\/ccasa.org\/es\/para-sobrevivientes\/#primaryimage"},"thumbnailUrl":"https:\/\/ccasa.org\/wp-content\/uploads\/2021\/01\/default-blog-image-2.jpg","datePublished":"2021-02-05T20:28:33+00:00","dateModified":"2021-02-22T21:11:26+00:00","description":"The Colorado Coalition Against Sexual Assault serves as the collective voice of rape crisis centers and other advocates in Colorado.","breadcrumb":{"@id":"https:\/\/ccasa.org\/es\/para-sobrevivientes\/#breadcrumb"},"inLanguage":"es","potentialAction":[{"@type":"ReadAction","target":["https:\/\/ccasa.org\/es\/para-sobrevivientes\/"]}]},{"@type":"ImageObject","inLanguage":"es","@id":"https:\/\/ccasa.org\/es\/para-sobrevivientes\/#primaryimage","url":"https:\/\/ccasa.org\/wp-content\/uploads\/2021\/01\/default-blog-image-2.jpg","contentUrl":"https:\/\/ccasa.org\/wp-content\/uploads\/2021\/01\/default-blog-image-2.jpg","width":845,"height":400,"caption":"Logotipo de CCASA"},{"@type":"BreadcrumbList","@id":"https:\/\/ccasa.org\/es\/para-sobrevivientes\/#breadcrumb","itemListElement":[{"@type":"ListItem","position":1,"name":"Home","item":"https:\/\/ccasa.org\/es\/"},{"@type":"ListItem","position":2,"name":"Para Sobrevivientes"}]},{"@type":"WebSite","@id":"https:\/\/ccasa.org\/#website","url":"https:\/\/ccasa.org\/","name":"Colorado Coalition Against Sexual Assault","description":"","publisher":{"@id":"https:\/\/ccasa.org\/#organization"},"potentialAction":[{"@type":"SearchAction","target":{"@type":"EntryPoint","urlTemplate":"https:\/\/ccasa.org\/?s={search_term_string}"},"query-input":{"@type":"PropertyValueSpecification","valueRequired":true,"valueName":"search_term_string"}}],"inLanguage":"es"},{"@type":"Organization","@id":"https:\/\/ccasa.org\/#organization","name":"Colorado Coalition Against Sexual Assault (CCASA)","url":"https:\/\/ccasa.org\/","logo":{"@type":"ImageObject","inLanguage":"es","@id":"https:\/\/ccasa.org\/#\/schema\/logo\/image\/","url":"https:\/\/www.ccasa.org\/wp-content\/uploads\/2018\/05\/ccasa-logo-large_png.png","contentUrl":"https:\/\/www.ccasa.org\/wp-content\/uploads\/2018\/05\/ccasa-logo-large_png.png","width":1920,"height":1080,"caption":"Colorado Coalition Against Sexual Assault (CCASA)"},"image":{"@id":"https:\/\/ccasa.org\/#\/schema\/logo\/image\/"}}]}},"_links":{"self":[{"href":"https:\/\/ccasa.org\/es\/wp-json\/wp\/v2\/pages\/17261","targetHints":{"allow":["GET"]}}],"collection":[{"href":"https:\/\/ccasa.org\/es\/wp-json\/wp\/v2\/pages"}],"about":[{"href":"https:\/\/ccasa.org\/es\/wp-json\/wp\/v2\/types\/page"}],"author":[{"embeddable":true,"href":"https:\/\/ccasa.org\/es\/wp-json\/wp\/v2\/users\/1"}],"replies":[{"embeddable":true,"href":"https:\/\/ccasa.org\/es\/wp-json\/wp\/v2\/comments?post=17261"}],"version-history":[{"count":0,"href":"https:\/\/ccasa.org\/es\/wp-json\/wp\/v2\/pages\/17261\/revisions"}],"wp:featuredmedia":[{"embeddable":true,"href":"https:\/\/ccasa.org\/es\/wp-json\/wp\/v2\/media\/17007"}],"wp:attachment":[{"href":"https:\/\/ccasa.org\/es\/wp-json\/wp\/v2\/media?parent=17261"}],"curies":[{"name":"wp","href":"https:\/\/api.w.org\/{rel}","templated":true}]}}