{"id":17243,"date":"2021-02-05T12:10:46","date_gmt":"2021-02-05T19:10:46","guid":{"rendered":"https:\/\/www.ccasa.org\/sobre-ccasa\/"},"modified":"2021-02-24T08:00:50","modified_gmt":"2021-02-24T15:00:50","slug":"acerca-de-ccasa","status":"publish","type":"page","link":"https:\/\/ccasa.org\/es\/acerca-de-ccasa\/","title":{"rendered":"Acerca de CCASA"},"content":{"rendered":"<div class=\"wpb-content-wrapper\"><p>[vc_row gap=\u00bb35&#8243; equal_height=\u00bbyes\u00bb css=\u00bb.vc_custom_1611682403320{margin-top: 150px !important;margin-bottom: 150px !important;}\u00bb el_class=\u00bbrow-max-width margin-adjust\u00bb el_id=\u00bbabout-history-row\u00bb][vc_column width=\u00bb1\/2&#8243; css=\u00bb.vc_custom_1611682263942{padding-top: 72px !important;padding-right: 72px !important;padding-bottom: 50px !important;padding-left: 72px !important;background-color: #efefef !important;}\u00bb el_class=\u00bbabout-history-col\u00bb][vc_column_text css=\u00bb.vc_custom_1612905443671{margin-bottom: 0px !important;}\u00bb]<span class=\"sub-heading\" style=\"color: #ff9701;\">&#8211; Acerca de CCASA<\/span>[\/vc_column_text][vc_column_text]<\/p>\n<h1>Historia y prop\u00f3sito<\/h1>\n<p>[\/vc_column_text][vc_column_text]La Coalici\u00f3n de Colorado contra el Agresi\u00f3n Sexual (CCASA) se fund\u00f3 en 1984 como una organizaci\u00f3n sin fines de lucro 501 (c) 3 para ser la voz colectiva de los asesores para victimas de violaci\u00f3n en todo el estado de Colorado. Hoy en d\u00eda, nuestra membres\u00eda incluye m\u00e1s de 100 mienbros incluyendo sobrevivientes de agresi\u00f3n sexual, asesores de v\u00edctimas, centros de crisis por violaci\u00f3n, programas de violencia dom\u00e9stica y agresi\u00f3n sexual, agencias policiales, fiscales de distrito, agencias de salud p\u00fablica, campus universitarios, profesionales m\u00e9dicos, programas de tratamiento de delincuentes, funcionarios p\u00fablicos, as\u00ed como otras organizaciones y personas interesadas localizadas en Colorado. Como una coalici\u00f3n estatal, CCASA apoya a nuestros miembros, socios y la comunidad en general a trav\u00e9s de asistencia t\u00e9cnica, capacitaci\u00f3n, informaci\u00f3n de referencias, materiales educativos, cambios sistematicos estatales y educaci\u00f3n y defensa de pol\u00edticas p\u00fablicas.[\/vc_column_text][\/vc_column][vc_column width=\u00bb1\/2&#8243; css=\u00bb.vc_custom_1611682273989{padding-top: 72px !important;padding-right: 72px !important;padding-bottom: 50px !important;padding-left: 72px !important;background-color: #00919e !important;}\u00bb el_class=\u00bbabout-mission-col\u00bb][vc_column_text]<\/p>\n<h1><span style=\"color: #ffffff;\">Misi\u00f3n<\/span><\/h1>\n<p>[\/vc_column_text][vc_column_text]<span style=\"color: #ffffff;\">CCASA proporciona liderazgo, defensa y apoyo para afrontar y prevenir la violencia sexual.<\/span>[\/vc_column_text][vc_column_text]<\/p>\n<h1><span style=\"color: #ffffff;\">Visi\u00f3n<\/span><\/h1>\n<p>[\/vc_column_text][vc_column_text]<span style=\"color: #ffffff;\">Que las comunidades de Colorado promuevan la seguridad, la justicia y la recuperaci\u00f3n de los sobrevivientes y fomentar interacciones saludables, respetuosas y consensuadas.<\/span>[\/vc_column_text][vc_single_image image=\u00bb17256&#8243; img_size=\u00bbfull\u00bb alignment=\u00bbcenter\u00bb css=\u00bb.vc_custom_1612905776066{margin-bottom: 0px !important;}\u00bb][\/vc_column][\/vc_row][vc_row full_width=\u00bbstretch_row_content\u00bb css=\u00bb.vc_custom_1611679993253{padding-top: 120px !important;background-color: #ffffff !important;}\u00bb el_class=\u00bbpadding-top-adjust\u00bb][vc_column][vc_column_text css=\u00bb.vc_custom_1611610856183{margin-bottom: 0px !important;}\u00bb]<\/p>\n<p style=\"text-align: center;\"><span class=\"sub-heading\" style=\"color: #ff9701;\">&#8211; Lo que nos esforzamos &#8211;<\/span><\/p>\n<p>[\/vc_column_text][vc_column_text]<\/p>\n<h1 style=\"text-align: center;\">Valores<\/h1>\n<p>[\/vc_column_text][\/vc_column][\/vc_row][vc_row full_width=\u00bbstretch_row\u00bb gap=\u00bb35&#8243; equal_height=\u00bbyes\u00bb css=\u00bb.vc_custom_1611611497725{background-color: #ffffff !important;}\u00bb][vc_column width=\u00bb1\/3&#8243; css=\u00bb.vc_custom_1611611136027{padding-top: 40px !important;padding-right: 40px !important;padding-bottom: 20px !important;padding-left: 40px !important;background-color: #efefef !important;}\u00bb][vc_column_text]<\/p>\n<h5>Anti-opresi\u00f3n<\/h5>\n<p>[\/vc_column_text][vc_column_text]<\/p>\n<ul>\n<li>Enfrentar las complejidades del poder y los privilegios sociales<\/li>\n<li>Desmantelar los sistemas de opresi\u00f3n para crear una sociedad m\u00e1s justa y equitativa<\/li>\n<li>Crear pol\u00edticas y pr\u00e1cticas inclusivas y anti-opresivas<\/li>\n<li>Construir intencionalmente una organizaci\u00f3n que refleje m\u00faltiples identidades y experiencias vividas dentro de la junta directiva, el personal, los miembros, los asociados y los donantes<\/li>\n<\/ul>\n<p>[\/vc_column_text][\/vc_column][vc_column width=\u00bb1\/3&#8243; css=\u00bb.vc_custom_1611611227643{padding-top: 40px !important;padding-right: 40px !important;padding-bottom: 20px !important;padding-left: 40px !important;background-color: #efefef !important;}\u00bb][vc_column_text]<\/p>\n<h5>Cambio social<\/h5>\n<p>[\/vc_column_text][vc_column_text]<\/p>\n<ul>\n<li>Afrontar las causas fundamentales de la violencia sexual<\/li>\n<li>Trabajar para crear una cultura de consentimiento y seguridad<\/li>\n<li>Ampliar las voces y el trabajo de las personas y comunidades que hist\u00f3ricamente han sido excluidas del movimiento contra la violencia sexual<\/li>\n<\/ul>\n<p>[\/vc_column_text][\/vc_column][vc_column width=\u00bb1\/3&#8243; css=\u00bb.vc_custom_1611611322349{padding-top: 40px !important;padding-right: 40px !important;padding-bottom: 20px !important;padding-left: 40px !important;background-color: #efefef !important;}\u00bb][vc_column_text]<\/p>\n<h5>ENFOCADO en el sobreviviente<\/h5>\n<p>[\/vc_column_text][vc_column_text]<\/p>\n<ul>\n<li>Elevar las voces y las necesidades de los sobrevivientes<\/li>\n<li>Promover pol\u00edticas y pr\u00e1cticas centradas en los sobrevivientes<\/li>\n<li>Reconocer que \u201cjusticia\u201d tiene un significado \u00fanico para cada sobreviviente de violencia sexual<\/li>\n<\/ul>\n<p>[\/vc_column_text][\/vc_column][\/vc_row][vc_row full_width=\u00bbstretch_row\u00bb gap=\u00bb35&#8243; equal_height=\u00bbyes\u00bb css=\u00bb.vc_custom_1611680020600{padding-bottom: 120px !important;background-color: #ffffff !important;}\u00bb el_class=\u00bbpadding-bottom-adjust\u00bb][vc_column width=\u00bb1\/3&#8243; css=\u00bb.vc_custom_1611611322349{padding-top: 40px !important;padding-right: 40px !important;padding-bottom: 20px !important;padding-left: 40px !important;background-color: #efefef !important;}\u00bb][vc_column_text]<\/p>\n<h5>El respeto<\/h5>\n<p>[\/vc_column_text][vc_column_text]<\/p>\n<ul>\n<li>Cultivar un entorno organizacional que sea genuino, seguro, acogedor y valore las contribuciones de cada persona<\/li>\n<li>Tratar a todos con respeto, consideraci\u00f3n, sensibilidad y dignidad honrando todas las identidades y experiencias vividas<\/li>\n<li>Fomentar la capacidad de reconocer y afrontar los prejuicios personales de forma proactiva<\/li>\n<li>Promover una comunicaci\u00f3n abierta y honesta<\/li>\n<li>Desafiar los puntos de vista opuestos con respeto<\/li>\n<\/ul>\n<p>[\/vc_column_text][\/vc_column][vc_column width=\u00bb1\/3&#8243; css=\u00bb.vc_custom_1611611136027{padding-top: 40px !important;padding-right: 40px !important;padding-bottom: 20px !important;padding-left: 40px !important;background-color: #efefef !important;}\u00bb][vc_column_text]<\/p>\n<h5>Responsabilidad<\/h5>\n<p>[\/vc_column_text][vc_column_text]<\/p>\n<ul>\n<li>Hacer responsables a los ofensores\/infractores<\/li>\n<li>Ser responsable ante los miembros y la comunidad siendo confiable, transparente, \u00e9tico y actuando con integridad<\/li>\n<\/ul>\n<p>[\/vc_column_text][\/vc_column][vc_column width=\u00bb1\/3&#8243; css=\u00bb.vc_custom_1611611227643{padding-top: 40px !important;padding-right: 40px !important;padding-bottom: 20px !important;padding-left: 40px !important;background-color: #efefef !important;}\u00bb][vc_column_text]<\/p>\n<h5>Colaboraci\u00f3n<\/h5>\n<p>[\/vc_column_text][vc_column_text]<\/p>\n<ul>\n<li>Buscar e involucrar diversas perspectivas de la comunidad y las partes interesadas<\/li>\n<li>Apoyar el aprendizaje entre iguales y la colaboraci\u00f3n entre las agencias miembros<\/li>\n<li>Valorar y participar activamente en movimientos interseccionales de justicia social<\/li>\n<\/ul>\n<p>[\/vc_column_text][\/vc_column][\/vc_row][vc_row css=\u00bb.vc_custom_1611680042854{margin-top: 120px !important;}\u00bb el_class=\u00bbrow-max-width margin-top-adjust\u00bb][vc_column][vc_column_text]<\/p>\n<h1 style=\"text-align: center;\">Documentos<\/h1>\n<p>[\/vc_column_text][\/vc_column][\/vc_row][vc_row gap=\u00bb35&#8243; equal_height=\u00bbyes\u00bb css=\u00bb.vc_custom_1611680067371{margin-bottom: 50px !important;}\u00bb el_class=\u00bbrow-max-width\u00bb][vc_column width=\u00bb1\/6&#8243; css=\u00bb.vc_custom_1613151746163{padding-top: 0px !important;padding-right: 0px !important;padding-bottom: 0px !important;padding-left: 0px !important;}\u00bb][\/vc_column][vc_column width=\u00bb2\/3&#8243; css=\u00bb.vc_custom_1611678219316{padding-top: 40px !important;padding-right: 40px !important;padding-bottom: 20px !important;padding-left: 40px !important;background-color: #006a72 !important;}\u00bb][vc_column_text css=\u00bb.vc_custom_1611677999642{margin-bottom: 0px !important;}\u00bb]<span class=\"sub-heading\" style=\"color: #ff9701;\">&#8211; Ver nuestro<\/span>[\/vc_column_text][vc_column_text]<\/p>\n<h2><span style=\"color: #ffffff;\">PLAN ESTRAT\u00c9GICO<\/span><\/h2>\n<p>[\/vc_column_text][vc_btn title=\u00bbVER PLAN\u00bb style=\u00bbcustom\u00bb custom_background=\u00bb#ff9701&#8243; custom_text=\u00bb#ffffff\u00bb shape=\u00bbsquare\u00bb size=\u00bblg\u00bb i_icon_fontawesome=\u00bbfas fa-file-download\u00bb add_icon=\u00bbtrue\u00bb link=\u00bburl:https%3A%2F%2Fwww.ccasa.org%2Fwp-content%2Fuploads%2F2021%2F02%2FCCASA-Strategic-Plan-2.4.19-Spanish.pdf|target:_blank\u00bb el_class=\u00bbmain-button\u00bb][\/vc_column][vc_column width=\u00bb1\/6&#8243; css=\u00bb.vc_custom_1613151759192{padding-top: 0px !important;padding-right: 0px !important;padding-bottom: 0px !important;padding-left: 0px !important;}\u00bb][\/vc_column][\/vc_row][vc_row el_class=\u00bbrow-max-width\u00bb][vc_column][vc_column_text]<\/p>\n<h3 style=\"text-align: center;\">INFORMES ANUALES ANTERIORES<\/h3>\n<p>[\/vc_column_text][\/vc_column][\/vc_row][vc_row gap=\u00bb35&#8243; equal_height=\u00bbyes\u00bb css=\u00bb.vc_custom_1611680133842{margin-bottom: 150px !important;}\u00bb el_class=\u00bbrow-max-width margin-bottom-adjust\u00bb][vc_column width=\u00bb1\/4&#8243; css=\u00bb.vc_custom_1611678732843{padding-top: 20px !important;padding-right: 20px !important;padding-bottom: 20px !important;padding-left: 20px !important;background-color: #ffffff !important;}\u00bb][vc_column_text css=\u00bb.vc_custom_1613419339614{margin-bottom: 0px !important;}\u00bb]<\/p>\n<p style=\"text-align: center;\"><a href=\"https:\/\/www.ccasa.org\/wp-content\/uploads\/2019\/09\/CCASA-2018-Annual-Report-sm.pdf\" target=\"_blank\" rel=\"noopener\">2018<\/a><\/p>\n<p>[\/vc_column_text][\/vc_column][vc_column width=\u00bb1\/4&#8243; css=\u00bb.vc_custom_1611678975867{padding-top: 20px !important;padding-right: 20px !important;padding-bottom: 20px !important;padding-left: 20px !important;background-color: #ffffff !important;}\u00bb][vc_column_text css=\u00bb.vc_custom_1613419354173{margin-bottom: 0px !important;}\u00bb]<\/p>\n<p style=\"text-align: center;\"><a href=\"https:\/\/www.ccasa.org\/wp-content\/uploads\/2019\/04\/CCASA_AnnualReport2017-WEB-small.pdf\" target=\"_blank\" rel=\"noopener\">2017<\/a><\/p>\n<p>[\/vc_column_text][\/vc_column][vc_column width=\u00bb1\/4&#8243; css=\u00bb.vc_custom_1611678999268{padding-top: 20px !important;padding-right: 20px !important;padding-bottom: 20px !important;padding-left: 20px !important;background-color: #ffffff !important;}\u00bb][vc_column_text css=\u00bb.vc_custom_1613419362586{margin-bottom: 0px !important;}\u00bb]<\/p>\n<p style=\"text-align: center;\"><a href=\"https:\/\/www.ccasa.org\/wp-content\/uploads\/2018\/04\/2016-CCASA-Annual-Report-FINAL.pdf\" target=\"_blank\" rel=\"noopener\">2016<\/a><\/p>\n<p>[\/vc_column_text][\/vc_column][vc_column width=\u00bb1\/4&#8243; css=\u00bb.vc_custom_1613419445774{padding-top: 20px !important;padding-right: 20px !important;padding-bottom: 20px !important;padding-left: 20px !important;background-color: #ffffffff !important;}\u00bb][vc_column_text css=\u00bb.vc_custom_1613419371574{margin-bottom: 0px !important;}\u00bb]<\/p>\n<p style=\"text-align: center;\"><a href=\"https:\/\/www.ccasa.org\/wp-content\/uploads\/2016\/09\/2015-CCASA-Annual-Report.pdf\" target=\"_blank\" rel=\"noopener\">2015<\/a><\/p>\n<p>[\/vc_column_text][\/vc_column][vc_column width=\u00bb1\/4&#8243; css=\u00bb.vc_custom_1611679011008{padding-top: 20px !important;padding-right: 20px !important;padding-bottom: 20px !important;padding-left: 20px !important;background-color: #ffffff !important;}\u00bb][vc_column_text css=\u00bb.vc_custom_1613419382231{margin-bottom: 0px !important;}\u00bb]<\/p>\n<p style=\"text-align: center;\"><a href=\"https:\/\/www.ccasa.org\/wp-content\/uploads\/2016\/03\/annual_report_2014_sm.pdf\" target=\"_blank\" rel=\"noopener\">2014<\/a><\/p>\n<p>[\/vc_column_text][\/vc_column][vc_column width=\u00bb1\/4&#8243; css=\u00bb.vc_custom_1611679023052{padding-top: 20px !important;padding-right: 20px !important;padding-bottom: 20px !important;padding-left: 20px !important;background-color: #ffffff !important;}\u00bb][vc_column_text css=\u00bb.vc_custom_1613419391759{margin-bottom: 0px !important;}\u00bb]<\/p>\n<p style=\"text-align: center;\"><a href=\"https:\/\/www.ccasa.org\/wp-content\/uploads\/2013\/07\/annual_report_2013_sm.pdf\" target=\"_blank\" rel=\"noopener\">2013<\/a><\/p>\n<p>[\/vc_column_text][\/vc_column][vc_column width=\u00bb1\/4&#8243; css=\u00bb.vc_custom_1611679033535{padding-top: 20px !important;padding-right: 20px !important;padding-bottom: 20px !important;padding-left: 20px !important;background-color: #ffffff !important;}\u00bb][vc_column_text css=\u00bb.vc_custom_1613419401849{margin-bottom: 0px !important;}\u00bb]<\/p>\n<p style=\"text-align: center;\"><a href=\"https:\/\/www.ccasa.org\/wp-content\/uploads\/2014\/01\/annual_report_2012_sm.pdf\" target=\"_blank\" rel=\"noopener\">2012<\/a><\/p>\n<p>[\/vc_column_text][\/vc_column][\/vc_row]<\/p>\n<\/div>","protected":false},"excerpt":{"rendered":"<p>[vc_row gap=\u00bb35&#8243; equal_height=\u00bbyes\u00bb css=\u00bb.vc_custom_1611682403320{margin-top: 150px !important;margin-bottom: 150px !important;}\u00bb el_class=\u00bbrow-max-width margin-adjust\u00bb el_id=\u00bbabout-history-row\u00bb][vc_column width=\u00bb1\/2&#8243; css=\u00bb.vc_custom_1611682263942{padding-top: 72px !important;padding-right: 72px !important;padding-bottom: 50px !important;padding-left: 72px !important;background-color: #efefef !important;}\u00bb el_class=\u00bbabout-history-col\u00bb][vc_column_text css=\u00bb.vc_custom_1612905443671{margin-bottom: &#8230; <\/p>\n<p class=\"read-more-container\"><a title=\"Acerca de CCASA\" class=\"read-more button\" href=\"https:\/\/ccasa.org\/es\/acerca-de-ccasa\/#more-17243\" aria-label=\"Leer m\u00e1s sobre Acerca de CCASA\">Leer m\u00e1s<\/a><\/p>\n","protected":false},"author":1,"featured_media":17007,"parent":0,"menu_order":0,"comment_status":"closed","ping_status":"closed","template":"","meta":{"_acf_changed":false,"footnotes":""},"class_list":{"0":"post-17243","1":"page","2":"type-page","3":"status-publish","4":"has-post-thumbnail","6":"resize-featured-image"},"acf":[],"yoast_head":"<!-- This site is optimized with the Yoast SEO plugin v27.3 - https:\/\/yoast.com\/product\/yoast-seo-wordpress\/ -->\n<title>Acerca de CCASA - Colorado Coalition Against Sexual Assault<\/title>\n<meta name=\"description\" content=\"The Colorado Coalition Against Sexual Assault serves as the collective voice of rape crisis centers and other advocates in Colorado.\" \/>\n<meta name=\"robots\" content=\"index, follow, max-snippet:-1, max-image-preview:large, max-video-preview:-1\" \/>\n<link rel=\"canonical\" href=\"https:\/\/ccasa.org\/es\/acerca-de-ccasa\/\" \/>\n<meta property=\"og:locale\" content=\"es_ES\" \/>\n<meta property=\"og:type\" content=\"article\" \/>\n<meta property=\"og:title\" content=\"Acerca de CCASA - Colorado Coalition Against Sexual Assault\" \/>\n<meta property=\"og:description\" content=\"The Colorado Coalition Against Sexual Assault serves as the collective voice of rape crisis centers and other advocates in Colorado.\" \/>\n<meta property=\"og:url\" content=\"https:\/\/ccasa.org\/es\/acerca-de-ccasa\/\" \/>\n<meta property=\"og:site_name\" content=\"Colorado Coalition Against Sexual Assault\" \/>\n<meta property=\"article:modified_time\" content=\"2021-02-24T15:00:50+00:00\" \/>\n<meta property=\"og:image\" content=\"https:\/\/ccasa.org\/wp-content\/uploads\/2021\/01\/default-blog-image-2.jpg\" \/>\n\t<meta property=\"og:image:width\" content=\"845\" \/>\n\t<meta property=\"og:image:height\" content=\"400\" \/>\n\t<meta property=\"og:image:type\" content=\"image\/jpeg\" \/>\n<meta name=\"twitter:card\" content=\"summary_large_image\" \/>\n<meta name=\"twitter:label1\" content=\"Tiempo de lectura\" \/>\n\t<meta name=\"twitter:data1\" content=\"4 minutos\" \/>\n<script type=\"application\/ld+json\" class=\"yoast-schema-graph\">{\"@context\":\"https:\\\/\\\/schema.org\",\"@graph\":[{\"@type\":\"WebPage\",\"@id\":\"https:\\\/\\\/ccasa.org\\\/es\\\/acerca-de-ccasa\\\/\",\"url\":\"https:\\\/\\\/ccasa.org\\\/es\\\/acerca-de-ccasa\\\/\",\"name\":\"Acerca de CCASA - Colorado Coalition Against Sexual Assault\",\"isPartOf\":{\"@id\":\"https:\\\/\\\/ccasa.org\\\/#website\"},\"primaryImageOfPage\":{\"@id\":\"https:\\\/\\\/ccasa.org\\\/es\\\/acerca-de-ccasa\\\/#primaryimage\"},\"image\":{\"@id\":\"https:\\\/\\\/ccasa.org\\\/es\\\/acerca-de-ccasa\\\/#primaryimage\"},\"thumbnailUrl\":\"https:\\\/\\\/ccasa.org\\\/wp-content\\\/uploads\\\/2021\\\/01\\\/default-blog-image-2.jpg\",\"datePublished\":\"2021-02-05T19:10:46+00:00\",\"dateModified\":\"2021-02-24T15:00:50+00:00\",\"description\":\"The Colorado Coalition Against Sexual Assault serves as the collective voice of rape crisis centers and other advocates in Colorado.\",\"breadcrumb\":{\"@id\":\"https:\\\/\\\/ccasa.org\\\/es\\\/acerca-de-ccasa\\\/#breadcrumb\"},\"inLanguage\":\"es\",\"potentialAction\":[{\"@type\":\"ReadAction\",\"target\":[\"https:\\\/\\\/ccasa.org\\\/es\\\/acerca-de-ccasa\\\/\"]}]},{\"@type\":\"ImageObject\",\"inLanguage\":\"es\",\"@id\":\"https:\\\/\\\/ccasa.org\\\/es\\\/acerca-de-ccasa\\\/#primaryimage\",\"url\":\"https:\\\/\\\/ccasa.org\\\/wp-content\\\/uploads\\\/2021\\\/01\\\/default-blog-image-2.jpg\",\"contentUrl\":\"https:\\\/\\\/ccasa.org\\\/wp-content\\\/uploads\\\/2021\\\/01\\\/default-blog-image-2.jpg\",\"width\":845,\"height\":400,\"caption\":\"Logotipo de CCASA\"},{\"@type\":\"BreadcrumbList\",\"@id\":\"https:\\\/\\\/ccasa.org\\\/es\\\/acerca-de-ccasa\\\/#breadcrumb\",\"itemListElement\":[{\"@type\":\"ListItem\",\"position\":1,\"name\":\"Home\",\"item\":\"https:\\\/\\\/ccasa.org\\\/es\\\/\"},{\"@type\":\"ListItem\",\"position\":2,\"name\":\"Acerca de CCASA\"}]},{\"@type\":\"WebSite\",\"@id\":\"https:\\\/\\\/ccasa.org\\\/#website\",\"url\":\"https:\\\/\\\/ccasa.org\\\/\",\"name\":\"Colorado Coalition Against Sexual Assault\",\"description\":\"\",\"publisher\":{\"@id\":\"https:\\\/\\\/ccasa.org\\\/#organization\"},\"potentialAction\":[{\"@type\":\"SearchAction\",\"target\":{\"@type\":\"EntryPoint\",\"urlTemplate\":\"https:\\\/\\\/ccasa.org\\\/?s={search_term_string}\"},\"query-input\":{\"@type\":\"PropertyValueSpecification\",\"valueRequired\":true,\"valueName\":\"search_term_string\"}}],\"inLanguage\":\"es\"},{\"@type\":\"Organization\",\"@id\":\"https:\\\/\\\/ccasa.org\\\/#organization\",\"name\":\"Colorado Coalition Against Sexual Assault (CCASA)\",\"url\":\"https:\\\/\\\/ccasa.org\\\/\",\"logo\":{\"@type\":\"ImageObject\",\"inLanguage\":\"es\",\"@id\":\"https:\\\/\\\/ccasa.org\\\/#\\\/schema\\\/logo\\\/image\\\/\",\"url\":\"https:\\\/\\\/www.ccasa.org\\\/wp-content\\\/uploads\\\/2018\\\/05\\\/ccasa-logo-large_png.png\",\"contentUrl\":\"https:\\\/\\\/www.ccasa.org\\\/wp-content\\\/uploads\\\/2018\\\/05\\\/ccasa-logo-large_png.png\",\"width\":1920,\"height\":1080,\"caption\":\"Colorado Coalition Against Sexual Assault (CCASA)\"},\"image\":{\"@id\":\"https:\\\/\\\/ccasa.org\\\/#\\\/schema\\\/logo\\\/image\\\/\"}}]}<\/script>\n<!-- \/ Yoast SEO plugin. -->","yoast_head_json":{"title":"Acerca de CCASA - Colorado Coalition Against Sexual Assault","description":"The Colorado Coalition Against Sexual Assault serves as the collective voice of rape crisis centers and other advocates in Colorado.","robots":{"index":"index","follow":"follow","max-snippet":"max-snippet:-1","max-image-preview":"max-image-preview:large","max-video-preview":"max-video-preview:-1"},"canonical":"https:\/\/ccasa.org\/es\/acerca-de-ccasa\/","og_locale":"es_ES","og_type":"article","og_title":"Acerca de CCASA - Colorado Coalition Against Sexual Assault","og_description":"The Colorado Coalition Against Sexual Assault serves as the collective voice of rape crisis centers and other advocates in Colorado.","og_url":"https:\/\/ccasa.org\/es\/acerca-de-ccasa\/","og_site_name":"Colorado Coalition Against Sexual Assault","article_modified_time":"2021-02-24T15:00:50+00:00","og_image":[{"width":845,"height":400,"url":"https:\/\/ccasa.org\/wp-content\/uploads\/2021\/01\/default-blog-image-2.jpg","type":"image\/jpeg"}],"twitter_card":"summary_large_image","twitter_misc":{"Tiempo de lectura":"4 minutos"},"schema":{"@context":"https:\/\/schema.org","@graph":[{"@type":"WebPage","@id":"https:\/\/ccasa.org\/es\/acerca-de-ccasa\/","url":"https:\/\/ccasa.org\/es\/acerca-de-ccasa\/","name":"Acerca de CCASA - Colorado Coalition Against Sexual Assault","isPartOf":{"@id":"https:\/\/ccasa.org\/#website"},"primaryImageOfPage":{"@id":"https:\/\/ccasa.org\/es\/acerca-de-ccasa\/#primaryimage"},"image":{"@id":"https:\/\/ccasa.org\/es\/acerca-de-ccasa\/#primaryimage"},"thumbnailUrl":"https:\/\/ccasa.org\/wp-content\/uploads\/2021\/01\/default-blog-image-2.jpg","datePublished":"2021-02-05T19:10:46+00:00","dateModified":"2021-02-24T15:00:50+00:00","description":"The Colorado Coalition Against Sexual Assault serves as the collective voice of rape crisis centers and other advocates in Colorado.","breadcrumb":{"@id":"https:\/\/ccasa.org\/es\/acerca-de-ccasa\/#breadcrumb"},"inLanguage":"es","potentialAction":[{"@type":"ReadAction","target":["https:\/\/ccasa.org\/es\/acerca-de-ccasa\/"]}]},{"@type":"ImageObject","inLanguage":"es","@id":"https:\/\/ccasa.org\/es\/acerca-de-ccasa\/#primaryimage","url":"https:\/\/ccasa.org\/wp-content\/uploads\/2021\/01\/default-blog-image-2.jpg","contentUrl":"https:\/\/ccasa.org\/wp-content\/uploads\/2021\/01\/default-blog-image-2.jpg","width":845,"height":400,"caption":"Logotipo de CCASA"},{"@type":"BreadcrumbList","@id":"https:\/\/ccasa.org\/es\/acerca-de-ccasa\/#breadcrumb","itemListElement":[{"@type":"ListItem","position":1,"name":"Home","item":"https:\/\/ccasa.org\/es\/"},{"@type":"ListItem","position":2,"name":"Acerca de CCASA"}]},{"@type":"WebSite","@id":"https:\/\/ccasa.org\/#website","url":"https:\/\/ccasa.org\/","name":"Colorado Coalition Against Sexual Assault","description":"","publisher":{"@id":"https:\/\/ccasa.org\/#organization"},"potentialAction":[{"@type":"SearchAction","target":{"@type":"EntryPoint","urlTemplate":"https:\/\/ccasa.org\/?s={search_term_string}"},"query-input":{"@type":"PropertyValueSpecification","valueRequired":true,"valueName":"search_term_string"}}],"inLanguage":"es"},{"@type":"Organization","@id":"https:\/\/ccasa.org\/#organization","name":"Colorado Coalition Against Sexual Assault (CCASA)","url":"https:\/\/ccasa.org\/","logo":{"@type":"ImageObject","inLanguage":"es","@id":"https:\/\/ccasa.org\/#\/schema\/logo\/image\/","url":"https:\/\/www.ccasa.org\/wp-content\/uploads\/2018\/05\/ccasa-logo-large_png.png","contentUrl":"https:\/\/www.ccasa.org\/wp-content\/uploads\/2018\/05\/ccasa-logo-large_png.png","width":1920,"height":1080,"caption":"Colorado Coalition Against Sexual Assault (CCASA)"},"image":{"@id":"https:\/\/ccasa.org\/#\/schema\/logo\/image\/"}}]}},"_links":{"self":[{"href":"https:\/\/ccasa.org\/es\/wp-json\/wp\/v2\/pages\/17243","targetHints":{"allow":["GET"]}}],"collection":[{"href":"https:\/\/ccasa.org\/es\/wp-json\/wp\/v2\/pages"}],"about":[{"href":"https:\/\/ccasa.org\/es\/wp-json\/wp\/v2\/types\/page"}],"author":[{"embeddable":true,"href":"https:\/\/ccasa.org\/es\/wp-json\/wp\/v2\/users\/1"}],"replies":[{"embeddable":true,"href":"https:\/\/ccasa.org\/es\/wp-json\/wp\/v2\/comments?post=17243"}],"version-history":[{"count":0,"href":"https:\/\/ccasa.org\/es\/wp-json\/wp\/v2\/pages\/17243\/revisions"}],"wp:featuredmedia":[{"embeddable":true,"href":"https:\/\/ccasa.org\/es\/wp-json\/wp\/v2\/media\/17007"}],"wp:attachment":[{"href":"https:\/\/ccasa.org\/es\/wp-json\/wp\/v2\/media?parent=17243"}],"curies":[{"name":"wp","href":"https:\/\/api.w.org\/{rel}","templated":true}]}}