{"id":17228,"date":"2021-02-05T11:59:19","date_gmt":"2021-02-05T18:59:19","guid":{"rendered":"https:\/\/www.ccasa.org\/casa\/"},"modified":"2021-03-18T16:54:35","modified_gmt":"2021-03-18T22:54:35","slug":"casa","status":"publish","type":"page","link":"https:\/\/ccasa.org\/es\/","title":{"rendered":"Inicio"},"content":{"rendered":"<div class=\"wpb-content-wrapper\"><p>[vc_row][vc_column]\n\t\t\t\t<p class=\"rs-p-wp-fix\"><\/p>\n\t\t\t\t<sr7-module data-alias=\"slider-1\" data-id=\"1\" id=\"SR7_1_1\" class=\"rs-ov-hidden\" data-version=\"6.7.52\">\n\t\t\t\t\t<sr7-adjuster><\/sr7-adjuster>\n\t\t\t\t\t<sr7-content>\n\t\t\t\t\t\t<sr7-slide id=\"SR7_1_1-2\" data-key=\"2\">\n\t\t\t\t\t\t\t<sr7-bg id=\"SR7_1_1-2-1\" class=\"sr7-layer\"><noscript><img decoding=\"async\" src=\"https:\/\/www.ccasa.org\/wp-content\/uploads\/2021\/02\/slider-home-spanish.jpg\" alt=\"\" title=\"slider-home-spanish\"><\/noscript><\/sr7-bg>\n\t\t\t\t\t\t\t<sr7-txt id=\"SR7_1_1-2-0\" class=\"sr7-layer\">Liberaci\u00f3n de violencia sexual<\/sr7-txt>\n\t\t\t\t\t\t<\/sr7-slide>\n\t\t\t\t\t\t<sr7-slide id=\"SR7_1_1-8\" data-key=\"8\">\n\t\t\t\t\t\t<\/sr7-slide>\n\t\t\t\t\t<\/sr7-content>\n\t\t\t\t\t<image_lists style=\"display:none\">\n\t\t\t\t\t\t<img data-src=\"\/\/www.ccasa.org\/wp-content\/uploads\/2021\/02\/slider-home-1-1.jpg\" data-libid=\"17176\" data-lib=\"medialibrary\" title=\"slider-home-1\" width=\"0\" height=\"0\" data-dbsrc=\"Ly93d3cuY2Nhc2Eub3JnL3dwLWNvbnRlbnQvdXBsb2Fkcy8yMDIxLzAyL3NsaWRlci1ob21lLTEtMS5qcGc=\"\/>\n\t\t\t\t\t\t<img data-src=\"\/\/www.ccasa.org\/wp-content\/uploads\/2021\/02\/slider-home-spanish.jpg\" data-libid=\"17414\" data-lib=\"medialibrary\" title=\"slider-home-spanish\" width=\"0\" height=\"0\" data-dbsrc=\"Ly93d3cuY2Nhc2Eub3JnL3dwLWNvbnRlbnQvdXBsb2Fkcy8yMDIxLzAyL3NsaWRlci1ob21lLXNwYW5pc2guanBn\"\/>\n\t\t\t\t\t\t<img data-src=\"\/\/www.ccasa.org\/wp-content\/uploads\/2021\/02\/denim-1.jpg\" data-libid=\"17410\" data-lib=\"medialibrary\" title=\"denim\" width=\"0\" height=\"0\" data-dbsrc=\"Ly93d3cuY2Nhc2Eub3JnL3dwLWNvbnRlbnQvdXBsb2Fkcy8yMDIxLzAyL2RlbmltLTEuanBn\"\/>\n\t\t\t\t\t\t<img data-src=\"\/\/www.ccasa.org\/wp-content\/uploads\/2021\/02\/denim-day-logo-1.jpg\" data-libid=\"17412\" data-lib=\"medialibrary\" title=\"denim-day-logo\" width=\"0\" height=\"0\" data-dbsrc=\"Ly93d3cuY2Nhc2Eub3JnL3dwLWNvbnRlbnQvdXBsb2Fkcy8yMDIxLzAyL2RlbmltLWRheS1sb2dvLTEuanBn\"\/>\n\t\t\t\t\t\t<img data-src=\"\/\/www.ccasa.org\/wp-content\/uploads\/2021\/03\/CAIA-tree-transparent.png\" data-libid=\"18843\" data-lib=\"medialibrary\" title=\"CAIA tree transparent\" width=\"0\" height=\"0\" data-dbsrc=\"Ly93d3cuY2Nhc2Eub3JnL3dwLWNvbnRlbnQvdXBsb2Fkcy8yMDIxLzAzL0NBSUEtdHJlZS10cmFuc3BhcmVudC5wbmc=\"\/>\n\t\t\t\t\t\t<img data-src=\"\/\/www.ccasa.org\/wp-content\/uploads\/2021\/03\/CAIA-2021-Slider-background.jpg\" data-libid=\"18815\" data-lib=\"medialibrary\" title=\"CAIA 2021 Slider background\" width=\"0\" height=\"0\" data-dbsrc=\"Ly93d3cuY2Nhc2Eub3JnL3dwLWNvbnRlbnQvdXBsb2Fkcy8yMDIxLzAzL0NBSUEtMjAyMS1TbGlkZXItYmFja2dyb3VuZC5qcGc=\"\/>\n\t\t\t\t\t<\/image_lists>\n\t\t\t\t<\/sr7-module>\n\t\t\t\t<script>\n\t\t\t\t\twindow.SR7 ??={};SR7.PMH ??={}; SR7.PMH[\"SR7_1_1\"] = {cn:100,state:false,fn: function() { if (window._tpt!==undefined && window._tpt.prepareModuleHeight !== undefined) {  _tpt.prepareModuleHeight({id:\"SR7_1_1\",el:[900,900,900,900,720],type:'standard',shdw:'0',gh:[900,900,900,900,720],gw:[1240,1240,1240,1240,480],vpt:['-200px&#039;,&#039;-200px&#039;,&#039;-200px&#039;,&#039;-200px&#039;,&#039;-200px'],size:{fullWidth:true, fullHeight:false},mh:'0',onh:0,onw:0,bg:{color:'{\"orig\":\"transparent\",\"type\":\"solid\",\"string\":\"transparent\"}'}});   SR7.PMH[\"SR7_1_1\"].state=true;} else if(SR7.PMH[\"SR7_1_1\"].cn-->0)\tsetTimeout( SR7.PMH[\"SR7_1_1\"].fn,19);}};SR7.PMH[\"SR7_1_1\" ].fn();\n\t\t\t\t<\/script>\n[\/vc_column][\/vc_row][vc_row full_width=\u00bbstretch_row_content\u00bb equal_height=\u00bbyes\u00bb content_placement=\u00bbmiddle\u00bb][vc_column width=\u00bb1\/2&#8243; css=\u00bb.vc_custom_1611600424288{background: #ffffff url(https:\/\/www.ccasa.org\/wp-content\/uploads\/2021\/01\/yhtr-background-2.png?id=14433) !important;background-position: center !important;background-repeat: no-repeat !important;background-size: cover !important;}\u00bb][vc_column_text]<\/p>\n<h1 style=\"text-align: center;\"><span style=\"color: #484848;\">Sab\u00edas<\/span><\/h1>\n<p>[\/vc_column_text][vc_column_text css=\u00bb.vc_custom_1611600762699{padding-right: 180px !important;padding-left: 180px !important;}\u00bb el_class=\u00bbyhtr-text\u00bb]<\/p>\n<p style=\"text-align: center;\">Puede hablar confidencialmente con alguien sobre sus opciones de denuncia.<\/p>\n<p>[\/vc_column_text][\/vc_column][vc_column width=\u00bb1\/2&#8243; css=\u00bb.vc_custom_1611680608139{padding-top: 18% !important;padding-right: 20% !important;padding-bottom: 18% !important;padding-left: 20% !important;background-color: #006a72 !important;}\u00bb el_class=\u00bbyhtr-info-col\u00bb][vc_column_text css=\u00bb.vc_custom_1611599775288{margin-bottom: 0px !important;}\u00bb]<span class=\"sub-heading\" style=\"color: #ff9701;\">&#8212; Obtener apoyo<\/span>[\/vc_column_text][vc_column_text]<\/p>\n<h1><span style=\"color: #ffffff;\">Tienes el derecho<\/span><\/h1>\n<p>[\/vc_column_text][vc_column_text]<span style=\"color: #ffffff;\">Decidir qu\u00e9 hacer despu\u00e9s de una agresi\u00f3n sexual puede ser aterrador y abrumador. El sitio web TIENES EL DERECHO est\u00e1 destinado a ayudar<strong> simplificar sus opciones y proporcionarle recursos<\/strong> promoviendo su seguridad, justicia, y sanaci\u00f3n. <\/span>[\/vc_column_text][vc_btn title=\u00bbVISITA TIENEELDERECHOCO.ORG\u00bb style=\u00bbcustom\u00bb custom_background=\u00bb#ff9701&#8243; custom_text=\u00bb#ffffff\u00bb shape=\u00bbsquare\u00bb size=\u00bblg\u00bb link=\u00bburl:https%3A%2F%2Fyouhavetherightco.org%2Fes%2F|target:_blank\u00bb el_class=\u00bbmain-button\u00bb el_id=\u00bbyhtr-button-spanish\u00bb][\/vc_column][\/vc_row][vc_row css=\u00bb.vc_custom_1611680376263{margin-top: 150px !important;}\u00bb el_class=\u00bbrow-max-width margin-top-adjust\u00bb][vc_column][vc_column_text css=\u00bb.vc_custom_1611588974278{margin-bottom: 0px !important;}\u00bb]<span class=\"sub-heading\" style=\"color: #ff9701;\">&#8211; Ayudando a los sobrevivientes<\/span>[\/vc_column_text][vc_column_text]<\/p>\n<h1>Coalici\u00f3n de Colorado contra la agresi\u00f3n sexual<\/h1>\n<p>[\/vc_column_text][\/vc_column][\/vc_row][vc_row gap=\u00bb35&#8243; equal_height=\u00bbyes\u00bb el_class=\u00bbrow-max-width margin-bottom-adjust\u00bb el_id=\u00bbhome-icons-row\u00bb css=\u00bb.vc_custom_1613090136373{margin-bottom: 150px !important;}\u00bb][vc_column width=\u00bb1\/4&#8243; css=\u00bb.vc_custom_1611594361304{padding-top: 40px !important;padding-right: 40px !important;padding-bottom: 20px !important;padding-left: 40px !important;background-color: #ffffff !important;}\u00bb][vc_single_image image=\u00bb17023&#8243; img_size=\u00bbfull\u00bb css=\u00bb.vc_custom_1611594267717{margin-bottom: 5px !important;}\u00bb][vc_column_text el_class=\u00bbicons-title\u00bb]<\/p>\n<h5>RECURSOS PARA SOBREVIVIENTES<\/h5>\n<p>[\/vc_column_text][vc_column_text]<\/p>\n<h6><a href=\"https:\/\/www.ccasa.org\/es\/para-sobrevivientes\/\"><span style=\"color: #ff9701;\">SABER M\u00c1S<\/span><\/a><\/h6>\n<p>[\/vc_column_text][\/vc_column][vc_column width=\u00bb1\/4&#8243; css=\u00bb.vc_custom_1611589218656{padding-top: 40px !important;padding-right: 40px !important;padding-bottom: 20px !important;padding-left: 40px !important;background-color: #ffffff !important;}\u00bb][vc_single_image image=\u00bb17021&#8243; img_size=\u00bbfull\u00bb css=\u00bb.vc_custom_1611590796862{margin-bottom: 5px !important;}\u00bb][vc_column_text el_class=\u00bbicons-title\u00bb]<\/p>\n<h5>APOYA NUESTRO TRABAJO<\/h5>\n<p>[\/vc_column_text][vc_column_text]<\/p>\n<h6><a href=\"https:\/\/www.ccasa.org\/get-involved\/support-our-work\/\"><span style=\"color: #ff9701;\">SABER M\u00c1S<\/span><\/a><\/h6>\n<p>[\/vc_column_text][\/vc_column][vc_column width=\u00bb1\/4&#8243; css=\u00bb.vc_custom_1611594514121{padding-top: 40px !important;padding-right: 40px !important;padding-bottom: 20px !important;padding-left: 40px !important;background-color: #ffffff !important;}\u00bb][vc_single_image image=\u00bb17022&#8243; img_size=\u00bbfull\u00bb css=\u00bb.vc_custom_1611594210175{margin-bottom: 5px !important;}\u00bb][vc_column_text el_class=\u00bbicons-title\u00bb]<\/p>\n<h5>CONVERTIRSE EN UN<br \/>\nMIEMBRO<\/h5>\n<p>[\/vc_column_text][vc_column_text]<\/p>\n<h6><a href=\"https:\/\/www.ccasa.org\/get-involved\/become-a-member\/\"><span style=\"color: #ff9701;\">SABER M\u00c1S<\/span><\/a><\/h6>\n<p>[\/vc_column_text][\/vc_column][vc_column width=\u00bb1\/4&#8243; css=\u00bb.vc_custom_1611594438897{padding-top: 40px !important;padding-right: 55px !important;padding-bottom: 20px !important;padding-left: 40px !important;background-color: #ffffff !important;}\u00bb][vc_single_image image=\u00bb17024&#8243; img_size=\u00bbfull\u00bb css=\u00bb.vc_custom_1611594303491{margin-bottom: 5px !important;}\u00bb][vc_column_text el_class=\u00bbicons-title\u00bb]<\/p>\n<h5>OBTENER<br \/>\nINVOLUCRADO<\/h5>\n<p>[\/vc_column_text][vc_column_text]<\/p>\n<h6><a href=\"https:\/\/www.ccasa.org\/es\/grupo-de-sobrevivientes\/\"><span style=\"color: #ff9701;\">SABER M\u00c1S<\/span><\/a><\/h6>\n<p>[\/vc_column_text][\/vc_column][\/vc_row][vc_row full_width=\u00bbstretch_row\u00bb css=\u00bb.vc_custom_1611681503445{padding-top: 120px !important;padding-bottom: 120px !important;background-color: #ffffff !important;}\u00bb el_id=\u00bbblog-home\u00bb el_class=\u00bbpadding-adjust\u00bb][vc_column][vc_column_text css=\u00bb.vc_custom_1611603549801{margin-bottom: 0px !important;}\u00bb]<span class=\"sub-heading\" style=\"color: #ff9701;\">&#8212; \u00daltimo<\/span>[\/vc_column_text][vc_column_text]<\/p>\n<h1>\u00a1SAB\u00cdAS!<\/h1>\n<p>[\/vc_column_text][vc_column_text]<ul class=\"display-posts-listing\"><li class=\"listing-item\"><a class=\"image\" href=\"https:\/\/ccasa.org\/es\/sabias-septiembre-2025\/\"><img loading=\"lazy\" decoding=\"async\" width=\"845\" height=\"400\" src=\"https:\/\/ccasa.org\/wp-content\/uploads\/2021\/01\/default-blog-image-2.jpg\" class=\"attachment-full size-full wp-post-image default-featured-img\" alt=\"CCASA Logo\" srcset=\"https:\/\/ccasa.org\/wp-content\/uploads\/2021\/01\/default-blog-image-2.jpg 845w, https:\/\/ccasa.org\/wp-content\/uploads\/2021\/01\/default-blog-image-2-600x284.jpg 600w, https:\/\/ccasa.org\/wp-content\/uploads\/2021\/01\/default-blog-image-2-300x142.jpg 300w, https:\/\/ccasa.org\/wp-content\/uploads\/2021\/01\/default-blog-image-2-768x364.jpg 768w\" sizes=\"auto, (max-width: 845px) 100vw, 845px\" \/><\/a> <a class=\"title\" href=\"https:\/\/ccasa.org\/es\/sabias-septiembre-2025\/\">Sabias Septiembre 2025<\/a> <span class=\"date\">septiembre 1, 2025<\/span> <span class=\"excerpt\">Agosto, mes   dedicado al cuidado de ti mismo centrado en vacacionar o relajarte. Este mes esta lleno  de d\u00edas festivos, observancias estatales , nacionales y mundiales. Es el mes utilizado para darte un capricho y cuidarse a si mismo! <p class=\"read-more-container\"><a class=\"button\" href=\"https:\/\/ccasa.org\/es\/sabias-septiembre-2025\/\">Lee mas<\/a><\/p><\/span><\/li><li class=\"listing-item\"><a class=\"image\" href=\"https:\/\/ccasa.org\/es\/sabias-agosto-2025\/\"><img loading=\"lazy\" decoding=\"async\" width=\"845\" height=\"400\" src=\"https:\/\/ccasa.org\/wp-content\/uploads\/2021\/01\/default-blog-image-2.jpg\" class=\"attachment-full size-full wp-post-image default-featured-img\" alt=\"CCASA Logo\" srcset=\"https:\/\/ccasa.org\/wp-content\/uploads\/2021\/01\/default-blog-image-2.jpg 845w, https:\/\/ccasa.org\/wp-content\/uploads\/2021\/01\/default-blog-image-2-600x284.jpg 600w, https:\/\/ccasa.org\/wp-content\/uploads\/2021\/01\/default-blog-image-2-300x142.jpg 300w, https:\/\/ccasa.org\/wp-content\/uploads\/2021\/01\/default-blog-image-2-768x364.jpg 768w\" sizes=\"auto, (max-width: 845px) 100vw, 845px\" \/><\/a> <a class=\"title\" href=\"https:\/\/ccasa.org\/es\/sabias-agosto-2025\/\">Sabias Agosto 2025<\/a> <span class=\"date\">agosto 1, 2025<\/span> <span class=\"excerpt\">Agosto, mes   dedicado al cuidado de ti mismo centrado en vacacionar o relajarte. Este mes esta lleno  de d\u00edas festivos, observancias estatales , nacionales y mundiales. Es el mes utilizado para darte un capricho y cuidarse a si mismo! <p class=\"read-more-container\"><a class=\"button\" href=\"https:\/\/ccasa.org\/es\/sabias-agosto-2025\/\">Lee mas<\/a><\/p><\/span><\/li><li class=\"listing-item\"><a class=\"image\" href=\"https:\/\/ccasa.org\/es\/sabias-julio-2025\/\"><img loading=\"lazy\" decoding=\"async\" width=\"845\" height=\"400\" src=\"https:\/\/ccasa.org\/wp-content\/uploads\/2021\/01\/default-blog-image-2.jpg\" class=\"attachment-full size-full wp-post-image default-featured-img\" alt=\"CCASA Logo\" srcset=\"https:\/\/ccasa.org\/wp-content\/uploads\/2021\/01\/default-blog-image-2.jpg 845w, https:\/\/ccasa.org\/wp-content\/uploads\/2021\/01\/default-blog-image-2-600x284.jpg 600w, https:\/\/ccasa.org\/wp-content\/uploads\/2021\/01\/default-blog-image-2-300x142.jpg 300w, https:\/\/ccasa.org\/wp-content\/uploads\/2021\/01\/default-blog-image-2-768x364.jpg 768w\" sizes=\"auto, (max-width: 845px) 100vw, 845px\" \/><\/a> <a class=\"title\" href=\"https:\/\/ccasa.org\/es\/sabias-julio-2025\/\">Sabias Julio 2025<\/a> <span class=\"date\">julio 1, 2025<\/span> <span class=\"excerpt\">Agosto, mes   dedicado al cuidado de ti mismo centrado en vacacionar o relajarte. Este mes esta lleno  de d\u00edas festivos, observancias estatales , nacionales y mundiales. Es el mes utilizado para darte un capricho y cuidarse a si mismo! <p class=\"read-more-container\"><a class=\"button\" href=\"https:\/\/ccasa.org\/es\/sabias-julio-2025\/\">Lee mas<\/a><\/p><\/span><\/li><\/ul>[\/vc_column_text][\/vc_column][\/vc_row]<\/p>\n<\/div>","protected":false},"excerpt":{"rendered":"<p>[vc_row][vc_column][\/vc_column][\/vc_row][vc_row full_width=\u00bbstretch_row_content\u00bb equal_height=\u00bbyes\u00bb content_placement=\u00bbmiddle\u00bb][vc_column width=\u00bb1\/2&#8243; css=\u00bb.vc_custom_1611600424288{background: #ffffff url(https:\/\/www.ccasa.org\/wp-content\/uploads\/2021\/01\/yhtr-background-2.png?id=14433) !important;background-position: center !important;background-repeat: no-repeat !important;background-size: cover !important;}\u00bb][vc_column_text] Sab\u00edas [\/vc_column_text][vc_column_text css=\u00bb.vc_custom_1611600762699{padding-right: 180px !important;padding-left: 180px !important;}\u00bb el_class=\u00bbyhtr-text\u00bb] Puede hablar &#8230; <\/p>\n<p class=\"read-more-container\"><a title=\"Sabias Julio 2025\" class=\"read-more button\" href=\"https:\/\/ccasa.org\/es\/sabias-julio-2025\/#more-23486\" aria-label=\"Leer m\u00e1s sobre Sabias Julio 2025\">Leer m\u00e1s<\/a><\/p>\n<p class=\"read-more-container\"><a class=\"button\" href=\"https:\/\/ccasa.org\/es\/sabias-julio-2025\/\">Lee mas<\/a><\/p>\n","protected":false},"author":2,"featured_media":17007,"parent":0,"menu_order":0,"comment_status":"closed","ping_status":"closed","template":"","meta":{"_acf_changed":false,"footnotes":""},"class_list":["post-17228","page","type-page","status-publish","has-post-thumbnail","hentry","resize-featured-image"],"acf":[],"yoast_head":"<!-- This site is optimized with the Yoast SEO plugin v27.3 - https:\/\/yoast.com\/product\/yoast-seo-wordpress\/ -->\n<title>Inicio - Colorado Coalition Against Sexual Assault<\/title>\n<meta name=\"description\" content=\"The Colorado Coalition Against Sexual Assault serves as the collective voice of rape crisis centers and other advocates in Colorado.\" \/>\n<meta name=\"robots\" content=\"index, follow, max-snippet:-1, max-image-preview:large, max-video-preview:-1\" \/>\n<link rel=\"canonical\" href=\"https:\/\/ccasa.org\/es\/\" \/>\n<meta property=\"og:locale\" content=\"es_ES\" \/>\n<meta property=\"og:type\" content=\"article\" \/>\n<meta property=\"og:title\" content=\"Inicio - Colorado Coalition Against Sexual Assault\" \/>\n<meta property=\"og:description\" content=\"The Colorado Coalition Against Sexual Assault serves as the collective voice of rape crisis centers and other advocates in Colorado.\" \/>\n<meta property=\"og:url\" content=\"https:\/\/ccasa.org\/es\/\" \/>\n<meta property=\"og:site_name\" content=\"Colorado Coalition Against Sexual Assault\" \/>\n<meta property=\"article:modified_time\" content=\"2021-03-18T22:54:35+00:00\" \/>\n<meta property=\"og:image\" content=\"https:\/\/ccasa.org\/wp-content\/uploads\/2021\/01\/default-blog-image-2.jpg\" \/>\n\t<meta property=\"og:image:width\" content=\"845\" \/>\n\t<meta property=\"og:image:height\" content=\"400\" \/>\n\t<meta property=\"og:image:type\" content=\"image\/jpeg\" \/>\n<meta name=\"twitter:card\" content=\"summary_large_image\" \/>\n<meta name=\"twitter:label1\" content=\"Tiempo de lectura\" \/>\n\t<meta name=\"twitter:data1\" content=\"2 minutos\" \/>\n<script type=\"application\/ld+json\" class=\"yoast-schema-graph\">{\"@context\":\"https:\\\/\\\/schema.org\",\"@graph\":[{\"@type\":\"WebPage\",\"@id\":\"https:\\\/\\\/ccasa.org\\\/es\\\/\",\"url\":\"https:\\\/\\\/ccasa.org\\\/es\\\/\",\"name\":\"Inicio - Colorado Coalition Against Sexual Assault\",\"isPartOf\":{\"@id\":\"https:\\\/\\\/ccasa.org\\\/#website\"},\"primaryImageOfPage\":{\"@id\":\"https:\\\/\\\/ccasa.org\\\/es\\\/#primaryimage\"},\"image\":{\"@id\":\"https:\\\/\\\/ccasa.org\\\/es\\\/#primaryimage\"},\"thumbnailUrl\":\"https:\\\/\\\/ccasa.org\\\/wp-content\\\/uploads\\\/2021\\\/01\\\/default-blog-image-2.jpg\",\"datePublished\":\"2021-02-05T18:59:19+00:00\",\"dateModified\":\"2021-03-18T22:54:35+00:00\",\"description\":\"The Colorado Coalition Against Sexual Assault serves as the collective voice of rape crisis centers and other advocates in Colorado.\",\"breadcrumb\":{\"@id\":\"https:\\\/\\\/ccasa.org\\\/es\\\/#breadcrumb\"},\"inLanguage\":\"es\",\"potentialAction\":[{\"@type\":\"ReadAction\",\"target\":[\"https:\\\/\\\/ccasa.org\\\/es\\\/\"]}]},{\"@type\":\"ImageObject\",\"inLanguage\":\"es\",\"@id\":\"https:\\\/\\\/ccasa.org\\\/es\\\/#primaryimage\",\"url\":\"https:\\\/\\\/ccasa.org\\\/wp-content\\\/uploads\\\/2021\\\/01\\\/default-blog-image-2.jpg\",\"contentUrl\":\"https:\\\/\\\/ccasa.org\\\/wp-content\\\/uploads\\\/2021\\\/01\\\/default-blog-image-2.jpg\",\"width\":845,\"height\":400,\"caption\":\"Logotipo de CCASA\"},{\"@type\":\"BreadcrumbList\",\"@id\":\"https:\\\/\\\/ccasa.org\\\/es\\\/#breadcrumb\",\"itemListElement\":[{\"@type\":\"ListItem\",\"position\":1,\"name\":\"Home\",\"item\":\"https:\\\/\\\/ccasa.org\\\/es\\\/\"},{\"@type\":\"ListItem\",\"position\":2,\"name\":\"Inicio\"}]},{\"@type\":\"WebSite\",\"@id\":\"https:\\\/\\\/ccasa.org\\\/#website\",\"url\":\"https:\\\/\\\/ccasa.org\\\/\",\"name\":\"Colorado Coalition Against Sexual Assault\",\"description\":\"\",\"publisher\":{\"@id\":\"https:\\\/\\\/ccasa.org\\\/#organization\"},\"potentialAction\":[{\"@type\":\"SearchAction\",\"target\":{\"@type\":\"EntryPoint\",\"urlTemplate\":\"https:\\\/\\\/ccasa.org\\\/?s={search_term_string}\"},\"query-input\":{\"@type\":\"PropertyValueSpecification\",\"valueRequired\":true,\"valueName\":\"search_term_string\"}}],\"inLanguage\":\"es\"},{\"@type\":\"Organization\",\"@id\":\"https:\\\/\\\/ccasa.org\\\/#organization\",\"name\":\"Colorado Coalition Against Sexual Assault (CCASA)\",\"url\":\"https:\\\/\\\/ccasa.org\\\/\",\"logo\":{\"@type\":\"ImageObject\",\"inLanguage\":\"es\",\"@id\":\"https:\\\/\\\/ccasa.org\\\/#\\\/schema\\\/logo\\\/image\\\/\",\"url\":\"https:\\\/\\\/www.ccasa.org\\\/wp-content\\\/uploads\\\/2018\\\/05\\\/ccasa-logo-large_png.png\",\"contentUrl\":\"https:\\\/\\\/www.ccasa.org\\\/wp-content\\\/uploads\\\/2018\\\/05\\\/ccasa-logo-large_png.png\",\"width\":1920,\"height\":1080,\"caption\":\"Colorado Coalition Against Sexual Assault (CCASA)\"},\"image\":{\"@id\":\"https:\\\/\\\/ccasa.org\\\/#\\\/schema\\\/logo\\\/image\\\/\"}}]}<\/script>\n<!-- \/ Yoast SEO plugin. -->","yoast_head_json":{"title":"Inicio - Colorado Coalition Against Sexual Assault","description":"The Colorado Coalition Against Sexual Assault serves as the collective voice of rape crisis centers and other advocates in Colorado.","robots":{"index":"index","follow":"follow","max-snippet":"max-snippet:-1","max-image-preview":"max-image-preview:large","max-video-preview":"max-video-preview:-1"},"canonical":"https:\/\/ccasa.org\/es\/","og_locale":"es_ES","og_type":"article","og_title":"Inicio - Colorado Coalition Against Sexual Assault","og_description":"The Colorado Coalition Against Sexual Assault serves as the collective voice of rape crisis centers and other advocates in Colorado.","og_url":"https:\/\/ccasa.org\/es\/","og_site_name":"Colorado Coalition Against Sexual Assault","article_modified_time":"2021-03-18T22:54:35+00:00","og_image":[{"width":845,"height":400,"url":"https:\/\/ccasa.org\/wp-content\/uploads\/2021\/01\/default-blog-image-2.jpg","type":"image\/jpeg"}],"twitter_card":"summary_large_image","twitter_misc":{"Tiempo de lectura":"2 minutos"},"schema":{"@context":"https:\/\/schema.org","@graph":[{"@type":"WebPage","@id":"https:\/\/ccasa.org\/es\/","url":"https:\/\/ccasa.org\/es\/","name":"Inicio - Colorado Coalition Against Sexual Assault","isPartOf":{"@id":"https:\/\/ccasa.org\/#website"},"primaryImageOfPage":{"@id":"https:\/\/ccasa.org\/es\/#primaryimage"},"image":{"@id":"https:\/\/ccasa.org\/es\/#primaryimage"},"thumbnailUrl":"https:\/\/ccasa.org\/wp-content\/uploads\/2021\/01\/default-blog-image-2.jpg","datePublished":"2021-02-05T18:59:19+00:00","dateModified":"2021-03-18T22:54:35+00:00","description":"The Colorado Coalition Against Sexual Assault serves as the collective voice of rape crisis centers and other advocates in Colorado.","breadcrumb":{"@id":"https:\/\/ccasa.org\/es\/#breadcrumb"},"inLanguage":"es","potentialAction":[{"@type":"ReadAction","target":["https:\/\/ccasa.org\/es\/"]}]},{"@type":"ImageObject","inLanguage":"es","@id":"https:\/\/ccasa.org\/es\/#primaryimage","url":"https:\/\/ccasa.org\/wp-content\/uploads\/2021\/01\/default-blog-image-2.jpg","contentUrl":"https:\/\/ccasa.org\/wp-content\/uploads\/2021\/01\/default-blog-image-2.jpg","width":845,"height":400,"caption":"Logotipo de CCASA"},{"@type":"BreadcrumbList","@id":"https:\/\/ccasa.org\/es\/#breadcrumb","itemListElement":[{"@type":"ListItem","position":1,"name":"Home","item":"https:\/\/ccasa.org\/es\/"},{"@type":"ListItem","position":2,"name":"Inicio"}]},{"@type":"WebSite","@id":"https:\/\/ccasa.org\/#website","url":"https:\/\/ccasa.org\/","name":"Colorado Coalition Against Sexual Assault","description":"","publisher":{"@id":"https:\/\/ccasa.org\/#organization"},"potentialAction":[{"@type":"SearchAction","target":{"@type":"EntryPoint","urlTemplate":"https:\/\/ccasa.org\/?s={search_term_string}"},"query-input":{"@type":"PropertyValueSpecification","valueRequired":true,"valueName":"search_term_string"}}],"inLanguage":"es"},{"@type":"Organization","@id":"https:\/\/ccasa.org\/#organization","name":"Colorado Coalition Against Sexual Assault (CCASA)","url":"https:\/\/ccasa.org\/","logo":{"@type":"ImageObject","inLanguage":"es","@id":"https:\/\/ccasa.org\/#\/schema\/logo\/image\/","url":"https:\/\/www.ccasa.org\/wp-content\/uploads\/2018\/05\/ccasa-logo-large_png.png","contentUrl":"https:\/\/www.ccasa.org\/wp-content\/uploads\/2018\/05\/ccasa-logo-large_png.png","width":1920,"height":1080,"caption":"Colorado Coalition Against Sexual Assault (CCASA)"},"image":{"@id":"https:\/\/ccasa.org\/#\/schema\/logo\/image\/"}}]}},"_links":{"self":[{"href":"https:\/\/ccasa.org\/es\/wp-json\/wp\/v2\/pages\/17228","targetHints":{"allow":["GET"]}}],"collection":[{"href":"https:\/\/ccasa.org\/es\/wp-json\/wp\/v2\/pages"}],"about":[{"href":"https:\/\/ccasa.org\/es\/wp-json\/wp\/v2\/types\/page"}],"author":[{"embeddable":true,"href":"https:\/\/ccasa.org\/es\/wp-json\/wp\/v2\/users\/2"}],"replies":[{"embeddable":true,"href":"https:\/\/ccasa.org\/es\/wp-json\/wp\/v2\/comments?post=17228"}],"version-history":[{"count":0,"href":"https:\/\/ccasa.org\/es\/wp-json\/wp\/v2\/pages\/17228\/revisions"}],"wp:featuredmedia":[{"embeddable":true,"href":"https:\/\/ccasa.org\/es\/wp-json\/wp\/v2\/media\/17007"}],"wp:attachment":[{"href":"https:\/\/ccasa.org\/es\/wp-json\/wp\/v2\/media?parent=17228"}],"curies":[{"name":"wp","href":"https:\/\/api.w.org\/{rel}","templated":true}]}}